{"id":30,"date":"2021-07-07T16:36:24","date_gmt":"2021-07-07T19:36:24","guid":{"rendered":"https:\/\/congresos.unlp.edu.ar\/conebios7\/?page_id=30"},"modified":"2022-03-29T15:00:11","modified_gmt":"2022-03-29T18:00:11","slug":"cursos","status":"publish","type":"page","link":"https:\/\/congresos.unlp.edu.ar\/conebios7\/cursos\/","title":{"rendered":"Cursos"},"content":{"rendered":"<div id=\"pl-30\"  class=\"panel-layout\" ><div id=\"pg-30-0\"  class=\"panel-grid panel-no-style\" ><div id=\"pgc-30-0-0\"  class=\"panel-grid-cell\" ><div id=\"panel-30-0-0-0\" class=\"so-panel widget widget_sow-editor panel-first-child panel-last-child\" data-index=\"0\" ><div\n\t\t\t\n\t\t\tclass=\"so-widget-sow-editor so-widget-sow-editor-base\"\n\t\t\t\n\t\t>\n<div class=\"siteorigin-widget-tinymce textwidget\">\n\t<h3><strong>1) \"Ilustraci\u00f3n Cient\u00edfica: fauna del suelo\"<\/strong><\/h3>\n<h4>CURSO PRE- CONGRESO<\/h4>\n<p>Docente: Dra. Julia Rouaux, ilustradora cient\u00edfica (UNLP)<\/p>\n<p>Modalidad: virtual (v\u00eda plataforma zoom \u2013 sincr\u00f3nico)<\/p>\n<p>D\u00edas y horarios: 12 y 13 de abril, de 16 a 19 horas mas desarrollo del proyecto final.<\/p>\n<p>Para la entrega del trabajo final se dispondr\u00e1 de una semana, durante la que se podr\u00e1n realizar consultas y correcciones v\u00eda mail.<\/p>\n<p>Materiales: se entregar\u00e1 una lista de materiales recomendados para realizar las pr\u00e1cticas.<\/p>\n<p>Costo: $3000 inscriptos en el CONEBIOS y socios de la SABES \/\/ $4000 p\u00fablico general.<\/p>\n<p>Extranjeros: consultar v\u00eda mail.<\/p>\n<p>Consultas e inscripciones: \u00a0<a href=\"mailto:cursodeilustracion@gmail.com\">cursodeilustracion@gmail.com<\/a> o a trav\u00e9s del <a href=\"https:\/\/forms.gle\/kjGtwb2uN8ED7e4V7\">formulario de contacto<\/a>.<\/p>\n<\/div>\n<\/div><\/div><\/div><\/div><div id=\"pg-30-1\"  class=\"panel-grid panel-no-style\" ><div id=\"pgc-30-1-0\"  class=\"panel-grid-cell\" ><div id=\"panel-30-1-0-0\" class=\"so-panel widget widget_media_image panel-first-child panel-last-child\" data-index=\"1\" ><img loading=\"lazy\" decoding=\"async\" width=\"300\" height=\"300\" src=\"https:\/\/congresos.unlp.edu.ar\/conebios7\/wp-content\/uploads\/sites\/39\/2022\/03\/Curso-1-300x300.png\" class=\"image wp-image-469  attachment-medium size-medium\" alt=\"\" style=\"max-width: 100%; height: auto;\" srcset=\"https:\/\/congresos.unlp.edu.ar\/conebios7\/wp-content\/uploads\/sites\/39\/2022\/03\/Curso-1-300x300.png 300w, https:\/\/congresos.unlp.edu.ar\/conebios7\/wp-content\/uploads\/sites\/39\/2022\/03\/Curso-1-1024x1024.png 1024w, https:\/\/congresos.unlp.edu.ar\/conebios7\/wp-content\/uploads\/sites\/39\/2022\/03\/Curso-1-150x150.png 150w, https:\/\/congresos.unlp.edu.ar\/conebios7\/wp-content\/uploads\/sites\/39\/2022\/03\/Curso-1-768x768.png 768w, https:\/\/congresos.unlp.edu.ar\/conebios7\/wp-content\/uploads\/sites\/39\/2022\/03\/Curso-1.png 1080w\" sizes=\"auto, (max-width: 300px) 100vw, 300px\" \/><\/div><\/div><div id=\"pgc-30-1-1\"  class=\"panel-grid-cell\" ><div id=\"panel-30-1-1-0\" class=\"so-panel widget widget_text panel-first-child panel-last-child\" data-index=\"2\" >\t\t\t<div class=\"textwidget\"><p>Contenidos:<\/p>\n<ul>\n<li>Ilustraci\u00f3n Cient\u00edfica en Zoolog\u00eda, con \u00e9nfasis en insectos y \u00e1caros. T\u00e9cnicas m\u00e1s utilizadas. Documentaci\u00f3n de la especie, obtenci\u00f3n de material de referencia (fotograf\u00edas, trabajos cient\u00edficos, etc.).<\/li>\n<li>Boceto: metodolog\u00edas; c\u00f3digos espec\u00edficos de la disciplina. Realizaci\u00f3n de un boceto simple utilizando material otorgado por la docente.<\/li>\n<li>Trabajo final: realizaci\u00f3n de pr\u00e1ctica con tinta sobre papel vegetal a partir del boceto realizado anteriormente y corregido por la docente.<\/li>\n<\/ul>\n<\/div>\n\t\t<\/div><\/div><\/div><div id=\"pg-30-2\"  class=\"panel-grid panel-no-style\" ><div id=\"pgc-30-2-0\"  class=\"panel-grid-cell\" ><div id=\"panel-30-2-0-0\" class=\"so-panel widget widget_text panel-first-child panel-last-child\" data-index=\"3\" >\t\t\t<div class=\"textwidget\"><p>2)<\/p>\n<p>Taller Post- Congreso:<\/p>\n<p><strong>\u00abAn\u00e1lisis de la condici\u00f3n del suelo a partir de las comunidades de nematodos: uso de \u00edndices nematol\u00f3gicos\u00bb<\/strong><\/p>\n<p>Docentes: Dr. Eduardo Mondino;\u00a0 Mg. Claudia Azpilicueta; MSc. Ing. Agr. Julieta Thougnon Islas<\/p>\n<p>Objetivos: Conocer la contribuci\u00f3n de los nematodos como indicadores de la condici\u00f3n del suelo.<\/p>\n<p>Modalidad: Te\u00f3rico-pr\u00e1ctico (presencial en La Plata) \/\/ Duraci\u00f3n: 7 hs. \/\/\u00a0 Cupo: 15 personas<\/p>\n<p>Costo: gratuito \/\/ Fecha: 21 de Abril del 2022 (luego del Congreso)<\/p>\n<p><strong><em>ATENCION!!\u00a0 este taller es exclusivamente presencial en La Plata (no se transmitir\u00e1), y es condici\u00f3n estar inscripto en el congreso para poder tomarlo.\u00a0\u00a0<\/em><\/strong><\/p>\n<p>Consultas e inscripciones:\u00a0<a href=\"conebios7laplata@gmail.com\">conebios7laplata@gmail.com<\/a> e <a href=\"\/\/docs.google.com\/forms\/d\/e\/1FAIpQLSd3hkPPLF1Bsoey4HKYpd3CiEwQExfafoF_itK96yfAijbX1w\/viewform?embedded=true&quot; width=&quot;640&quot; height=&quot;1591&quot; frameborder=&quot;0&quot; marginheight=&quot;0&quot; marginwidth=&quot;0&quot;&gt;Cargando\u2026&lt;\/iframe&gt;\" target=\"_blank\" rel=\"noopener\">formulario<\/a><\/p>\n<\/div>\n\t\t<\/div><\/div><\/div><div id=\"pg-30-3\"  class=\"panel-grid panel-no-style\" ><div id=\"pgc-30-3-0\"  class=\"panel-grid-cell\" ><div id=\"panel-30-3-0-0\" class=\"so-panel widget widget_media_image panel-first-child panel-last-child\" data-index=\"4\" ><img loading=\"lazy\" decoding=\"async\" width=\"1080\" height=\"1080\" src=\"https:\/\/congresos.unlp.edu.ar\/conebios7\/wp-content\/uploads\/sites\/39\/2022\/03\/Copia-de-Copia-de-Copia-de-Copia-de-Copia-de-Pablito-1.png\" class=\"image wp-image-493  attachment-full size-full\" alt=\"\" style=\"max-width: 100%; height: auto;\" srcset=\"https:\/\/congresos.unlp.edu.ar\/conebios7\/wp-content\/uploads\/sites\/39\/2022\/03\/Copia-de-Copia-de-Copia-de-Copia-de-Copia-de-Pablito-1.png 1080w, https:\/\/congresos.unlp.edu.ar\/conebios7\/wp-content\/uploads\/sites\/39\/2022\/03\/Copia-de-Copia-de-Copia-de-Copia-de-Copia-de-Pablito-1-300x300.png 300w, https:\/\/congresos.unlp.edu.ar\/conebios7\/wp-content\/uploads\/sites\/39\/2022\/03\/Copia-de-Copia-de-Copia-de-Copia-de-Copia-de-Pablito-1-1024x1024.png 1024w, https:\/\/congresos.unlp.edu.ar\/conebios7\/wp-content\/uploads\/sites\/39\/2022\/03\/Copia-de-Copia-de-Copia-de-Copia-de-Copia-de-Pablito-1-150x150.png 150w, https:\/\/congresos.unlp.edu.ar\/conebios7\/wp-content\/uploads\/sites\/39\/2022\/03\/Copia-de-Copia-de-Copia-de-Copia-de-Copia-de-Pablito-1-768x768.png 768w\" sizes=\"auto, (max-width: 1080px) 100vw, 1080px\" \/><\/div><\/div><div id=\"pgc-30-3-1\"  class=\"panel-grid-cell\" ><div id=\"panel-30-3-1-0\" class=\"so-panel widget widget_text panel-first-child panel-last-child\" data-index=\"5\" >\t\t\t<div class=\"textwidget\"><p>Contenidos:<\/p>\n<p><strong>Primera parte<\/strong>: Introducci\u00f3n Nematodos. Morfolog\u00eda general. Grupos tr\u00f3ficos y escala colonizador-persistente. Introducci\u00f3n a los \u00edndices comunitarios.<\/p>\n<p>Observaci\u00f3n de nematodos bajo lupa y microscopio.<\/p>\n<p><strong>Segunda parte<\/strong>: Exposici\u00f3n de estudios de caso.<\/p>\n<p>Diagn\u00f3stico y evaluaci\u00f3n de la condici\u00f3n de la red tr\u00f3fica del suelo a trav\u00e9s de los nematodos.<\/p>\n<p>Caso 1: Ambiente natural; Caso 2: Agrosistema extensivo; Caso 3: Agrosistema intensivo (Frutihort\u00edcola)<\/p>\n<p>An\u00e1lisis de caso utilizando las herramientas on-line: Nemaplex y NINJA (Enciclopedia virtual de nematodos fitopar\u00e1sitos y del suelo).<\/p>\n<\/div>\n\t\t<\/div><\/div><\/div><div id=\"pg-30-4\"  class=\"panel-grid panel-no-style\" ><div id=\"pgc-30-4-0\"  class=\"panel-grid-cell\" ><div id=\"panel-30-4-0-0\" class=\"so-panel widget widget_media_image panel-first-child panel-last-child\" data-index=\"6\" ><img loading=\"lazy\" decoding=\"async\" width=\"150\" height=\"150\" src=\"https:\/\/congresos.unlp.edu.ar\/conebios7\/wp-content\/uploads\/sites\/39\/2022\/03\/WhatsApp-Image-2022-03-09-at-11.51.43-AM-modified-150x150.png\" class=\"image wp-image-481  attachment-thumbnail size-thumbnail\" alt=\"\" style=\"max-width: 100%; height: auto;\" srcset=\"https:\/\/congresos.unlp.edu.ar\/conebios7\/wp-content\/uploads\/sites\/39\/2022\/03\/WhatsApp-Image-2022-03-09-at-11.51.43-AM-modified-150x150.png 150w, https:\/\/congresos.unlp.edu.ar\/conebios7\/wp-content\/uploads\/sites\/39\/2022\/03\/WhatsApp-Image-2022-03-09-at-11.51.43-AM-modified.png 259w\" sizes=\"auto, (max-width: 150px) 100vw, 150px\" \/><\/div><\/div><div id=\"pgc-30-4-1\"  class=\"panel-grid-cell\" ><div id=\"panel-30-4-1-0\" class=\"so-panel widget widget_media_image panel-first-child panel-last-child\" data-index=\"7\" ><img loading=\"lazy\" decoding=\"async\" width=\"150\" height=\"150\" src=\"https:\/\/congresos.unlp.edu.ar\/conebios7\/wp-content\/uploads\/sites\/39\/2022\/03\/WhatsApp-Image-2022-03-09-at-10.34.54-AM-1-modified-150x150.png\" class=\"image wp-image-485  attachment-thumbnail size-thumbnail\" alt=\"\" style=\"max-width: 100%; height: auto;\" srcset=\"https:\/\/congresos.unlp.edu.ar\/conebios7\/wp-content\/uploads\/sites\/39\/2022\/03\/WhatsApp-Image-2022-03-09-at-10.34.54-AM-1-modified-150x150.png 150w, https:\/\/congresos.unlp.edu.ar\/conebios7\/wp-content\/uploads\/sites\/39\/2022\/03\/WhatsApp-Image-2022-03-09-at-10.34.54-AM-1-modified-300x300.png 300w, https:\/\/congresos.unlp.edu.ar\/conebios7\/wp-content\/uploads\/sites\/39\/2022\/03\/WhatsApp-Image-2022-03-09-at-10.34.54-AM-1-modified-768x768.png 768w, https:\/\/congresos.unlp.edu.ar\/conebios7\/wp-content\/uploads\/sites\/39\/2022\/03\/WhatsApp-Image-2022-03-09-at-10.34.54-AM-1-modified.png 960w\" sizes=\"auto, (max-width: 150px) 100vw, 150px\" \/><\/div><\/div><\/div><\/div>","protected":false},"excerpt":{"rendered":"<p>1) \u00abIlustraci\u00f3n Cient\u00edfica: fauna del suelo\u00bb CURSO PRE- CONGRESO Docente: Dra. Julia Rouaux, ilustradora cient\u00edfica (UNLP) Modalidad: virtual (v\u00eda plataforma zoom \u2013 sincr\u00f3nico) D\u00edas y horarios: 12 y 13 de abril, de 16 a 19 horas mas desarrollo del proyecto final. Para la entrega del trabajo final se dispondr\u00e1 de una semana, durante la que [&hellip;]<\/p>\n","protected":false},"author":2,"featured_media":0,"parent":0,"menu_order":0,"comment_status":"closed","ping_status":"closed","template":"","meta":{"advgb_blocks_editor_width":"","advgb_blocks_columns_visual_guide":"","footnotes":""},"class_list":["post-30","page","type-page","status-publish","hentry","post"],"aioseo_notices":[],"coauthors":[],"author_meta":{"author_link":"https:\/\/congresos.unlp.edu.ar\/conebios7\/author\/congresos\/","display_name":"congresos"},"relative_dates":{"created":"Publicado 5 a\u00f1os hace","modified":"Actualizado 4 a\u00f1os hace"},"absolute_dates":{"created":"Publicado el 7 julio, 2021","modified":"Actualizado el 29 marzo, 2022"},"absolute_dates_time":{"created":"Publicado el 7 julio, 2021 4:36 pm","modified":"Actualizado el 29 marzo, 2022 3:00 pm"},"featured_img_caption":"","featured_img":false,"series_order":"","_links":{"self":[{"href":"https:\/\/congresos.unlp.edu.ar\/conebios7\/wp-json\/wp\/v2\/pages\/30","targetHints":{"allow":["GET"]}}],"collection":[{"href":"https:\/\/congresos.unlp.edu.ar\/conebios7\/wp-json\/wp\/v2\/pages"}],"about":[{"href":"https:\/\/congresos.unlp.edu.ar\/conebios7\/wp-json\/wp\/v2\/types\/page"}],"author":[{"embeddable":true,"href":"https:\/\/congresos.unlp.edu.ar\/conebios7\/wp-json\/wp\/v2\/users\/2"}],"replies":[{"embeddable":true,"href":"https:\/\/congresos.unlp.edu.ar\/conebios7\/wp-json\/wp\/v2\/comments?post=30"}],"version-history":[{"count":0,"href":"https:\/\/congresos.unlp.edu.ar\/conebios7\/wp-json\/wp\/v2\/pages\/30\/revisions"}],"wp:attachment":[{"href":"https:\/\/congresos.unlp.edu.ar\/conebios7\/wp-json\/wp\/v2\/media?parent=30"}],"curies":[{"name":"wp","href":"https:\/\/api.w.org\/{rel}","templated":true}]}}