{"id":28,"date":"2021-07-07T16:35:58","date_gmt":"2021-07-07T19:35:58","guid":{"rendered":"https:\/\/congresos.unlp.edu.ar\/conebios7\/?page_id=28"},"modified":"2022-04-11T13:44:47","modified_gmt":"2022-04-11T16:44:47","slug":"entrega-de-trabajos","status":"publish","type":"page","link":"https:\/\/congresos.unlp.edu.ar\/conebios7\/entrega-de-trabajos\/","title":{"rendered":"Entrega de trabajos"},"content":{"rendered":"<div id=\"pl-28\"  class=\"panel-layout\" ><div id=\"pg-28-0\"  class=\"panel-grid panel-no-style\" ><div id=\"pgc-28-0-0\"  class=\"panel-grid-cell\" ><div id=\"panel-28-0-0-0\" class=\"so-panel widget widget_sow-editor panel-first-child panel-last-child\" data-index=\"0\" ><div\n\t\t\t\n\t\t\tclass=\"so-widget-sow-editor so-widget-sow-editor-base\"\n\t\t\t\n\t\t>\n<div class=\"siteorigin-widget-tinymce textwidget\">\n\t<p>Durante el CONEBIOS VII se podr\u00e1n realizar presentaciones enmarcadas en tres categor\u00edas: Trabajos completos, Trabajos en desarrollo y Experiencias. A su vez cualquiera de estas categor\u00edas podr\u00e1n presentarse como <strong><em>comunicaciones orales<\/em> <\/strong>(15 min) o en formato <strong><em>e-poster<\/em><\/strong> (v\u00eddeo de 5 minutos y espacio de preguntas).<\/p>\n<ul>\n<li><strong>Trabajos completos<\/strong><br \/>\nDeber\u00e1n responder claramente a alguna problem\u00e1tica de Biolog\u00eda y Ecolog\u00eda de Suelos y encuadrarse en las \u00e1reas tem\u00e1ticas propuestas en el Congreso. Los mismos contar\u00e1n con una breve introducci\u00f3n del tema, objetivos, hip\u00f3tesis, materiales y m\u00e9todos, resultados, discusi\u00f3n, conclusiones y bibliograf\u00eda. <a href=\"http:\/\/congresos.unlp.edu.ar\/conebios7\/wp-content\/uploads\/sites\/39\/2021\/11\/Modelo-Trabajo-completo-CONEBIOS-2022.docx.pdf\">Modelo Trabajos Completos<\/a><\/li>\n<li><strong>Trabajos en desarrollo<\/strong><br \/>\nTambi\u00e9n se podr\u00e1n enviar trabajos que sean parte de proyectos en ejecuci\u00f3n o avances de tesis, que se encuadren en las tem\u00e1ticas propuestas en el Congreso. Los mismos contar\u00e1n con una breve introducci\u00f3n del tema, objetivos, hip\u00f3tesis, materiales y m\u00e9todos, y de ser posible alg\u00fan resultado obtenido hasta el momento. <a href=\"http:\/\/congresos.unlp.edu.ar\/conebios7\/wp-content\/uploads\/sites\/39\/2021\/11\/Modelo-Trabajos-en-desarrollo-CONEBIOS-2022.docx.pdf\">Modelo Trabajos en Desarrollo<\/a><\/li>\n<li><strong>Experiencias<\/strong><br \/>\nLos relatos deber\u00e1n describir y\/o analizar experiencias realizadas con el fin de estudiar, mejorar, difundir, educar, etc. sobre la biota y el suelo, buscando extraer de ellas ense\u00f1anzas y principios generales que puedan servir de inspiraci\u00f3n para otros grupos. Los mismos contar\u00e1n con una breve introducci\u00f3n al tema, desarrollo de la experiencia e impacto y\/o aprendizajes logrados. <a href=\"http:\/\/congresos.unlp.edu.ar\/conebios7\/wp-content\/uploads\/sites\/39\/2021\/11\/Modelo-Experiencias-CONEBIOS-2022.docx-1.pdf\">Modelo Experiencias<\/a><\/li>\n<\/ul>\n<p><a href=\"http:\/\/congresos.unlp.edu.ar\/conebios7\/wp-content\/uploads\/sites\/39\/2021\/11\/Instructivo-e-POSTER.pdf\">Instructivo para E-P\u00f3ster<\/a><\/p>\n<p><a href=\"http:\/\/congresos.unlp.edu.ar\/conebios7\/wp-content\/uploads\/sites\/39\/2021\/11\/TUTORIAL-PARA-EL-ENVIO-DE-RESUMENES.docx.pdf\">Tutorial para realizar los ENV\u00cdOS<\/a><\/p>\n<h2><\/h2>\n<\/div>\n<\/div><\/div><\/div><\/div><\/div>","protected":false},"excerpt":{"rendered":"<p>Durante el CONEBIOS VII se podr\u00e1n realizar presentaciones enmarcadas en tres categor\u00edas: Trabajos completos, Trabajos en desarrollo y Experiencias. A su vez cualquiera de estas categor\u00edas podr\u00e1n presentarse como comunicaciones orales (15 min) o en formato e-poster (v\u00eddeo de 5 minutos y espacio de preguntas). Trabajos completos Deber\u00e1n responder claramente a alguna problem\u00e1tica de Biolog\u00eda [&hellip;]<\/p>\n","protected":false},"author":2,"featured_media":0,"parent":0,"menu_order":0,"comment_status":"closed","ping_status":"closed","template":"","meta":{"advgb_blocks_editor_width":"","advgb_blocks_columns_visual_guide":"","footnotes":""},"class_list":["post-28","page","type-page","status-publish","hentry","post"],"aioseo_notices":[],"coauthors":[],"author_meta":{"author_link":"https:\/\/congresos.unlp.edu.ar\/conebios7\/author\/congresos\/","display_name":"congresos"},"relative_dates":{"created":"Publicado 5 a\u00f1os hace","modified":"Actualizado 4 a\u00f1os hace"},"absolute_dates":{"created":"Publicado el 7 julio, 2021","modified":"Actualizado el 11 abril, 2022"},"absolute_dates_time":{"created":"Publicado el 7 julio, 2021 4:35 pm","modified":"Actualizado el 11 abril, 2022 1:44 pm"},"featured_img_caption":"","featured_img":false,"series_order":"","_links":{"self":[{"href":"https:\/\/congresos.unlp.edu.ar\/conebios7\/wp-json\/wp\/v2\/pages\/28","targetHints":{"allow":["GET"]}}],"collection":[{"href":"https:\/\/congresos.unlp.edu.ar\/conebios7\/wp-json\/wp\/v2\/pages"}],"about":[{"href":"https:\/\/congresos.unlp.edu.ar\/conebios7\/wp-json\/wp\/v2\/types\/page"}],"author":[{"embeddable":true,"href":"https:\/\/congresos.unlp.edu.ar\/conebios7\/wp-json\/wp\/v2\/users\/2"}],"replies":[{"embeddable":true,"href":"https:\/\/congresos.unlp.edu.ar\/conebios7\/wp-json\/wp\/v2\/comments?post=28"}],"version-history":[{"count":0,"href":"https:\/\/congresos.unlp.edu.ar\/conebios7\/wp-json\/wp\/v2\/pages\/28\/revisions"}],"wp:attachment":[{"href":"https:\/\/congresos.unlp.edu.ar\/conebios7\/wp-json\/wp\/v2\/media?parent=28"}],"curies":[{"name":"wp","href":"https:\/\/api.w.org\/{rel}","templated":true}]}}