{"id":24,"date":"2021-07-07T16:34:52","date_gmt":"2021-07-07T19:34:52","guid":{"rendered":"https:\/\/congresos.unlp.edu.ar\/conebios7\/?page_id=24"},"modified":"2021-12-22T13:38:01","modified_gmt":"2021-12-22T16:38:01","slug":"formulario","status":"publish","type":"page","link":"https:\/\/congresos.unlp.edu.ar\/conebios7\/formulario\/","title":{"rendered":"Formulario"},"content":{"rendered":"<div id=\"pl-24\"  class=\"panel-layout\" ><div id=\"pg-24-0\"  class=\"panel-grid panel-no-style\" ><div id=\"pgc-24-0-0\"  class=\"panel-grid-cell\" ><div id=\"panel-24-0-0-0\" class=\"so-panel widget widget_sow-editor panel-first-child\" data-index=\"0\" ><div\n\t\t\t\n\t\t\tclass=\"so-widget-sow-editor so-widget-sow-editor-base\"\n\t\t\t\n\t\t>\n<div class=\"siteorigin-widget-tinymce textwidget\">\n\t<p>Ya podes inscribirte!<\/p>\n<p>Para realizar la inscripci\u00f3n, ingresa al siguiente formulario:<\/p>\n<p><a href=\"https:\/\/forms.gle\/qz75wERm4kaNcJjN8\">https:\/\/forms.gle\/qz75wERm4kaNcJjN8<\/a><\/p>\n<\/div>\n<\/div><\/div><div id=\"panel-24-0-0-1\" class=\"so-panel widget widget_text panel-last-child\" data-index=\"1\" ><div class=\"panel-widget-style panel-widget-style-for-24-0-0-1\" >\t\t\t<div class=\"textwidget\"><p>IMPORTANTE:<\/p>\n<p>Entre el 10 de Enero y hasta el 1\u00ba d\u00eda h\u00e1bil de febrero no se efectuar\u00e1 facturaci\u00f3n.<\/p>\n<p>&nbsp;<\/p>\n<\/div>\n\t\t<\/div><\/div><\/div><\/div><\/div>","protected":false},"excerpt":{"rendered":"<p>Ya podes inscribirte!Para realizar la inscripci\u00f3n, ingresa al siguiente formulario:https:\/\/forms.gle\/qz75wERm4kaNcJjN8 IMPORTANTE: Entre el 10 de Enero y hasta el 1\u00ba d\u00eda h\u00e1bil de febrero no se efectuar\u00e1 facturaci\u00f3n. &nbsp;<\/p>\n","protected":false},"author":2,"featured_media":0,"parent":0,"menu_order":0,"comment_status":"closed","ping_status":"closed","template":"","meta":{"advgb_blocks_editor_width":"","advgb_blocks_columns_visual_guide":"","footnotes":""},"class_list":["post-24","page","type-page","status-publish","hentry","post"],"aioseo_notices":[],"coauthors":[],"author_meta":{"author_link":"https:\/\/congresos.unlp.edu.ar\/conebios7\/author\/congresos\/","display_name":"congresos"},"relative_dates":{"created":"Publicado 5 a\u00f1os hace","modified":"Actualizado 4 a\u00f1os hace"},"absolute_dates":{"created":"Publicado el 7 julio, 2021","modified":"Actualizado el 22 diciembre, 2021"},"absolute_dates_time":{"created":"Publicado el 7 julio, 2021 4:34 pm","modified":"Actualizado el 22 diciembre, 2021 1:38 pm"},"featured_img_caption":"","featured_img":false,"series_order":"","_links":{"self":[{"href":"https:\/\/congresos.unlp.edu.ar\/conebios7\/wp-json\/wp\/v2\/pages\/24","targetHints":{"allow":["GET"]}}],"collection":[{"href":"https:\/\/congresos.unlp.edu.ar\/conebios7\/wp-json\/wp\/v2\/pages"}],"about":[{"href":"https:\/\/congresos.unlp.edu.ar\/conebios7\/wp-json\/wp\/v2\/types\/page"}],"author":[{"embeddable":true,"href":"https:\/\/congresos.unlp.edu.ar\/conebios7\/wp-json\/wp\/v2\/users\/2"}],"replies":[{"embeddable":true,"href":"https:\/\/congresos.unlp.edu.ar\/conebios7\/wp-json\/wp\/v2\/comments?post=24"}],"version-history":[{"count":0,"href":"https:\/\/congresos.unlp.edu.ar\/conebios7\/wp-json\/wp\/v2\/pages\/24\/revisions"}],"wp:attachment":[{"href":"https:\/\/congresos.unlp.edu.ar\/conebios7\/wp-json\/wp\/v2\/media?parent=24"}],"curies":[{"name":"wp","href":"https:\/\/api.w.org\/{rel}","templated":true}]}}