{"id":22,"date":"2021-07-07T16:34:39","date_gmt":"2021-07-07T19:34:39","guid":{"rendered":"https:\/\/congresos.unlp.edu.ar\/conebios7\/?page_id=22"},"modified":"2022-01-02T22:17:52","modified_gmt":"2022-01-03T01:17:52","slug":"aranceles-y-modos-de-pago","status":"publish","type":"page","link":"https:\/\/congresos.unlp.edu.ar\/conebios7\/aranceles-y-modos-de-pago\/","title":{"rendered":"Aranceles y Medios de pago"},"content":{"rendered":"<div id=\"pl-22\"  class=\"panel-layout\" ><div id=\"pg-22-0\"  class=\"panel-grid panel-no-style\" ><div id=\"pgc-22-0-0\"  class=\"panel-grid-cell\" ><div id=\"panel-22-0-0-0\" class=\"so-panel widget widget_text panel-first-child\" data-index=\"0\" ><h3 class=\"widget-title\">Pasos para inscribirse<\/h3>\t\t\t<div class=\"textwidget\"><ol>\n<li>Primero chequea en el cuadro de precios el valor de la inscripci\u00f3n.<\/li>\n<li>Realiza el pago<\/li>\n<li>\u00a0A continuaci\u00f3n completa el formulario de inscripci\u00f3n. El comprobante de pago, se adjunta en el formulario de inscripci\u00f3n.<\/li>\n<li>Te llegar\u00e1 un mail de confirmaci\u00f3n.<\/li>\n<\/ol>\n<p><strong>ATENCI\u00d3N! MANTENEMOS EL COSTO DE INSCRIPCI\u00d3N UNA SEMANA M\u00c1S, HASTA EL 5 DE NOVIEMBRE!<\/strong><\/p>\n<\/div>\n\t\t<\/div><div id=\"panel-22-0-0-1\" class=\"so-panel widget widget_media_image\" data-index=\"1\" ><img loading=\"lazy\" decoding=\"async\" width=\"720\" height=\"405\" src=\"https:\/\/congresos.unlp.edu.ar\/conebios7\/wp-content\/uploads\/sites\/39\/2021\/09\/Costos-de-Inscripcion-alta-1024x576.png\" class=\"image wp-image-351  attachment-large size-large\" alt=\"\" style=\"max-width: 100%; height: auto;\" srcset=\"https:\/\/congresos.unlp.edu.ar\/conebios7\/wp-content\/uploads\/sites\/39\/2021\/09\/Costos-de-Inscripcion-alta-1024x576.png 1024w, https:\/\/congresos.unlp.edu.ar\/conebios7\/wp-content\/uploads\/sites\/39\/2021\/09\/Costos-de-Inscripcion-alta-300x169.png 300w, https:\/\/congresos.unlp.edu.ar\/conebios7\/wp-content\/uploads\/sites\/39\/2021\/09\/Costos-de-Inscripcion-alta-768x432.png 768w, https:\/\/congresos.unlp.edu.ar\/conebios7\/wp-content\/uploads\/sites\/39\/2021\/09\/Costos-de-Inscripcion-alta-1536x864.png 1536w, https:\/\/congresos.unlp.edu.ar\/conebios7\/wp-content\/uploads\/sites\/39\/2021\/09\/Costos-de-Inscripcion-alta.png 1920w\" sizes=\"auto, (max-width: 720px) 100vw, 720px\" \/><\/div><div id=\"panel-22-0-0-2\" class=\"so-panel widget widget_text panel-last-child\" data-index=\"2\" ><h3 class=\"widget-title\">Datos de Cuenta<\/h3>\t\t\t<div class=\"textwidget\"><p><b>MEDIOS DE PAGO:<\/b><\/p>\n<p><span style=\"font-weight: 400\">Transferencia a cuenta Bancaria\u00a0\u00a0\u00a0\u00a0\u00a0\u00a0\u00a0\u00a0\u00a0\u00a0\u00a0\u00a0\u00a0\u00a0\u00a0\u00a0\u00a0\u00a0\u00a0\u00a0\u00a0\u00a0\u00a0\u00a0\u00a0\u00a0\u00a0\u00a0\u00a0\u00a0\u00a0\u00a0\u00a0\u00a0\u00a0\u00a0\u00a0<\/span><\/p>\n<p><span style=\"font-weight: 400\">CBU: 0110030320003000390234<\/span><\/p>\n<p>CUIL: 30-54666670-7<\/p>\n<p><span style=\"font-weight: 400\">BANCO DE LA NACI\u00d3N ARGENTINA<\/span><\/p>\n<p><span style=\"font-weight: 400\">Facultad de Ciencias Naturales y Museo &#8211; UNLP.\u00a0<\/span><\/p>\n<p><b>IMPORTANTE: La Facultad de Ciencias Naturales y Museo, UNLP, emite facturas como instituci\u00f3n exenta equivalentes a facturas tipo C.\u00a0<\/b><\/p>\n<p>*DURANTE ENERO NO SE EMITIR\u00c1N FACTURAS! LOS PAGOS RECIBIDOS DURANTE ENERO SERAN FACTURADOS LOS PRIMEROS DIAS DE FEBRERO.<\/p>\n<p><span style=\"font-weight: 400\">Para ASOCIARTE inf\u00f3rmate en\u00a0\u00a0\u00a0\u00a0<\/span><a href=\"http:\/\/www.sabes.org.ar\/\"><span style=\"font-weight: 400\">Asociaci\u00f3n Argentina de Biolog\u00eda y Ecolog\u00eda del Suelo\u00a0<\/span><\/a><\/p>\n<p>&nbsp;<\/p>\n<\/div>\n\t\t<\/div><\/div><\/div><\/div>","protected":false},"excerpt":{"rendered":"<p>Primero chequea en el cuadro de precios el valor de la inscripci\u00f3n. Realiza el pago \u00a0A continuaci\u00f3n completa el formulario de inscripci\u00f3n. El comprobante de pago, se adjunta en el formulario de inscripci\u00f3n. Te llegar\u00e1 un mail de confirmaci\u00f3n. ATENCI\u00d3N! MANTENEMOS EL COSTO DE INSCRIPCI\u00d3N UNA SEMANA M\u00c1S, HASTA EL 5 DE NOVIEMBRE! MEDIOS DE [&hellip;]<\/p>\n","protected":false},"author":2,"featured_media":0,"parent":0,"menu_order":0,"comment_status":"closed","ping_status":"closed","template":"","meta":{"advgb_blocks_editor_width":"","advgb_blocks_columns_visual_guide":"","footnotes":""},"class_list":["post-22","page","type-page","status-publish","hentry","post"],"aioseo_notices":[],"coauthors":[],"author_meta":{"author_link":"https:\/\/congresos.unlp.edu.ar\/conebios7\/author\/congresos\/","display_name":"congresos"},"relative_dates":{"created":"Publicado 5 a\u00f1os hace","modified":"Actualizado 4 a\u00f1os hace"},"absolute_dates":{"created":"Publicado el 7 julio, 2021","modified":"Actualizado el 2 enero, 2022"},"absolute_dates_time":{"created":"Publicado el 7 julio, 2021 4:34 pm","modified":"Actualizado el 2 enero, 2022 10:17 pm"},"featured_img_caption":"","featured_img":false,"series_order":"","_links":{"self":[{"href":"https:\/\/congresos.unlp.edu.ar\/conebios7\/wp-json\/wp\/v2\/pages\/22","targetHints":{"allow":["GET"]}}],"collection":[{"href":"https:\/\/congresos.unlp.edu.ar\/conebios7\/wp-json\/wp\/v2\/pages"}],"about":[{"href":"https:\/\/congresos.unlp.edu.ar\/conebios7\/wp-json\/wp\/v2\/types\/page"}],"author":[{"embeddable":true,"href":"https:\/\/congresos.unlp.edu.ar\/conebios7\/wp-json\/wp\/v2\/users\/2"}],"replies":[{"embeddable":true,"href":"https:\/\/congresos.unlp.edu.ar\/conebios7\/wp-json\/wp\/v2\/comments?post=22"}],"version-history":[{"count":0,"href":"https:\/\/congresos.unlp.edu.ar\/conebios7\/wp-json\/wp\/v2\/pages\/22\/revisions"}],"wp:attachment":[{"href":"https:\/\/congresos.unlp.edu.ar\/conebios7\/wp-json\/wp\/v2\/media?parent=22"}],"curies":[{"name":"wp","href":"https:\/\/api.w.org\/{rel}","templated":true}]}}