{"id":20,"date":"2021-07-07T16:34:00","date_gmt":"2021-07-07T19:34:00","guid":{"rendered":"https:\/\/congresos.unlp.edu.ar\/conebios7\/?page_id=20"},"modified":"2021-09-07T19:26:53","modified_gmt":"2021-09-07T22:26:53","slug":"sabes","status":"publish","type":"page","link":"https:\/\/congresos.unlp.edu.ar\/conebios7\/sabes\/","title":{"rendered":"SABES"},"content":{"rendered":"<div id=\"pl-20\"  class=\"panel-layout\" ><div id=\"pg-20-0\"  class=\"panel-grid panel-no-style\" ><div id=\"pgc-20-0-0\"  class=\"panel-grid-cell\" ><div id=\"panel-20-0-0-0\" class=\"so-panel widget widget_text panel-first-child\" data-index=\"0\" ><h3 class=\"widget-title\">Comienzos y objetivos:<\/h3>\t\t\t<div class=\"textwidget\"><p><span style=\"font-weight: 400\">Comenzamos a gestar la <\/span><b>Asociaci\u00f3n Argentina de Biolog\u00eda y Ecolog\u00eda del Suelo <\/b><span style=\"font-weight: 400\">\u00a0en la asamblea del CONEBIOS 3, en R\u00edo Cuarto all\u00e1 por el a\u00f1o 2013. El 29 de septiembre de 2016, en la ciudad de La Plata se inici\u00f3 el tr\u00e1mite que constituy\u00f3\u00a0 formalmente a la SABES como Asociaci\u00f3n Civil con personer\u00eda jur\u00eddica y estatuto social.<\/span><\/p>\n<p><span style=\"font-weight: 400\">La SABES agrupa a investigadores,\u00a0 profesionales, estudiantes, productores agr\u00edcolas\u00a0 y aficionados dedicados al estudio de la biolog\u00eda y la ecolog\u00eda de los organismos\u00a0 responsables de las interacciones que forman y mantienen al suelo y a su producci\u00f3n, que sostiene la mayor parte de la vida en el planeta.<\/span><\/p>\n<p><span style=\"font-weight: 400\">La asociaci\u00f3n organiza cada dos a\u00f1os el CONEBIOS: Congreso de Ecolog\u00eda y Biolog\u00eda de Suelos,\u00a0 en diferentes lugares del pa\u00eds, donde se dan cita asociados e interesados de la Argentina y pa\u00edses lim\u00edtrofes para presentar sus trabajos y experiencias\u00a0 adem\u00e1s de intercambiar lo aprendido en un \u00e1mbito de respeto y colaboraci\u00f3n.<\/span><\/p>\n<p><span style=\"font-weight: 400\">Los miembros de la SABES trabajan, investigan y educan sobre temas de biolog\u00eda y ecolog\u00eda ed\u00e1fica.<\/span><\/p>\n<ul>\n<li>La SABES tiene como objetivos:<br \/>\n&#8211; Fomentar, realizar y apoyar investigaciones cient\u00edficas en temas de biolog\u00eda y ecolog\u00eda del suelo y sus organismos.<br \/>\n-Promover la formaci\u00f3n y perfeccionamiento de investigadores en biolog\u00eda y ecolog\u00eda de suelos.<br \/>\n-Contribuir con la aplicaci\u00f3n de los conocimientos cient\u00edficos a la soluci\u00f3n de problemas relacionados con el uso del suelo.<br \/>\n-Asesorar en temas de ecolog\u00eda y biolog\u00eda del suelo a autoridades civiles, instituciones de bien p\u00fablico, productores y organizaciones ciudadanas, as\u00ed como realizar informes t\u00e9cnicos y\u00a0\u00a0servicios.<br \/>\n-Vincularse con instituciones educativas para encarar proyectos de formaci\u00f3n y docencia en ecolog\u00eda y biolog\u00eda del suelo, producci\u00f3n responsable y desarrollo sustentable.<br \/>\n-Colaborar con otras instituciones que tengan objetivos afines a los propios.<\/li>\n<li>Para ello la SABES:<br \/>\n-Propicia y auspicia la realizaci\u00f3n de cursos, seminarios conferencias y talleres de estudio sobre temas relacionados con estos objetivos y la edici\u00f3n y difusi\u00f3n de publicaciones impresas y electr\u00f3nicas que traten los temas de inter\u00e9s de la Asociaci\u00f3n.<br \/>\n-Otorga premios y becas para fomento y el apoyo a la investigaci\u00f3n y formaci\u00f3n profesional y t\u00e9cnica, para promocionar las actividades de investigaci\u00f3n, formaci\u00f3n, asesoramiento y vinculaci\u00f3n con instituciones educativas.<br \/>\n-Organiza en las fechas determinadas por las asambleas, el Congreso\u00a0\u00a0de Ecolog\u00eda y Biolog\u00eda del Suelo para el intercambio cient\u00edfico y educativo en los temas de inter\u00e9s de la Asociaci\u00f3n.<\/li>\n<\/ul>\n<\/div>\n\t\t<\/div><div id=\"panel-20-0-0-1\" class=\"so-panel widget widget_text\" data-index=\"1\" ><h3 class=\"widget-title\">Para asociarte:<\/h3>\t\t\t<div class=\"textwidget\"><p><a href=\"http:\/\/www.sabes.org.ar\/civicrm\/contribute\/transact?reset=1&amp;amp;id=1\">http:\/\/www.sabes.org.ar\/civicrm\/contribute\/transact?reset=1&amp;amp;id=1<\/a><\/p>\n<\/div>\n\t\t<\/div><div id=\"panel-20-0-0-2\" class=\"so-panel widget widget_text panel-last-child\" data-index=\"2\" >\t\t\t<div class=\"textwidget\"><p><a href=\"http:\/\/www.sabes.org.ar\/\">http:\/\/www.sabes.org.ar\/<\/a><\/p>\n<\/div>\n\t\t<\/div><\/div><div id=\"pgc-20-0-1\"  class=\"panel-grid-cell\" ><div id=\"panel-20-0-1-0\" class=\"so-panel widget widget_media_image panel-first-child panel-last-child\" data-index=\"3\" ><img loading=\"lazy\" decoding=\"async\" width=\"212\" height=\"237\" src=\"https:\/\/congresos.unlp.edu.ar\/conebios7\/wp-content\/uploads\/sites\/39\/2021\/08\/descarga.png\" class=\"image wp-image-116  attachment-full size-full\" alt=\"\" style=\"max-width: 100%; height: auto;\" \/><\/div><\/div><\/div><div id=\"pg-20-1\"  class=\"panel-grid panel-no-style\" ><div id=\"pgc-20-1-0\"  class=\"panel-grid-cell panel-grid-cell-empty\" ><\/div><\/div><\/div>","protected":false},"excerpt":{"rendered":"<p>Comenzamos a gestar la Asociaci\u00f3n Argentina de Biolog\u00eda y Ecolog\u00eda del Suelo \u00a0en la asamblea del CONEBIOS 3, en R\u00edo Cuarto all\u00e1 por el a\u00f1o 2013. El 29 de septiembre de 2016, en la ciudad de La Plata se inici\u00f3 el tr\u00e1mite que constituy\u00f3\u00a0 formalmente a la SABES como Asociaci\u00f3n Civil con personer\u00eda jur\u00eddica y [&hellip;]<\/p>\n","protected":false},"author":2,"featured_media":0,"parent":0,"menu_order":0,"comment_status":"closed","ping_status":"closed","template":"","meta":{"advgb_blocks_editor_width":"","advgb_blocks_columns_visual_guide":"","footnotes":""},"class_list":["post-20","page","type-page","status-publish","hentry","post"],"aioseo_notices":[],"coauthors":[],"author_meta":{"author_link":"https:\/\/congresos.unlp.edu.ar\/conebios7\/author\/congresos\/","display_name":"congresos"},"relative_dates":{"created":"Publicado 5 a\u00f1os hace","modified":"Actualizado 5 a\u00f1os hace"},"absolute_dates":{"created":"Publicado el 7 julio, 2021","modified":"Actualizado el 7 septiembre, 2021"},"absolute_dates_time":{"created":"Publicado el 7 julio, 2021 4:34 pm","modified":"Actualizado el 7 septiembre, 2021 7:26 pm"},"featured_img_caption":"","featured_img":false,"series_order":"","_links":{"self":[{"href":"https:\/\/congresos.unlp.edu.ar\/conebios7\/wp-json\/wp\/v2\/pages\/20","targetHints":{"allow":["GET"]}}],"collection":[{"href":"https:\/\/congresos.unlp.edu.ar\/conebios7\/wp-json\/wp\/v2\/pages"}],"about":[{"href":"https:\/\/congresos.unlp.edu.ar\/conebios7\/wp-json\/wp\/v2\/types\/page"}],"author":[{"embeddable":true,"href":"https:\/\/congresos.unlp.edu.ar\/conebios7\/wp-json\/wp\/v2\/users\/2"}],"replies":[{"embeddable":true,"href":"https:\/\/congresos.unlp.edu.ar\/conebios7\/wp-json\/wp\/v2\/comments?post=20"}],"version-history":[{"count":0,"href":"https:\/\/congresos.unlp.edu.ar\/conebios7\/wp-json\/wp\/v2\/pages\/20\/revisions"}],"wp:attachment":[{"href":"https:\/\/congresos.unlp.edu.ar\/conebios7\/wp-json\/wp\/v2\/media?parent=20"}],"curies":[{"name":"wp","href":"https:\/\/api.w.org\/{rel}","templated":true}]}}