{"id":18,"date":"2021-07-07T16:33:36","date_gmt":"2021-07-07T19:33:36","guid":{"rendered":"https:\/\/congresos.unlp.edu.ar\/conebios7\/?page_id=18"},"modified":"2022-04-09T21:13:53","modified_gmt":"2022-04-10T00:13:53","slug":"comite-organizador","status":"publish","type":"page","link":"https:\/\/congresos.unlp.edu.ar\/conebios7\/comite-organizador\/","title":{"rendered":"Comisi\u00f3n Organizadora"},"content":{"rendered":"<div id=\"pl-18\"  class=\"panel-layout\" ><div id=\"pg-18-0\"  class=\"panel-grid panel-no-style\" ><div id=\"pgc-18-0-0\"  class=\"panel-grid-cell\" ><div id=\"panel-18-0-0-0\" class=\"so-panel widget widget_text panel-first-child\" data-index=\"0\" >\t\t\t<div class=\"textwidget\"><ul>\n<li><span style=\"font-weight: 400\">PRESIDENTA: Ana Salazar Mart\u00ednez (IGS, FCNyM &#8211; UNLP)<\/span><\/li>\n<li><span style=\"font-weight: 400\">VICEPRESIDENTA: Ver\u00f3nica Bernava Laborde (APN)<\/span><\/li>\n<li><span style=\"font-weight: 400\">SECRETARIAS: Cecilia Accattoli (FCNyM &#8211; UNLP, APN) y Laura Cecilia De Luca (INTA &#8211; EEA Cuenca del Salado)<\/span><\/li>\n<li><span style=\"font-weight: 400\">TESORERAS: Mar\u00eda Julia Kristensen (IGS, FCNyM &#8211; UNLP) y Laura Boff (IGS, FCNyM &#8211; UNLP)<\/span><\/li>\n<li><span style=\"font-weight: 400\">COORDINACI\u00d3N DE EVENTOS CIENT\u00cdFICOS: Julia Bazzani (CIT R\u00edo Negro, UNRN-CONICET) y Andrea Armendano (CEPAVE &#8211; CONICET)<\/span><\/li>\n<li><span style=\"font-weight: 400\">DIFUSI\u00d3N y PAGINA WEB: Marina Quiroga (CIT R\u00edo Negro, UNRN-CONICET) y Silvina Mart\u00ednez (IGS, FCNyM &#8211; UNLP, CIC)<\/span><\/li>\n<li><em>\u00c1rea Educaci\u00f3n:<\/em> Andrea Altamiranda y Evelin Narciso.<\/li>\n<li>\u00a0<em>\u00c1rea G\u00e9nero:<\/em> Ver\u00f3nica Bernava, Macarena Rionda y Adriana Fern\u00e1ndez Souto.<\/li>\n<li>COLABORADORES: Helen Escorsia G\u00f3mez; Aila Soares Ferreira; Candela Marquez; Sof\u00eda Santib\u00e1\u00f1ez; Madeleine M\u00e9ndez; Diego Sposseti; Santiago Thome Andueza.<\/li>\n<\/ul>\n<\/div>\n\t\t<\/div><div id=\"panel-18-0-0-1\" class=\"so-panel widget widget_text panel-last-child\" data-index=\"1\" ><h3 class=\"widget-title\">Sede<\/h3>\t\t\t<div class=\"textwidget\"><p>Centro de Convenciones, <strong>Edificio<\/strong> <strong>Sergio<\/strong> <strong>Karakachoff<\/strong>, de la Universidad Nacional de La Plata.<\/p>\n<p>*Para mas informaci\u00f3n sobre la ciudad ingresa <a href=\"https:\/\/turismo.laplata.gob.ar\/\">a https:\/\/turismo.laplata.gob.ar\/<\/a><\/p>\n<p>Si necesitas hospedaje, consulta precios y disponibilidad en Hotel <strong>AMAU-<\/strong>UNLP: <a href=\"http:\/\/amau.com.ar\/\">http:\/\/amau.com.ar\/<\/a><\/p>\n<p>&nbsp;<\/p>\n<\/div>\n\t\t<\/div><\/div><\/div><div id=\"pg-18-1\"  class=\"panel-grid panel-no-style\" ><div id=\"pgc-18-1-0\"  class=\"panel-grid-cell\" ><div id=\"panel-18-1-0-0\" class=\"widget_text so-panel widget widget_custom_html panel-first-child panel-last-child\" data-index=\"2\" ><div class=\"textwidget custom-html-widget\"><iframe src=\"https:\/\/www.google.com\/maps\/embed?pb=!1m14!1m8!1m3!1d13086.946602491013!2d-57.9507863!3d-34.9130578!3m2!1i1024!2i768!4f13.1!3m3!1m2!1s0x0%3A0xf80aa4ebe40a2507!2sCentro%20de%20Posgrado%20Sergio%20Karakachoff%20-%20Universidad%20Nacional%20de%20La%20Plata!5e0!3m2!1ses!2sar!4v1630972952005!5m2!1ses!2sar\" width=\"800\" height=\"600\" style=\"border:0;\" allowfullscreen=\"\" loading=\"lazy\"><\/iframe>\n<\/div><\/div><\/div><\/div><div id=\"pg-18-2\"  class=\"panel-grid panel-no-style\" ><div id=\"pgc-18-2-0\"  class=\"panel-grid-cell\" ><div id=\"panel-18-2-0-0\" class=\"so-panel widget widget_text panel-first-child panel-last-child\" data-index=\"3\" ><h3 class=\"widget-title\">Comit\u00e9 cient\u00edfico:<\/h3>\t\t\t<div class=\"textwidget\"><ul>\n<li><span style=\"font-family: 'Bahnschrift Light SemiCondensed',sans-serif\">\u00c1lvarez Fernanda<\/span><\/li>\n<li><span style=\"font-family: 'Bahnschrift Light SemiCondensed',sans-serif\">Bedano Jos\u00e9 Camilo<\/span><\/li>\n<li><span style=\"font-family: 'Bahnschrift Light SemiCondensed',sans-serif\">Covacevich Fernanda<\/span><\/li>\n<li><span style=\"font-family: 'Bahnschrift Light SemiCondensed',sans-serif\">Coviella Carlos<\/span><\/li>\n<li><span style=\"font-family: 'Bahnschrift Light SemiCondensed',sans-serif\">Dom\u00ednguez Anah\u00ed<\/span><\/li>\n<li><span style=\"font-family: 'Bahnschrift Light SemiCondensed',sans-serif\">D\u00edaz Porres M\u00f3nica<\/span><\/li>\n<li><span style=\"font-family: 'Bahnschrift Light SemiCondensed',sans-serif\">Falco Liliana<\/span><\/li>\n<li><span style=\"font-family: 'Bahnschrift Light SemiCondensed',sans-serif\">Fern\u00e1ndez Souto Adriana<\/span><\/li>\n<li><span style=\"font-family: 'Bahnschrift Light SemiCondensed',sans-serif\">Fredes\u00a0 Natalia<\/span><\/li>\n<li><span style=\"font-family: 'Bahnschrift Light SemiCondensed',sans-serif\">Garibotti Irene<\/span><\/li>\n<li><span style=\"font-family: 'Bahnschrift Light SemiCondensed',sans-serif\">Gonz\u00e1lez Sof\u00eda<\/span><\/li>\n<li><span style=\"font-family: 'Bahnschrift Light SemiCondensed',sans-serif\">Hurtado Mart\u00edn<\/span><\/li>\n<li><span style=\"font-family: 'Bahnschrift Light SemiCondensed',sans-serif\">Lopretto Estela<\/span><\/li>\n<li><span style=\"font-family: 'Bahnschrift Light SemiCondensed',sans-serif\">Mart\u00ednez Pablo<\/span><\/li>\n<li><span style=\"font-family: 'Bahnschrift Light SemiCondensed',sans-serif\">Mart\u00ednez Roberto Sim\u00f3n<\/span><\/li>\n<li><span style=\"font-family: 'Bahnschrift Light SemiCondensed',sans-serif\">Mazzarino Mar\u00eda Julia<\/span><\/li>\n<li><span style=\"font-family: 'Bahnschrift Light SemiCondensed',sans-serif\">Momo\u00a0 Fernando<\/span><\/li>\n<li><span style=\"font-family: 'Bahnschrift Light SemiCondensed',sans-serif\">Mondino Eduardo<\/span><\/li>\n<li><span style=\"font-family: 'Bahnschrift Light SemiCondensed',sans-serif\">Palacios Vargas Jos\u00e9<\/span><\/li>\n<li><span style=\"font-family: 'Bahnschrift Light SemiCondensed',sans-serif\">Porrini Dar\u00edo<\/span><\/li>\n<li><span style=\"font-family: 'Bahnschrift Light SemiCondensed',sans-serif\">Regonat Marisa E.<\/span><\/li>\n<li><span style=\"font-family: 'Bahnschrift Light SemiCondensed',sans-serif\">Reutemann Guillermo<\/span><\/li>\n<li><span style=\"font-family: 'Bahnschrift Light SemiCondensed',sans-serif\">Rionda\u00a0 Macarena<\/span><\/li>\n<li><span style=\"font-family: 'Bahnschrift Light SemiCondensed',sans-serif\">Rizzuto Susana<\/span><\/li>\n<li><span style=\"font-family: 'Bahnschrift Light SemiCondensed',sans-serif\">Saparrat Mario<\/span><\/li>\n<li><span style=\"font-family: 'Bahnschrift Light SemiCondensed',sans-serif\">Ulle Jorge<\/span><\/li>\n<li><span style=\"font-family: 'Bahnschrift Light SemiCondensed',sans-serif\">Vargas Gil Silvina<\/span><\/li>\n<\/ul>\n<\/div>\n\t\t<\/div><\/div><\/div><div id=\"pg-18-3\"  class=\"panel-grid panel-no-style\" ><div id=\"pgc-18-3-0\"  class=\"panel-grid-cell\" ><div id=\"panel-18-3-0-0\" class=\"so-panel widget widget_text panel-first-child panel-last-child\" data-index=\"4\" ><h3 class=\"widget-title\">Avales:<\/h3>\t\t\t<div class=\"textwidget\"><\/div>\n\t\t<\/div><\/div><\/div><div id=\"pg-18-4\"  class=\"panel-grid panel-no-style\" ><div id=\"pgc-18-4-0\"  class=\"panel-grid-cell\" ><div id=\"panel-18-4-0-0\" class=\"so-panel widget widget_media_image panel-first-child panel-last-child\" data-index=\"5\" ><img loading=\"lazy\" decoding=\"async\" width=\"118\" height=\"100\" src=\"https:\/\/congresos.unlp.edu.ar\/conebios7\/wp-content\/uploads\/sites\/39\/2021\/08\/inta-argentina-300x253.png\" class=\"image wp-image-167  attachment-118x100 size-118x100\" alt=\"\" style=\"max-width: 100%; height: auto;\" title=\"Avales:\" srcset=\"https:\/\/congresos.unlp.edu.ar\/conebios7\/wp-content\/uploads\/sites\/39\/2021\/08\/inta-argentina-300x253.png 300w, https:\/\/congresos.unlp.edu.ar\/conebios7\/wp-content\/uploads\/sites\/39\/2021\/08\/inta-argentina-768x648.png 768w, https:\/\/congresos.unlp.edu.ar\/conebios7\/wp-content\/uploads\/sites\/39\/2021\/08\/inta-argentina.png 951w\" sizes=\"auto, (max-width: 118px) 100vw, 118px\" \/><\/div><\/div><div id=\"pgc-18-4-1\"  class=\"panel-grid-cell\" ><div id=\"panel-18-4-1-0\" class=\"so-panel widget widget_media_image panel-first-child panel-last-child\" data-index=\"6\" ><img loading=\"lazy\" decoding=\"async\" width=\"226\" height=\"100\" src=\"https:\/\/congresos.unlp.edu.ar\/conebios7\/wp-content\/uploads\/sites\/39\/2021\/09\/logo-fcnym-color-2020-300x133.png\" class=\"image wp-image-279  attachment-226x100 size-226x100\" alt=\"\" style=\"max-width: 100%; height: auto;\" srcset=\"https:\/\/congresos.unlp.edu.ar\/conebios7\/wp-content\/uploads\/sites\/39\/2021\/09\/logo-fcnym-color-2020-300x133.png 300w, https:\/\/congresos.unlp.edu.ar\/conebios7\/wp-content\/uploads\/sites\/39\/2021\/09\/logo-fcnym-color-2020-1024x454.png 1024w, https:\/\/congresos.unlp.edu.ar\/conebios7\/wp-content\/uploads\/sites\/39\/2021\/09\/logo-fcnym-color-2020-768x340.png 768w, https:\/\/congresos.unlp.edu.ar\/conebios7\/wp-content\/uploads\/sites\/39\/2021\/09\/logo-fcnym-color-2020.png 1155w\" sizes=\"auto, (max-width: 226px) 100vw, 226px\" \/><\/div><\/div><div id=\"pgc-18-4-2\"  class=\"panel-grid-cell\" ><div id=\"panel-18-4-2-0\" class=\"so-panel widget widget_media_image panel-first-child panel-last-child\" data-index=\"7\" ><img loading=\"lazy\" decoding=\"async\" width=\"300\" height=\"93\" src=\"https:\/\/congresos.unlp.edu.ar\/conebios7\/wp-content\/uploads\/sites\/39\/2021\/08\/LOGO-IGS_preview_rev_1-300x93.png\" class=\"image wp-image-128  attachment-medium size-medium\" alt=\"\" style=\"max-width: 100%; height: auto;\" srcset=\"https:\/\/congresos.unlp.edu.ar\/conebios7\/wp-content\/uploads\/sites\/39\/2021\/08\/LOGO-IGS_preview_rev_1-300x93.png 300w, https:\/\/congresos.unlp.edu.ar\/conebios7\/wp-content\/uploads\/sites\/39\/2021\/08\/LOGO-IGS_preview_rev_1.png 324w\" sizes=\"auto, (max-width: 300px) 100vw, 300px\" \/><\/div><\/div><div id=\"pgc-18-4-3\"  class=\"panel-grid-cell\" ><div id=\"panel-18-4-3-0\" class=\"so-panel widget widget_media_image panel-first-child panel-last-child\" data-index=\"8\" ><img loading=\"lazy\" decoding=\"async\" width=\"486\" height=\"107\" src=\"https:\/\/congresos.unlp.edu.ar\/conebios7\/wp-content\/uploads\/sites\/39\/2021\/09\/Logo-IMiS_preview_rev_1-1-1-e1631292000276.png\" class=\"image wp-image-368  attachment-full size-full\" alt=\"\" style=\"max-width: 100%; height: auto;\" srcset=\"https:\/\/congresos.unlp.edu.ar\/conebios7\/wp-content\/uploads\/sites\/39\/2021\/09\/Logo-IMiS_preview_rev_1-1-1-e1631292000276.png 486w, https:\/\/congresos.unlp.edu.ar\/conebios7\/wp-content\/uploads\/sites\/39\/2021\/09\/Logo-IMiS_preview_rev_1-1-1-e1631292000276-300x66.png 300w\" sizes=\"auto, (max-width: 486px) 100vw, 486px\" \/><\/div><\/div><div id=\"pgc-18-4-4\"  class=\"panel-grid-cell\" ><div id=\"panel-18-4-4-0\" class=\"so-panel widget widget_media_image panel-first-child panel-last-child\" data-index=\"9\" ><img loading=\"lazy\" decoding=\"async\" width=\"121\" height=\"104\" src=\"https:\/\/congresos.unlp.edu.ar\/conebios7\/wp-content\/uploads\/sites\/39\/2021\/09\/images-1_preview_rev_1.png\" class=\"image wp-image-385  attachment-full size-full\" alt=\"\" style=\"max-width: 100%; height: auto;\" title=\"Avales:\" \/><\/div><\/div><\/div><div id=\"pg-18-5\"  class=\"panel-grid panel-no-style\" ><div id=\"pgc-18-5-0\"  class=\"panel-grid-cell\" ><div id=\"panel-18-5-0-0\" class=\"so-panel widget widget_text panel-first-child panel-last-child\" data-index=\"10\" ><h3 class=\"widget-title\">Auspiciantes:<\/h3>\t\t\t<div class=\"textwidget\"><\/div>\n\t\t<\/div><\/div><\/div><div id=\"pg-18-6\"  class=\"panel-grid panel-no-style\" ><div id=\"pgc-18-6-0\"  class=\"panel-grid-cell\" ><div id=\"panel-18-6-0-0\" class=\"so-panel widget widget_media_image panel-first-child panel-last-child\" data-index=\"11\" ><img loading=\"lazy\" decoding=\"async\" width=\"200\" height=\"200\" src=\"https:\/\/congresos.unlp.edu.ar\/conebios7\/wp-content\/uploads\/sites\/39\/2021\/09\/Vuelta-a-la-tierra-1-300x300.jpeg\" class=\"image wp-image-287  attachment-200x200 size-200x200\" alt=\"\" style=\"max-width: 100%; height: auto;\" srcset=\"https:\/\/congresos.unlp.edu.ar\/conebios7\/wp-content\/uploads\/sites\/39\/2021\/09\/Vuelta-a-la-tierra-1-300x300.jpeg 300w, https:\/\/congresos.unlp.edu.ar\/conebios7\/wp-content\/uploads\/sites\/39\/2021\/09\/Vuelta-a-la-tierra-1-1024x1024.jpeg 1024w, https:\/\/congresos.unlp.edu.ar\/conebios7\/wp-content\/uploads\/sites\/39\/2021\/09\/Vuelta-a-la-tierra-1-150x150.jpeg 150w, https:\/\/congresos.unlp.edu.ar\/conebios7\/wp-content\/uploads\/sites\/39\/2021\/09\/Vuelta-a-la-tierra-1-768x768.jpeg 768w, https:\/\/congresos.unlp.edu.ar\/conebios7\/wp-content\/uploads\/sites\/39\/2021\/09\/Vuelta-a-la-tierra-1.jpeg 1182w\" sizes=\"auto, (max-width: 200px) 100vw, 200px\" \/><\/div><\/div><div id=\"pgc-18-6-1\"  class=\"panel-grid-cell\" ><div id=\"panel-18-6-1-0\" class=\"so-panel widget widget_media_image panel-first-child panel-last-child\" data-index=\"12\" ><img loading=\"lazy\" decoding=\"async\" width=\"300\" height=\"161\" src=\"https:\/\/congresos.unlp.edu.ar\/conebios7\/wp-content\/uploads\/sites\/39\/2022\/04\/logo-1170597995-1598921966-03b4725c92fb7ff2dcaf922ff58e87f81598921966-480-0-1-300x161.png\" class=\"image wp-image-507  attachment-medium size-medium\" alt=\"\" style=\"max-width: 100%; height: auto;\" srcset=\"https:\/\/congresos.unlp.edu.ar\/conebios7\/wp-content\/uploads\/sites\/39\/2022\/04\/logo-1170597995-1598921966-03b4725c92fb7ff2dcaf922ff58e87f81598921966-480-0-1-300x161.png 300w, https:\/\/congresos.unlp.edu.ar\/conebios7\/wp-content\/uploads\/sites\/39\/2022\/04\/logo-1170597995-1598921966-03b4725c92fb7ff2dcaf922ff58e87f81598921966-480-0-1.png 480w\" sizes=\"auto, (max-width: 300px) 100vw, 300px\" \/><\/div><\/div><\/div><\/div>","protected":false},"excerpt":{"rendered":"<p>PRESIDENTA: Ana Salazar Mart\u00ednez (IGS, FCNyM &#8211; UNLP) VICEPRESIDENTA: Ver\u00f3nica Bernava Laborde (APN) SECRETARIAS: Cecilia Accattoli (FCNyM &#8211; UNLP, APN) y Laura Cecilia De Luca (INTA &#8211; EEA Cuenca del Salado) TESORERAS: Mar\u00eda Julia Kristensen (IGS, FCNyM &#8211; UNLP) y Laura Boff (IGS, FCNyM &#8211; UNLP) COORDINACI\u00d3N DE EVENTOS CIENT\u00cdFICOS: Julia Bazzani (CIT R\u00edo Negro, [&hellip;]<\/p>\n","protected":false},"author":2,"featured_media":0,"parent":0,"menu_order":0,"comment_status":"closed","ping_status":"closed","template":"","meta":{"advgb_blocks_editor_width":"","advgb_blocks_columns_visual_guide":"","footnotes":""},"class_list":["post-18","page","type-page","status-publish","hentry","post"],"aioseo_notices":[],"coauthors":[],"author_meta":{"author_link":"https:\/\/congresos.unlp.edu.ar\/conebios7\/author\/congresos\/","display_name":"congresos"},"relative_dates":{"created":"Publicado 5 a\u00f1os hace","modified":"Actualizado 4 a\u00f1os hace"},"absolute_dates":{"created":"Publicado el 7 julio, 2021","modified":"Actualizado el 9 abril, 2022"},"absolute_dates_time":{"created":"Publicado el 7 julio, 2021 4:33 pm","modified":"Actualizado el 9 abril, 2022 9:13 pm"},"featured_img_caption":"","featured_img":false,"series_order":"","_links":{"self":[{"href":"https:\/\/congresos.unlp.edu.ar\/conebios7\/wp-json\/wp\/v2\/pages\/18","targetHints":{"allow":["GET"]}}],"collection":[{"href":"https:\/\/congresos.unlp.edu.ar\/conebios7\/wp-json\/wp\/v2\/pages"}],"about":[{"href":"https:\/\/congresos.unlp.edu.ar\/conebios7\/wp-json\/wp\/v2\/types\/page"}],"author":[{"embeddable":true,"href":"https:\/\/congresos.unlp.edu.ar\/conebios7\/wp-json\/wp\/v2\/users\/2"}],"replies":[{"embeddable":true,"href":"https:\/\/congresos.unlp.edu.ar\/conebios7\/wp-json\/wp\/v2\/comments?post=18"}],"version-history":[{"count":0,"href":"https:\/\/congresos.unlp.edu.ar\/conebios7\/wp-json\/wp\/v2\/pages\/18\/revisions"}],"wp:attachment":[{"href":"https:\/\/congresos.unlp.edu.ar\/conebios7\/wp-json\/wp\/v2\/media?parent=18"}],"curies":[{"name":"wp","href":"https:\/\/api.w.org\/{rel}","templated":true}]}}