{"id":15,"date":"2021-07-07T16:32:40","date_gmt":"2021-07-07T19:32:40","guid":{"rendered":"https:\/\/congresos.unlp.edu.ar\/conebios7\/?page_id=15"},"modified":"2021-11-26T09:09:40","modified_gmt":"2021-11-26T12:09:40","slug":"objetivos","status":"publish","type":"page","link":"https:\/\/congresos.unlp.edu.ar\/conebios7\/objetivos\/","title":{"rendered":"\u00c1reas tem\u00e1ticas y objetivo del CONEBIOS VII"},"content":{"rendered":"<div id=\"pl-15\"  class=\"panel-layout\" ><div id=\"pg-15-0\"  class=\"panel-grid panel-no-style\" ><div id=\"pgc-15-0-0\"  class=\"panel-grid-cell\" ><div id=\"panel-15-0-0-0\" class=\"so-panel widget widget_sow-editor panel-first-child\" data-index=\"0\" ><div\n\t\t\t\n\t\t\tclass=\"so-widget-sow-editor so-widget-sow-editor-base\"\n\t\t\t\n\t\t>\n<div class=\"siteorigin-widget-tinymce textwidget\">\n\t<p>Se han establecido las siguientes \u00e1reas tem\u00e1ticas:<\/p>\n<p style=\"text-align: left\">\u2022 <em>Diversidad, Monitoreo, Indicadores, Conservaci\u00f3n<\/em><br \/><em>\u2022 Ecolog\u00eda de Poblaciones y Comunidades<\/em><br \/><em>\u2022 Funcionalidad de los Agroecosistemas<\/em><br \/><em>\u2022 Morfolog\u00eda, Fisiolog\u00eda, Taxonom\u00eda y Sistem\u00e1tica<\/em><br \/><em>\u2022 Educaci\u00f3n Ambiental<\/em><br \/><em>\u2022 G\u00e9nero: de la Diversidad del Suelo a la Diversidad de G\u00e9neros<\/em><\/p>\n<\/div>\n<\/div><\/div><div id=\"panel-15-0-0-1\" class=\"so-panel widget widget_text panel-last-child\" data-index=\"1\" >\t\t\t<div class=\"textwidget\"><p>El objetivo del CONEBIOS VII es facilitar el encuentro de quienes estudiamos al suelo y lo reconocemos como un eco-sistema cuyo desarrollo posibilita nuestra existencia.<\/p>\n<p>Los objetivos espec\u00edficos de este encuentro son:<\/p>\n<ul>\n<li>Presentar nuevos avances en investigaci\u00f3n y favorecer la participaci\u00f3n de quienes se inician en la actividad cient\u00edfica.<\/li>\n<li>Debatir sobre las situaciones que afectan el desarrollo de la investigaci\u00f3n en ecolog\u00eda y biolog\u00eda de suelos.<\/li>\n<li>Promover el debate sobre conceptos establecidos y tambi\u00e9n sobre m\u00e9todos y t\u00e9cnicas de estudio de la biota del suelo.<\/li>\n<li>Discutir la pertinencia social de la investigaci\u00f3n que desarrollamos y su ense\u00f1anza a trav\u00e9s de intervenciones en distintos niveles educativos.<\/li>\n<\/ul>\n<\/div>\n\t\t<\/div><\/div><div id=\"pgc-15-0-1\"  class=\"panel-grid-cell\" ><div id=\"panel-15-0-1-0\" class=\"so-panel widget widget_media_image panel-first-child\" data-index=\"2\" ><img loading=\"lazy\" decoding=\"async\" width=\"300\" height=\"139\" src=\"https:\/\/congresos.unlp.edu.ar\/conebios7\/wp-content\/uploads\/sites\/39\/2021\/09\/Foto-Oxyopes-salticus-1-1-1300-300x139.jpg\" class=\"image wp-image-381  attachment-medium size-medium\" alt=\"\" style=\"max-width: 100%; height: auto;\" srcset=\"https:\/\/congresos.unlp.edu.ar\/conebios7\/wp-content\/uploads\/sites\/39\/2021\/09\/Foto-Oxyopes-salticus-1-1-1300-300x139.jpg 300w, https:\/\/congresos.unlp.edu.ar\/conebios7\/wp-content\/uploads\/sites\/39\/2021\/09\/Foto-Oxyopes-salticus-1-1-1300-1024x475.jpg 1024w, https:\/\/congresos.unlp.edu.ar\/conebios7\/wp-content\/uploads\/sites\/39\/2021\/09\/Foto-Oxyopes-salticus-1-1-1300-768x357.jpg 768w, https:\/\/congresos.unlp.edu.ar\/conebios7\/wp-content\/uploads\/sites\/39\/2021\/09\/Foto-Oxyopes-salticus-1-1-1300.jpg 1079w\" sizes=\"auto, (max-width: 300px) 100vw, 300px\" \/><\/div><div id=\"panel-15-0-1-1\" class=\"so-panel widget widget_text panel-last-child\" data-index=\"3\" >\t\t\t<div class=\"textwidget\"><p><i>Oxyopes salticus<\/i> aliment\u00e1ndose de un pulg\u00f3n. Foto: Andrea Armendano<\/p>\n<\/div>\n\t\t<\/div><\/div><\/div><\/div>","protected":false},"excerpt":{"rendered":"<p>Se han establecido las siguientes \u00e1reas tem\u00e1ticas: \u2022 Diversidad, Monitoreo, Indicadores, Conservaci\u00f3n\u2022 Ecolog\u00eda de Poblaciones y Comunidades\u2022 Funcionalidad de los Agroecosistemas\u2022 Morfolog\u00eda, Fisiolog\u00eda, Taxonom\u00eda y Sistem\u00e1tica\u2022 Educaci\u00f3n Ambiental\u2022 G\u00e9nero: de la Diversidad del Suelo a la Diversidad de G\u00e9neros El objetivo del CONEBIOS VII es facilitar el encuentro de quienes estudiamos al suelo y lo [&hellip;]<\/p>\n","protected":false},"author":2,"featured_media":0,"parent":0,"menu_order":0,"comment_status":"closed","ping_status":"closed","template":"","meta":{"advgb_blocks_editor_width":"","advgb_blocks_columns_visual_guide":"","footnotes":""},"class_list":["post-15","page","type-page","status-publish","hentry","post"],"aioseo_notices":[],"coauthors":[],"author_meta":{"author_link":"https:\/\/congresos.unlp.edu.ar\/conebios7\/author\/congresos\/","display_name":"congresos"},"relative_dates":{"created":"Publicado 5 a\u00f1os hace","modified":"Actualizado 4 a\u00f1os hace"},"absolute_dates":{"created":"Publicado el 7 julio, 2021","modified":"Actualizado el 26 noviembre, 2021"},"absolute_dates_time":{"created":"Publicado el 7 julio, 2021 4:32 pm","modified":"Actualizado el 26 noviembre, 2021 9:09 am"},"featured_img_caption":"","featured_img":false,"series_order":"","_links":{"self":[{"href":"https:\/\/congresos.unlp.edu.ar\/conebios7\/wp-json\/wp\/v2\/pages\/15","targetHints":{"allow":["GET"]}}],"collection":[{"href":"https:\/\/congresos.unlp.edu.ar\/conebios7\/wp-json\/wp\/v2\/pages"}],"about":[{"href":"https:\/\/congresos.unlp.edu.ar\/conebios7\/wp-json\/wp\/v2\/types\/page"}],"author":[{"embeddable":true,"href":"https:\/\/congresos.unlp.edu.ar\/conebios7\/wp-json\/wp\/v2\/users\/2"}],"replies":[{"embeddable":true,"href":"https:\/\/congresos.unlp.edu.ar\/conebios7\/wp-json\/wp\/v2\/comments?post=15"}],"version-history":[{"count":0,"href":"https:\/\/congresos.unlp.edu.ar\/conebios7\/wp-json\/wp\/v2\/pages\/15\/revisions"}],"wp:attachment":[{"href":"https:\/\/congresos.unlp.edu.ar\/conebios7\/wp-json\/wp\/v2\/media?parent=15"}],"curies":[{"name":"wp","href":"https:\/\/api.w.org\/{rel}","templated":true}]}}