{"id":195,"date":"2023-03-14T15:14:48","date_gmt":"2023-03-14T18:14:48","guid":{"rendered":"https:\/\/congresos.unlp.edu.ar\/condetlaplata\/?page_id=195"},"modified":"2023-03-14T15:59:32","modified_gmt":"2023-03-14T18:59:32","slug":"mesa-de-trabajo-n14-turismo-y-patrimonio-cultural-alianzas-y-tensiones","status":"publish","type":"page","link":"https:\/\/congresos.unlp.edu.ar\/condetlaplata\/mesa-de-trabajo-n14-turismo-y-patrimonio-cultural-alianzas-y-tensiones\/","title":{"rendered":"Mesa de trabajo N\u00b014: Turismo y Patrimonio Cultural, alianzas y tensiones."},"content":{"rendered":"<h3><span style=\"color: #3366ff\"><strong>Eje: Turismo, territorio y patrimonio<\/strong><\/span><\/h3>\n<p><strong>Coordinadores:<\/strong><\/p>\n<p><span style=\"font-weight: 400\">Patricia Sampaoli; Universidad Nacional de la Patagonia; bonsamp@live.com.ar\u00a0<\/span><\/p>\n<p><span style=\"font-weight: 400\">Miguel \u00c1ngel Zubimendi; CONICET &#8211; Universidad Nacional de la Patagonia; mikelzubimendi@gmail.com\u00a0\u00a0<\/span><\/p>\n<p><span style=\"font-weight: 400\">Paula Diez; Universidad Nacional de la Patagonia San Juan Bosco; pdiez@uaco.unpa.edu.ar <\/span><\/p>\n<p><strong>Resumen:<\/strong><\/p>\n<p>El concepto de patrimonio cultural admite una multiplicidad de variantes y componentes que abarcan desde lo urbano, lo rural, lo art\u00edstico, lo hist\u00f3rico, y lo arquitect\u00f3nico, entre tantos otros, as\u00ed como tambi\u00e9n lo mueble, lo inmueble, lo material y lo inmaterial (Ballart, 2001). A su vez, el respeto por los bienes culturales, en tanto testimonio material y simb\u00f3lico de una cultura, se relaciona con aquello que la comunidad ha sido capaz de producir y el entorno tal como es percibido y considerado por esa comunidad. El Patrimonio es valorado entonces como recurso cultural\/identitario, pero tambi\u00e9n como recurso econ\u00f3mico\/tur\u00edstico, lo que supone conflictos y riesgos, pero tambi\u00e9n oportunidades dentro de la sociedad y moviliza a diferentes actores.<\/p>\n<p>Hoy en d\u00eda, el Patrimonio Cultural, ineludiblemente, forma parte de la agenda de las sociedades contempor\u00e1neas y del discurso de los actores pol\u00edticos, pero tambi\u00e9n de diferentes estamentos de la sociedad que participan en el rescate de elementos identitarios y de sus puestas en valor. Es, al mismo tiempo, un elemento dinamizador que revaloriza el sentimiento de pertenencia y se percibe como recurso que puede ser utilizado en propuestas de desarrollo local por medio de propuestas tur\u00edsticas que promuevan, incluso, la creaci\u00f3n de nuevas fuentes laborales, la promoci\u00f3n del arraigo o la valorizaci\u00f3n de patrimonios y saberes locales. Estas propuestas deben integrar el accionar de los tres actores esenciales para la planificaci\u00f3n ambiental y patrimonial: los administradores, las poblaciones locales y los cient\u00edficos (Di Castri, 1982).<\/p>\n<p>Las propuestas que incorporan el patrimonio cultural como atractores requieren como ideal el objetivo de mejorar la calidad de vida de las comunidades receptoras, as\u00ed como la experiencia tur\u00edstica (Venturini, 2012). Existen en la actualidad diversas muestras de los efectos tur\u00edsticos hacia el patrimonio, desde efectos deseados y proyectados hasta la degradaci\u00f3n e inclusive p\u00e9rdida de elementos y pr\u00e1cticas representativas de la cultura por presiones f\u00edsicas en edificaciones y objetos, as\u00ed como el avance de culturas homogeneizadoras dominantes en costumbres y formas de consumo. Es por ello que en esta mesa se invita a aquellos vinculados con la ense\u00f1anza, investigaci\u00f3n y la extensi\u00f3n del turismo a participar con trabajos, experiencias y reflexiones vinculadas a la gesti\u00f3n tur\u00edstica del patrimonio cultural material e inmaterial.<\/p>\n","protected":false},"excerpt":{"rendered":"<p>Eje: Turismo, territorio y patrimonio Coordinadores: Patricia Sampaoli; Universidad Nacional de la Patagonia; bonsamp@live.com.ar\u00a0 Miguel \u00c1ngel Zubimendi; CONICET &#8211; Universidad Nacional de la Patagonia; mikelzubimendi@gmail.com\u00a0\u00a0 Paula Diez; Universidad Nacional de la Patagonia San Juan Bosco; pdiez@uaco.unpa.edu.ar Resumen: El concepto de patrimonio cultural admite una multiplicidad de variantes y componentes que abarcan desde lo urbano, lo [&hellip;]<\/p>\n","protected":false},"author":169,"featured_media":0,"parent":0,"menu_order":0,"comment_status":"closed","ping_status":"closed","template":"","meta":{"advgb_blocks_editor_width":"","advgb_blocks_columns_visual_guide":"","footnotes":""},"class_list":["post-195","page","type-page","status-publish","hentry","post"],"aioseo_notices":[],"coauthors":[],"author_meta":{"author_link":"https:\/\/congresos.unlp.edu.ar\/condetlaplata\/author\/lucianarenzella\/","display_name":"lucianarenzella"},"relative_dates":{"created":"Posted 3 a\u00f1os ago","modified":"Updated 3 a\u00f1os ago"},"absolute_dates":{"created":"Posted on 14 marzo, 2023","modified":"Updated on 14 marzo, 2023"},"absolute_dates_time":{"created":"Posted on 14 marzo, 2023 3:14 pm","modified":"Updated on 14 marzo, 2023 3:59 pm"},"featured_img_caption":"","featured_img":false,"series_order":"","_links":{"self":[{"href":"https:\/\/congresos.unlp.edu.ar\/condetlaplata\/wp-json\/wp\/v2\/pages\/195","targetHints":{"allow":["GET"]}}],"collection":[{"href":"https:\/\/congresos.unlp.edu.ar\/condetlaplata\/wp-json\/wp\/v2\/pages"}],"about":[{"href":"https:\/\/congresos.unlp.edu.ar\/condetlaplata\/wp-json\/wp\/v2\/types\/page"}],"author":[{"embeddable":true,"href":"https:\/\/congresos.unlp.edu.ar\/condetlaplata\/wp-json\/wp\/v2\/users\/169"}],"replies":[{"embeddable":true,"href":"https:\/\/congresos.unlp.edu.ar\/condetlaplata\/wp-json\/wp\/v2\/comments?post=195"}],"version-history":[{"count":0,"href":"https:\/\/congresos.unlp.edu.ar\/condetlaplata\/wp-json\/wp\/v2\/pages\/195\/revisions"}],"wp:attachment":[{"href":"https:\/\/congresos.unlp.edu.ar\/condetlaplata\/wp-json\/wp\/v2\/media?parent=195"}],"curies":[{"name":"wp","href":"https:\/\/api.w.org\/{rel}","templated":true}]}}