{"id":134,"date":"2023-03-03T11:06:56","date_gmt":"2023-03-03T14:06:56","guid":{"rendered":"https:\/\/congresos.unlp.edu.ar\/condetlaplata\/?page_id=134"},"modified":"2023-03-31T11:42:52","modified_gmt":"2023-03-31T14:42:52","slug":"contactos","status":"publish","type":"page","link":"https:\/\/congresos.unlp.edu.ar\/condetlaplata\/contactos\/","title":{"rendered":"Contactos"},"content":{"rendered":"<p><strong>Correo del evento:<\/strong><\/p>\n<p><span style=\"color: #000000\">condet2023@econo.unlp.edu.ar<\/span><\/p>\n<p>&nbsp;<\/p>\n<p><strong>Locaci\u00f3n del evento:<\/strong><\/p>\n<p><span style=\"color: #000000\">FACULTAD DE CIENCIAS ECON\u00d3MICAS, UNIVERSIDAD NACIONAL DE LA PLATA<\/span><\/p>\n<p><span style=\"color: #000000\">Direcci\u00f3n: Calle 6 N\u00b0777, entre 47 y 48, La Plata, Buenos Aires, Argentina<\/span><\/p>\n<p><span style=\"color: #000000\">Departamento de Turismo: Oficina 409 (4to piso)<\/span><\/p>\n<p><span style=\"color: #000000\">Instituto de Investigaci\u00f3n en Turismo: Oficinas 429 y 431 (4to piso)<\/span><\/p>\n<hr \/>\n<p><span style=\"color: #000000\">HOTEL AMAU, UNIVERSIDAD NACIONAL DE LA PLATA<\/span><\/p>\n<p><span style=\"color: #000000\">Direcci\u00f3n: Avenida 51 N\u00b0692, entre 8 y 9, La Plata, Buenos Aires, Argentina<\/span><\/p>\n<p><span style=\"color: #000000\">Tel\u00e9fono: +54 221 445 4261<\/span><\/p>\n","protected":false},"excerpt":{"rendered":"<p>Correo del evento: condet2023@econo.unlp.edu.ar &nbsp; Locaci\u00f3n del evento: FACULTAD DE CIENCIAS ECON\u00d3MICAS, UNIVERSIDAD NACIONAL DE LA PLATA Direcci\u00f3n: Calle 6 N\u00b0777, entre 47 y 48, La Plata, Buenos Aires, Argentina Departamento de Turismo: Oficina 409 (4to piso) Instituto de Investigaci\u00f3n en Turismo: Oficinas 429 y 431 (4to piso) HOTEL AMAU, UNIVERSIDAD NACIONAL DE LA PLATA [&hellip;]<\/p>\n","protected":false},"author":169,"featured_media":0,"parent":0,"menu_order":0,"comment_status":"closed","ping_status":"closed","template":"","meta":{"advgb_blocks_editor_width":"","advgb_blocks_columns_visual_guide":"","footnotes":""},"class_list":["post-134","page","type-page","status-publish","hentry","post"],"aioseo_notices":[],"coauthors":[],"author_meta":{"author_link":"https:\/\/congresos.unlp.edu.ar\/condetlaplata\/author\/lucianarenzella\/","display_name":"lucianarenzella"},"relative_dates":{"created":"Posted 3 a\u00f1os ago","modified":"Updated 3 a\u00f1os ago"},"absolute_dates":{"created":"Posted on 3 marzo, 2023","modified":"Updated on 31 marzo, 2023"},"absolute_dates_time":{"created":"Posted on 3 marzo, 2023 11:06 am","modified":"Updated on 31 marzo, 2023 11:42 am"},"featured_img_caption":"","featured_img":false,"series_order":"","_links":{"self":[{"href":"https:\/\/congresos.unlp.edu.ar\/condetlaplata\/wp-json\/wp\/v2\/pages\/134","targetHints":{"allow":["GET"]}}],"collection":[{"href":"https:\/\/congresos.unlp.edu.ar\/condetlaplata\/wp-json\/wp\/v2\/pages"}],"about":[{"href":"https:\/\/congresos.unlp.edu.ar\/condetlaplata\/wp-json\/wp\/v2\/types\/page"}],"author":[{"embeddable":true,"href":"https:\/\/congresos.unlp.edu.ar\/condetlaplata\/wp-json\/wp\/v2\/users\/169"}],"replies":[{"embeddable":true,"href":"https:\/\/congresos.unlp.edu.ar\/condetlaplata\/wp-json\/wp\/v2\/comments?post=134"}],"version-history":[{"count":0,"href":"https:\/\/congresos.unlp.edu.ar\/condetlaplata\/wp-json\/wp\/v2\/pages\/134\/revisions"}],"wp:attachment":[{"href":"https:\/\/congresos.unlp.edu.ar\/condetlaplata\/wp-json\/wp\/v2\/media?parent=134"}],"curies":[{"name":"wp","href":"https:\/\/api.w.org\/{rel}","templated":true}]}}