{"id":7,"date":"2021-09-03T08:58:13","date_gmt":"2021-09-03T11:58:13","guid":{"rendered":"https:\/\/congresos.unlp.edu.ar\/cnza\/?page_id=7"},"modified":"2022-02-23T12:44:46","modified_gmt":"2022-02-23T15:44:46","slug":"la-sede","status":"publish","type":"page","link":"https:\/\/congresos.unlp.edu.ar\/cnza\/la-sede\/","title":{"rendered":"La sede"},"content":{"rendered":"<p>La sede del 6\u00ba Congreso Nacional de Zooarqueolog\u00eda ser\u00e1 la Facultad de Ciencias Naturales y Museo de la Universidad Nacional de La Plata (FCNyM-UNLP).<\/p>\n<p>La <a href=\"https:\/\/www.fcnym.unlp.edu.ar\/\">Facultad de Ciencias Naturales y Museo de la Universidad Nacional de La Plata<\/a>, instituci\u00f3n ampliamente reconocida como un referente de excelencia acad\u00e9mica, fue fundada en 1905 y se ubica, actualmente, en las calles 60 y 122 de la Ciudad de La Plata.<\/p>\n<p>Su larga y destacada trayectoria se basa en los grandes pilares fijados por el Estatuto de la UNLP: docencia, investigaci\u00f3n, transferencia y extensi\u00f3n.<\/p>\n<p>La propuesta institucional tiende a la formaci\u00f3n de profesionales con capacidades para la producci\u00f3n de conocimientos en las diversas \u00e1reas de acci\u00f3n de las Ciencias Naturales.<\/p>\n<p>La oferta acad\u00e9mica incluye 7 carreras de grado: Geolog\u00eda, Geoqu\u00edmica, Antropolog\u00eda y Biolog\u00eda (orientadas en: Bot\u00e1nica, Ecolog\u00eda, Paleontolog\u00eda y Zoolog\u00eda), otorgando el t\u00edtulo de Licenciatura. Alberga m\u00e1s de 3.000 estudiantes de grado, a los que se suman otros 500 de postgrado entre doctorados, maestr\u00edas y especialidades. Desde el a\u00f1o 1912, otorga el t\u00edtulo de Doctor en Ciencias Naturales.<\/p>\n<p>En sus aulas se dictan m\u00e1s de 30 cursos de posgrado por a\u00f1o, reconocidos por su nivel de excelencia. M\u00e1s de 800 docentes, de grado y postgrado, contribuyen a la formaci\u00f3n de los alumnos de las distintas carreras.<\/p>\n<p>Cuenta con 4 Institutos, 3 Centros y 10 Laboratorios de Investigaci\u00f3n, y, como caracter\u00edstica diferencial, con el Museo de Ciencias Naturales (ubicado en el Paseo del Bosque), fundado en 1889 sobre las colecciones donadas en 1877 por su primer Director, el Perito Francisco P. Moreno. Actualmente, se desempe\u00f1an all\u00ed alrededor de 700 investigadores en sus diferentes etapas formativas.<\/p>\n<p>Dispone, adem\u00e1s de la Biblioteca \u201cFlorentino Ameghino\u201d, con dos sedes. La primera se ubica en el edificio del Museo y la otra, destinada principalmente a la actividad docente, en el predio de 60 y 122 vinculada al edificio \u00e1ulico.<\/p>\n","protected":false},"excerpt":{"rendered":"<p>La sede del 6\u00ba Congreso Nacional de Zooarqueolog\u00eda ser\u00e1 la Facultad de Ciencias Naturales y Museo de la Universidad Nacional de La Plata (FCNyM-UNLP). La Facultad de Ciencias Naturales y Museo de la Universidad Nacional de La Plata, instituci\u00f3n ampliamente reconocida como un referente de excelencia acad\u00e9mica, fue fundada en 1905 y se ubica, actualmente, [&hellip;]<\/p>\n","protected":false},"author":2,"featured_media":0,"parent":0,"menu_order":0,"comment_status":"closed","ping_status":"closed","template":"","meta":{"advgb_blocks_editor_width":"","advgb_blocks_columns_visual_guide":"","footnotes":""},"class_list":["post-7","page","type-page","status-publish","hentry","post"],"aioseo_notices":[],"coauthors":[],"author_meta":{"author_link":"https:\/\/congresos.unlp.edu.ar\/cnza\/author\/congresos\/","display_name":"congresos"},"relative_dates":{"created":"Posted 5 a\u00f1os ago","modified":"Updated 4 a\u00f1os ago"},"absolute_dates":{"created":"Posted on 3 septiembre, 2021","modified":"Updated on 23 febrero, 2022"},"absolute_dates_time":{"created":"Posted on 3 septiembre, 2021 8:58 am","modified":"Updated on 23 febrero, 2022 12:44 pm"},"featured_img_caption":"","featured_img":false,"series_order":"","_links":{"self":[{"href":"https:\/\/congresos.unlp.edu.ar\/cnza\/wp-json\/wp\/v2\/pages\/7","targetHints":{"allow":["GET"]}}],"collection":[{"href":"https:\/\/congresos.unlp.edu.ar\/cnza\/wp-json\/wp\/v2\/pages"}],"about":[{"href":"https:\/\/congresos.unlp.edu.ar\/cnza\/wp-json\/wp\/v2\/types\/page"}],"author":[{"embeddable":true,"href":"https:\/\/congresos.unlp.edu.ar\/cnza\/wp-json\/wp\/v2\/users\/2"}],"replies":[{"embeddable":true,"href":"https:\/\/congresos.unlp.edu.ar\/cnza\/wp-json\/wp\/v2\/comments?post=7"}],"version-history":[{"count":0,"href":"https:\/\/congresos.unlp.edu.ar\/cnza\/wp-json\/wp\/v2\/pages\/7\/revisions"}],"wp:attachment":[{"href":"https:\/\/congresos.unlp.edu.ar\/cnza\/wp-json\/wp\/v2\/media?parent=7"}],"curies":[{"name":"wp","href":"https:\/\/api.w.org\/{rel}","templated":true}]}}