{"id":38,"date":"2021-09-03T09:06:08","date_gmt":"2021-09-03T12:06:08","guid":{"rendered":"https:\/\/congresos.unlp.edu.ar\/cnza\/?page_id=38"},"modified":"2022-11-07T10:04:47","modified_gmt":"2022-11-07T13:04:47","slug":"informacion","status":"publish","type":"page","link":"https:\/\/congresos.unlp.edu.ar\/cnza\/informacion\/","title":{"rendered":"+Informaci\u00f3n"},"content":{"rendered":"<p><strong>\u00bfC\u00f3mo llegar?<\/strong><br \/>\n<iframe loading=\"lazy\" src=\"https:\/\/www.google.com\/maps\/d\/embed?mid=1I7UJax0YxAlVwQw0cn0rz3TmJsQ&amp;ehbc=2E312F\" width=\"640\" height=\"480\"><\/iframe><\/p>\n<p><b>1) Desde Ciudad Aut\u00f3noma de Buenos Aires (CABA)<\/b><span style=\"font-weight: 400;\">: tren L\u00edneaRoca desde estaci\u00f3n Constituci\u00f3n hasta estaci\u00f3n La Plata y desde esta, mediante el tren Universitario hasta estaci\u00f3n Medicina (aproximadamente a 100 m del CNZA sede FCNyM y 400 m a la sede Museo). El servicio del tren Universitario funciona de lunes a viernes de 7:37 a 22:45, con una frecuencia muy baja.\u00a0<\/span><a href=\"https:\/\/www.argentina.gob.ar\/sites\/default\/files\/nweb_frec_horario_plaza_constitucion_-_la_plata_20_06_2022_vs_01.pdf\"><span style=\"font-weight: 400;\">Horarios L\u00ednea Roca<\/span><\/a><span style=\"font-weight: 400;\"> &#8211; <\/span><a href=\"https:\/\/www.argentina.gob.ar\/sites\/default\/files\/nweb_horario_universitario_2022-08-01.pdf\"><span style=\"font-weight: 400;\">Horarios Tren Universitario<\/span><\/a><\/p>\n<p><b>Otras opciones desde CABA<\/b><span style=\"font-weight: 400;\">: Misi\u00f3n Buenos Aires y Costera Metropolitana unen Retiro y Once con la Terminal de La Plata.<\/span><\/p>\n<p><b>2) Desde estaci\u00f3n terminal de Colectivos de La Plata (42 entre 3 y 4)<\/b><span style=\"font-weight: 400;\">: TALP (cartel con destino a La Plata) hasta 1 y 59 (a 8 cuadras de la sede FCNyM, por Av. 60).<\/span><\/p>\n<p><b>3) Desde Plaza Italia (7 y 44), Plaza San Mart\u00edn (7 y 50) y plaza Rocha (7 y 60)<\/b><span style=\"font-weight: 400;\">: colectivos de la l\u00ednea 202 (Carteles: Ax60, Cx60, Ex60) con paradas a lo largo de calle 7 (7 y 47, 7 y 49) y luego sobre 60 (Plaza Rocha, 60 y 4), incluyendo una de descenso en Facultad de Medicina, a menos de dos cuadras del 6CNZA.\u00a0<\/span><\/p>\n<p>Mapa con <a href=\"http:\/\/congresos.unlp.edu.ar\/cnza\/wp-content\/uploads\/sites\/42\/2022\/11\/Mapa-de-LP-con-ubicacion-de-sedes-4.png\">ubicaci\u00f3n de las sedes<\/a><\/p>\n<p><a href=\"https:\/\/bit.ly\/Mapa-La-Plata\">Mapa tur\u00edstico y de tr\u00e1mites<\/a> de la ciudad de La Plata<\/p>\n<p>&nbsp;<\/p>\n<p><strong>\u00bfD\u00f3nde comer?<\/strong><\/p>\n<p><a href=\"http:\/\/congresos.unlp.edu.ar\/cnza\/wp-content\/uploads\/sites\/42\/2022\/11\/Locales-gastronomicos-EMATUR-1.pdf\">Locales gastron\u00f3micos<\/a> en La Plata<\/p>\n<p><a href=\"https:\/\/docs.google.com\/document\/d\/1wRr0c4wES88qmyY4r3o5rETJcP8TsFut\/edit?usp=share_link&amp;ouid=117625845225344455290&amp;rtpof=true&amp;sd=true\">Comida sin TACC<\/a><\/p>\n<p><a href=\"https:\/\/docs.google.com\/spreadsheets\/d\/17t6sKLOSnvtem1K4nYvuRsfrKQmKxd83\/edit?usp=share_link&amp;ouid=117625845225344455290&amp;rtpof=true&amp;sd=true\">Opciones cercanas<\/a> a la sede del 6CNZA<\/p>\n<p>10% de descuento en locales del <a href=\"https:\/\/docs.google.com\/document\/d\/1CLZ4O2Vfw1WDili0aXhKt6opEARF3bdg9KBA9CbJlHY\/edit?usp=sharing\">Grupo APUNTO<\/a><\/p>\n<p>&nbsp;<\/p>\n<p><strong>\u00bfD\u00f3nde alojarme?<\/strong><\/p>\n<p><a href=\"https:\/\/bit.ly\/alojamientoslaplata\">Gu\u00eda de alojamiento<\/a> de la ciudad de La Plata<\/p>\n<p>P\u00e1gina del <a href=\"https:\/\/turismo.laplata.gob.ar\/\">Ente de Turismo de la Municipalidad de La Plata<\/a> con informaci\u00f3n sobre alojamiento, transporte, actividades, etc.<\/p>\n<p>El Hotel de la UNLP es otra de las opciones de alojamiento sugeridas. Por descuentos para participantes del 6CNZA contactarse al +54 221 5982941 \/\/ <a href=\"mailto:info@amau.com.ar\">info@amau.com.ar<\/a> \/\/ <a href=\"http:\/\/amau.com.ar\/\">http:\/\/amau.com.ar\/<\/a><\/p>\n<p><img loading=\"lazy\" decoding=\"async\" class=\"alignnone size-medium wp-image-200\" src=\"http:\/\/congresos.unlp.edu.ar\/cnza\/wp-content\/uploads\/sites\/42\/2022\/10\/Logo-AMAU-300x93.png\" alt=\"\" width=\"300\" height=\"93\" srcset=\"https:\/\/congresos.unlp.edu.ar\/cnza\/wp-content\/uploads\/sites\/42\/2022\/10\/Logo-AMAU-300x93.png 300w, https:\/\/congresos.unlp.edu.ar\/cnza\/wp-content\/uploads\/sites\/42\/2022\/10\/Logo-AMAU.png 459w\" sizes=\"auto, (max-width: 300px) 100vw, 300px\" \/><\/p>\n<p><a href=\"https:\/\/docs.google.com\/document\/d\/18zRgAtOZt7VFl-fq8IWRcqz_b5eUbFQuCKhLeov2CsY\/edit?usp=sharing\">Otras ofertas de alojamiento<\/a><\/p>\n","protected":false},"excerpt":{"rendered":"<p>\u00bfC\u00f3mo llegar? 1) Desde Ciudad Aut\u00f3noma de Buenos Aires (CABA): tren L\u00edneaRoca desde estaci\u00f3n Constituci\u00f3n hasta estaci\u00f3n La Plata y desde esta, mediante el tren Universitario hasta estaci\u00f3n Medicina (aproximadamente a 100 m del CNZA sede FCNyM y 400 m a la sede Museo). El servicio del tren Universitario funciona de lunes a viernes de [&hellip;]<\/p>\n","protected":false},"author":2,"featured_media":0,"parent":0,"menu_order":0,"comment_status":"closed","ping_status":"closed","template":"","meta":{"advgb_blocks_editor_width":"","advgb_blocks_columns_visual_guide":"","footnotes":""},"class_list":["post-38","page","type-page","status-publish","hentry","post"],"aioseo_notices":[],"coauthors":[],"author_meta":{"author_link":"https:\/\/congresos.unlp.edu.ar\/cnza\/author\/congresos\/","display_name":"congresos"},"relative_dates":{"created":"Posted 5 a\u00f1os ago","modified":"Updated 3 a\u00f1os ago"},"absolute_dates":{"created":"Posted on 3 septiembre, 2021","modified":"Updated on 7 noviembre, 2022"},"absolute_dates_time":{"created":"Posted on 3 septiembre, 2021 9:06 am","modified":"Updated on 7 noviembre, 2022 10:04 am"},"featured_img_caption":"","featured_img":false,"series_order":"","_links":{"self":[{"href":"https:\/\/congresos.unlp.edu.ar\/cnza\/wp-json\/wp\/v2\/pages\/38","targetHints":{"allow":["GET"]}}],"collection":[{"href":"https:\/\/congresos.unlp.edu.ar\/cnza\/wp-json\/wp\/v2\/pages"}],"about":[{"href":"https:\/\/congresos.unlp.edu.ar\/cnza\/wp-json\/wp\/v2\/types\/page"}],"author":[{"embeddable":true,"href":"https:\/\/congresos.unlp.edu.ar\/cnza\/wp-json\/wp\/v2\/users\/2"}],"replies":[{"embeddable":true,"href":"https:\/\/congresos.unlp.edu.ar\/cnza\/wp-json\/wp\/v2\/comments?post=38"}],"version-history":[{"count":0,"href":"https:\/\/congresos.unlp.edu.ar\/cnza\/wp-json\/wp\/v2\/pages\/38\/revisions"}],"wp:attachment":[{"href":"https:\/\/congresos.unlp.edu.ar\/cnza\/wp-json\/wp\/v2\/media?parent=38"}],"curies":[{"name":"wp","href":"https:\/\/api.w.org\/{rel}","templated":true}]}}