{"id":34,"date":"2021-09-03T09:06:27","date_gmt":"2021-09-03T12:06:27","guid":{"rendered":"https:\/\/congresos.unlp.edu.ar\/cnza\/?page_id=34"},"modified":"2022-10-07T09:29:43","modified_gmt":"2022-10-07T12:29:43","slug":"modalidades-de-inscripcion","status":"publish","type":"page","link":"https:\/\/congresos.unlp.edu.ar\/cnza\/modalidades-de-inscripcion\/","title":{"rendered":"Modalidades de inscripci\u00f3n"},"content":{"rendered":"<p>Se decidi\u00f3 que todes les participantes presenciales deben estar inscriptos y abonar seg\u00fan la categor\u00eda que corresponda, no siendo obligatorio que paguen todes les autores de un trabajo, sino solo aquelles que vayan a participar presencialmente del congreso.<\/p>\n<p>De igual manera, invitamos a que todes les participantes, incluso les estudiantes sin ponencia que no abonan inscripci\u00f3n, completen el <a href=\"https:\/\/congresos.unlp.edu.ar\/cnza\/formulario\/\">formulario<\/a> correspondiente a fin de facilitar la organizaci\u00f3n del congreso.<\/p>\n<p><strong>Solicitamos que se inscriban y abonen la inscripci\u00f3n a la brevedad posible, eso nos permitir\u00e1 conocer de antemano la cantidad de participantes y agilizar las acreditaciones en el evento.<\/strong><\/p>\n<p><strong>Aranceles:<\/strong><\/p>\n<p><img loading=\"lazy\" decoding=\"async\" class=\" wp-image-204 aligncenter\" src=\"http:\/\/congresos.unlp.edu.ar\/cnza\/wp-content\/uploads\/sites\/42\/2022\/10\/Aranceles-6cnza-1-300x124.png\" alt=\"\" width=\"431\" height=\"178\" srcset=\"https:\/\/congresos.unlp.edu.ar\/cnza\/wp-content\/uploads\/sites\/42\/2022\/10\/Aranceles-6cnza-1-300x124.png 300w, https:\/\/congresos.unlp.edu.ar\/cnza\/wp-content\/uploads\/sites\/42\/2022\/10\/Aranceles-6cnza-1.png 580w\" sizes=\"auto, (max-width: 431px) 100vw, 431px\" \/><\/p>\n<p>Les socies de la Sociedad Argentina de Antropolog\u00eda con cuota 2022 al d\u00eda tendr\u00e1n un 10% de descuento en el costo de la inscripci\u00f3n. Pueden consultar con la organizaci\u00f3n del congreso en caso de tener alguna duda sobre la posibilidad de percibir este descuento.<br \/>\nQuienes deseen abonar la inscripci\u00f3n podr\u00e1n realizar el dep\u00f3sito o transferencia bancaria en la cuenta de la Fundaci\u00f3n Museo de La Plata:<\/p>\n<p style=\"text-align: center\">Por transferencia bancaria:<br \/>\nBBVA S.A.<br \/>\nDenominaci\u00f3n: Fundaci\u00f3n Museo de La Plata \u201cFrancisco<br \/>\nPascasio Moreno\u201d<br \/>\nCta. Cte.: 093-300379\/6<br \/>\nCBU: 0170093020000030037960<br \/>\nCUIT: 30-62526995-0<\/p>\n<p style=\"text-align: center\">Por dep\u00f3sito bancario:<br \/>\nCta. Cte. BBVA S.A.<br \/>\nDenominaci\u00f3n: Fundaci\u00f3n Museo de La Plata<br \/>\nSuc: 093<br \/>\nN\u00ba Cta: 300379\/6<\/p>\n<p>Una vez realizado el pago deber\u00e1n enviar el comprobante de la transacci\u00f3n junto con los datos necesarios para la\u00a0 emisi\u00f3n de los recibos correspondientes (Nombre, Apellido, DNI o CUIT y condici\u00f3n respecto al IVA) a la casilla de correo del congreso, 6cnzooarqueologia@gmail.com, indicando en el asunto del mail la frase \u201cpago inscripci\u00f3n\u201d y apellido de qui\u00e9n corresponda (Ej: pago inscripci\u00f3n Gonz\u00e1lez).<br \/>\nLes participantes extranjeros que deseen abonar de manera anticipada la inscripci\u00f3n, antes deber\u00e1n comunicarse con la organizaci\u00f3n del congreso para coordinar el pago.<\/p>\n<p>&nbsp;<\/p>\n<p><strong>\u00a0\u00a0<\/strong><\/p>\n<p>&nbsp;<\/p>\n<p>&nbsp;<\/p>\n","protected":false},"excerpt":{"rendered":"<p>Se decidi\u00f3 que todes les participantes presenciales deben estar inscriptos y abonar seg\u00fan la categor\u00eda que corresponda, no siendo obligatorio que paguen todes les autores de un trabajo, sino solo aquelles que vayan a participar presencialmente del congreso. De igual manera, invitamos a que todes les participantes, incluso les estudiantes sin ponencia que no abonan [&hellip;]<\/p>\n","protected":false},"author":2,"featured_media":0,"parent":0,"menu_order":0,"comment_status":"closed","ping_status":"closed","template":"","meta":{"advgb_blocks_editor_width":"","advgb_blocks_columns_visual_guide":"","footnotes":""},"class_list":["post-34","page","type-page","status-publish","hentry","post"],"aioseo_notices":[],"coauthors":[],"author_meta":{"author_link":"https:\/\/congresos.unlp.edu.ar\/cnza\/author\/congresos\/","display_name":"congresos"},"relative_dates":{"created":"Posted 5 a\u00f1os ago","modified":"Updated 3 a\u00f1os ago"},"absolute_dates":{"created":"Posted on 3 septiembre, 2021","modified":"Updated on 7 octubre, 2022"},"absolute_dates_time":{"created":"Posted on 3 septiembre, 2021 9:06 am","modified":"Updated on 7 octubre, 2022 9:29 am"},"featured_img_caption":"","featured_img":false,"series_order":"","_links":{"self":[{"href":"https:\/\/congresos.unlp.edu.ar\/cnza\/wp-json\/wp\/v2\/pages\/34","targetHints":{"allow":["GET"]}}],"collection":[{"href":"https:\/\/congresos.unlp.edu.ar\/cnza\/wp-json\/wp\/v2\/pages"}],"about":[{"href":"https:\/\/congresos.unlp.edu.ar\/cnza\/wp-json\/wp\/v2\/types\/page"}],"author":[{"embeddable":true,"href":"https:\/\/congresos.unlp.edu.ar\/cnza\/wp-json\/wp\/v2\/users\/2"}],"replies":[{"embeddable":true,"href":"https:\/\/congresos.unlp.edu.ar\/cnza\/wp-json\/wp\/v2\/comments?post=34"}],"version-history":[{"count":0,"href":"https:\/\/congresos.unlp.edu.ar\/cnza\/wp-json\/wp\/v2\/pages\/34\/revisions"}],"wp:attachment":[{"href":"https:\/\/congresos.unlp.edu.ar\/cnza\/wp-json\/wp\/v2\/media?parent=34"}],"curies":[{"name":"wp","href":"https:\/\/api.w.org\/{rel}","templated":true}]}}