{"id":30,"date":"2021-09-03T09:05:49","date_gmt":"2021-09-03T12:05:49","guid":{"rendered":"https:\/\/congresos.unlp.edu.ar\/cnza\/?page_id=30"},"modified":"2022-02-23T19:37:27","modified_gmt":"2022-02-23T22:37:27","slug":"simposio-1","status":"publish","type":"page","link":"https:\/\/congresos.unlp.edu.ar\/cnza\/simposio-1\/","title":{"rendered":"Simposio 1. Perspectivas zooarqueol\u00f3gicas en el marco del Antropoceno"},"content":{"rendered":"<p>SIMPOSIO 1<\/p>\n<p><strong>PERSPECTIVAS ZOOARQUEOLOGICAS EN EL MARCO DEL ANTROPOCENO. APORTES PARA ESTUDIOS AMBIENTALES Y DE CONSERVACION.<\/strong><\/p>\n<p><strong>Coordinadores<\/strong>: <strong>Juli\u00e1n Mignino<\/strong>, IDACOR-CONICET; Museo de Antropolog\u00eda de C\u00f3rdoba, Facultad de Filosof\u00eda y Humanidades, Universidad Nacional de C\u00f3rdoba. <a href=\"mailto:julianmignino@ffyh.unc.edu.ar\">julianmignino@ffyh.unc.edu.ar<\/a><\/p>\n<p><strong>Jos\u00e9 Manuel L\u00f3pez<\/strong>, IADIZA-CONICET; Instituto de Arqueolog\u00eda y Etnolog\u00eda (Facultad de Filosof\u00eda y Letras, Universidad Nacional de Cuyo) \u2013 CCT CONICET Mendoza. <a href=\"mailto:mlopez@mendoza-conicet.gob.ar\">mlopez@mendoza-conicet.gob.ar<\/a><\/p>\n<p><strong>Relatora<\/strong>: <strong>Celeste Samec<\/strong>, Instituto de Geocronolog\u00eda y Geolog\u00eda Isot\u00f3pica \u2013 CONICET; Universidad de Buenos Aires, Buenos Aires, Argentina. <a href=\"mailto:celestesamec@gmail.com\">celestesamec@gmail.com<\/a><\/p>\n<p>&nbsp;<\/p>\n<p>Los estudios sobre conjuntos zooarqueol\u00f3gicos orientados a construir y\/o fortalecer informaci\u00f3n temporal y espacial sobre cambios culturales y biol\u00f3gicos relevantes para la conservaci\u00f3n, es una tarea a la que Lyman y Cannon (2004) definieron como zooarqueolog\u00eda aplicada (Wolverton y Lyman 2012). En este marco, proponemos un simposio destinado a todos aquellos estudios zooarqueol\u00f3gicos en los que se consideren interrogantes y objetivos relacionados no s\u00f3lo con la elaboraci\u00f3n de inferencias culturales y\/o paleoecol\u00f3gicas, sino la intersecci\u00f3n de ellas con la generaci\u00f3n de pol\u00edticas de conservaci\u00f3n y con el an\u00e1lisis del impacto antr\u00f3pico sobre los ecosistemas. En este marco, la interdisciplinariedad resulta de suma importancia. Por ello, consideramos que distintas l\u00edneas de evidencia y disciplinas pueden aportar a este tipo de estudios. De esta manera, proponemos la participaci\u00f3n de un amplio abanico de propuestas, que oscilan desde los an\u00e1lisis zooarqueol\u00f3gicos cl\u00e1sicos hasta los recientes estudios gen\u00e9ticos, en una perspectiva de la conservaci\u00f3n y de la evaluaci\u00f3n del impacto antr\u00f3pico reciente que las actividades econ\u00f3micas intensivas generan sobre los ecosistemas. Distintas l\u00edneas de evidencia tambi\u00e9n pueden sumar a este simposio, tales como las arqueol\u00f3gicas, etnohist\u00f3ricas, gen\u00e9ticas, tafon\u00f3micas, isot\u00f3picas, biol\u00f3gicas y ecol\u00f3gicas.<\/p>\n<p>Durante los \u00faltimos veinte a\u00f1os, las investigaciones zooarqueol\u00f3gicas en la Argentina han crecido de manera notable (<em>e.g. <\/em>Frontini y Escosteguy 2015, Mondini <em>et al. <\/em>2017, y referencias all\u00ed citadas). Sin embargo, consideramos que los estudios zooarqueol\u00f3gicos destinados a comprender aspectos relacionados con la conservaci\u00f3n de la naturaleza y el impacto antr\u00f3pico intensivo sobre los ecosistemas generado en a\u00f1os recientes en el marco del Antropoceno (Dirzo et al. 2014), a\u00fan son escasos y\/o adolecen de falta de sistematicidad.<\/p>\n<p>Invitamos a todas las personas que hacen investigaci\u00f3n en zooarqueolog\u00eda a enviar sus trabajos en esta l\u00ednea. Es un campo que nos desaf\u00eda a construir nuevas preguntas y dise\u00f1ar investigaciones que contemplen esta perspectiva, considerando tambi\u00e9n, distintos aspectos te\u00f3ricos y metodol\u00f3gicos sobre lo que denominamos \u201cconservaci\u00f3n\u201d y \u201cAntropoceno\u201d.<\/p>\n","protected":false},"excerpt":{"rendered":"<p>SIMPOSIO 1 PERSPECTIVAS ZOOARQUEOLOGICAS EN EL MARCO DEL ANTROPOCENO. APORTES PARA ESTUDIOS AMBIENTALES Y DE CONSERVACION. Coordinadores: Juli\u00e1n Mignino, IDACOR-CONICET; Museo de Antropolog\u00eda de C\u00f3rdoba, Facultad de Filosof\u00eda y Humanidades, Universidad Nacional de C\u00f3rdoba. julianmignino@ffyh.unc.edu.ar Jos\u00e9 Manuel L\u00f3pez, IADIZA-CONICET; Instituto de Arqueolog\u00eda y Etnolog\u00eda (Facultad de Filosof\u00eda y Letras, Universidad Nacional de Cuyo) \u2013 CCT [&hellip;]<\/p>\n","protected":false},"author":2,"featured_media":0,"parent":0,"menu_order":0,"comment_status":"closed","ping_status":"closed","template":"","meta":{"advgb_blocks_editor_width":"","advgb_blocks_columns_visual_guide":"","footnotes":""},"class_list":["post-30","page","type-page","status-publish","hentry","post"],"aioseo_notices":[],"coauthors":[],"author_meta":{"author_link":"https:\/\/congresos.unlp.edu.ar\/cnza\/author\/congresos\/","display_name":"congresos"},"relative_dates":{"created":"Posted 5 a\u00f1os ago","modified":"Updated 4 a\u00f1os ago"},"absolute_dates":{"created":"Posted on 3 septiembre, 2021","modified":"Updated on 23 febrero, 2022"},"absolute_dates_time":{"created":"Posted on 3 septiembre, 2021 9:05 am","modified":"Updated on 23 febrero, 2022 7:37 pm"},"featured_img_caption":"","featured_img":false,"series_order":"","_links":{"self":[{"href":"https:\/\/congresos.unlp.edu.ar\/cnza\/wp-json\/wp\/v2\/pages\/30","targetHints":{"allow":["GET"]}}],"collection":[{"href":"https:\/\/congresos.unlp.edu.ar\/cnza\/wp-json\/wp\/v2\/pages"}],"about":[{"href":"https:\/\/congresos.unlp.edu.ar\/cnza\/wp-json\/wp\/v2\/types\/page"}],"author":[{"embeddable":true,"href":"https:\/\/congresos.unlp.edu.ar\/cnza\/wp-json\/wp\/v2\/users\/2"}],"replies":[{"embeddable":true,"href":"https:\/\/congresos.unlp.edu.ar\/cnza\/wp-json\/wp\/v2\/comments?post=30"}],"version-history":[{"count":0,"href":"https:\/\/congresos.unlp.edu.ar\/cnza\/wp-json\/wp\/v2\/pages\/30\/revisions"}],"wp:attachment":[{"href":"https:\/\/congresos.unlp.edu.ar\/cnza\/wp-json\/wp\/v2\/media?parent=30"}],"curies":[{"name":"wp","href":"https:\/\/api.w.org\/{rel}","templated":true}]}}