{"id":28,"date":"2021-09-03T09:06:36","date_gmt":"2021-09-03T12:06:36","guid":{"rendered":"https:\/\/congresos.unlp.edu.ar\/cnza\/?page_id=28"},"modified":"2022-02-23T19:41:06","modified_gmt":"2022-02-23T22:41:06","slug":"simposio-2","status":"publish","type":"page","link":"https:\/\/congresos.unlp.edu.ar\/cnza\/simposio-2\/","title":{"rendered":"Simposio 2. Puentes metodol\u00f3gicos entre la paleoecolog\u00eda y la zooarqueolog\u00eda"},"content":{"rendered":"<p>SIMPOSIO 2<\/p>\n<p><strong>PUENTES METODOL\u00d3GICOS ENTRE LA PALEOECOLOG\u00cdA Y LA ZOOARQUEOLOG\u00cdA PARA MODELAR LA INTERACCI\u00d3N ENTRE LAS SOCIEDADES Y LOS ANIMALES.<\/strong><\/p>\n<p><strong>Coordinadores: <\/strong><strong>Nahuel A. Scheifler<\/strong>, UE INCUAPA-CONICET, Facultad de Ciencias Sociales, Universidad Nacional del Centro de la Provincia de Buenos Aires. <a href=\"mailto:nscheifler@soc.unicen.edu.ar\">nscheifler@soc.unicen.edu.ar<\/a><\/p>\n<p><strong>Sayuri Kochi<\/strong>, INGEIS- CONICET, Universidad de Buenos Aires. <a href=\"mailto:sayuri@ingeis.uba.ar\">sayuri@ingeis.uba.ar<\/a><\/p>\n<p><strong>Relator: <\/strong><strong>Gustavo Neme<\/strong>, IDEVEA-CONICET, Universidad Tecnol\u00f3gica Nacional. San Rafael, Mendoza, Argentina. <a href=\"mailto:gneme@mendoza-conicet.gob.ar\">gneme@mendoza-conicet.gob.ar<\/a><\/p>\n<p>&nbsp;<\/p>\n<p>El conocimiento de la ecolog\u00eda y biolog\u00eda de los animales que convivieron con los humanos en el pasado es clave para evaluar la interrelaci\u00f3n entre ellos en el marco de las investigaciones zooarqueol\u00f3gicas. El aprovechamiento humano de los recursos faun\u00edsticos se encuentra mediado por caracter\u00edsticas biol\u00f3gicas como el tama\u00f1o, la locomoci\u00f3n de las presas, las condiciones nutricionales y la oferta de productos secundarios, entre otros. Al mismo tiempo depende de diversos aspectos conductuales: por ejemplo, los h\u00e1bitos migratorios y rangos de acci\u00f3n, el tama\u00f1o del grupo y el h\u00e1bitat. Los enfoques multidimensionales tambi\u00e9n consideran, junto a los factores mencionados, otros criterios como la apariencia visual de los animales.<\/p>\n<p>Las reconstrucciones paleoecol\u00f3gicas ofrecen las bases fundamentales para que los modelos zooarqueol\u00f3gicos puedan derivar expectativas adecuadas acerca del aprovechamiento de los recursos faun\u00edsticos en diferentes per\u00edodos del pasado. Por lo tanto, uno de los objetivos es la caracterizaci\u00f3n del nicho ecol\u00f3gico de las diferentes especies en el pasado, y la evaluaci\u00f3n de los cambios en los nichos en funci\u00f3n de las interacciones hist\u00f3ricas entre los humanos y los animales. A su vez, el potencial de los modelos paleoecol\u00f3gicos depende necesariamente de la construcci\u00f3n de marcos de referencia con animales modernos. Dichos marcos eval\u00faan la relaci\u00f3n de diferentes variables ambientales y biol\u00f3gicas con las propiedades de los diferentes tejidos animales, por lo que este conocimiento determina los alcances y los l\u00edmites de las interpretaciones sobre la paleoecolog\u00eda y la subsistencia humana a partir de la evidencia zooarqueol\u00f3gica.<\/p>\n<p>La presente propuesta de simposio convoca trabajos que apliquen metodolog\u00edas para realizar reconstrucciones de diferentes aspectos de la ecolog\u00eda y\/o biolog\u00eda de los animales, as\u00ed como proyectos orientados a la generaci\u00f3n de marcos de referencia con animales modernos. Algunos ejemplos de estos son: -An\u00e1lisis de is\u00f3topos estables para realizar reconstrucciones del nicho, crecimiento y desarrollo, comportamientos migratorios y patrones de movimientos de animales silvestres y domesticados; -Herramientas arqueom\u00e9tricas y moleculares para el estudio de variaciones en la distribuci\u00f3n y demograf\u00eda de las especies; -Desarrollo de estudios tafon\u00f3micos para la evaluaci\u00f3n de las interacciones entre predadores naturales y humanos a trav\u00e9s del tiempo y el espacio; -Aplicaci\u00f3n de t\u00e9cnicas osteom\u00e9tricas, estimaciones etarias y sexuales para la investigaci\u00f3n de la coevoluci\u00f3n entre cazadores y presas; -An\u00e1lisis paleopatol\u00f3gicos para la realizaci\u00f3n de reconstrucciones etol\u00f3gicas y su relaci\u00f3n con estrategias de caza.<\/p>\n<p>Este panorama general incluye metodolog\u00edas y temas que necesariamente poseen una perspectiva actualista e interdisciplinaria para la construcci\u00f3n de ideas sobre las sociedades humanas del pasado. En s\u00edntesis, esta propuesta de simposio busca integrar y generar un espacio de discusi\u00f3n sobre una tem\u00e1tica cl\u00e1sica dentro de la zooarqueolog\u00eda como es la paleoecolog\u00eda, pero que se mantiene en crecimiento por la innovaci\u00f3n constante de las estrategias metodol\u00f3gicas que permiten ampliar nuestra comprensi\u00f3n de las relaciones entre los humanos y diferentes especies faun\u00edsticas.<\/p>\n","protected":false},"excerpt":{"rendered":"<p>SIMPOSIO 2 PUENTES METODOL\u00d3GICOS ENTRE LA PALEOECOLOG\u00cdA Y LA ZOOARQUEOLOG\u00cdA PARA MODELAR LA INTERACCI\u00d3N ENTRE LAS SOCIEDADES Y LOS ANIMALES. Coordinadores: Nahuel A. Scheifler, UE INCUAPA-CONICET, Facultad de Ciencias Sociales, Universidad Nacional del Centro de la Provincia de Buenos Aires. nscheifler@soc.unicen.edu.ar Sayuri Kochi, INGEIS- CONICET, Universidad de Buenos Aires. sayuri@ingeis.uba.ar Relator: Gustavo Neme, IDEVEA-CONICET, Universidad [&hellip;]<\/p>\n","protected":false},"author":2,"featured_media":0,"parent":0,"menu_order":0,"comment_status":"closed","ping_status":"closed","template":"","meta":{"advgb_blocks_editor_width":"","advgb_blocks_columns_visual_guide":"","footnotes":""},"class_list":["post-28","page","type-page","status-publish","hentry","post"],"aioseo_notices":[],"coauthors":[],"author_meta":{"author_link":"https:\/\/congresos.unlp.edu.ar\/cnza\/author\/congresos\/","display_name":"congresos"},"relative_dates":{"created":"Posted 5 a\u00f1os ago","modified":"Updated 4 a\u00f1os ago"},"absolute_dates":{"created":"Posted on 3 septiembre, 2021","modified":"Updated on 23 febrero, 2022"},"absolute_dates_time":{"created":"Posted on 3 septiembre, 2021 9:06 am","modified":"Updated on 23 febrero, 2022 7:41 pm"},"featured_img_caption":"","featured_img":false,"series_order":"","_links":{"self":[{"href":"https:\/\/congresos.unlp.edu.ar\/cnza\/wp-json\/wp\/v2\/pages\/28","targetHints":{"allow":["GET"]}}],"collection":[{"href":"https:\/\/congresos.unlp.edu.ar\/cnza\/wp-json\/wp\/v2\/pages"}],"about":[{"href":"https:\/\/congresos.unlp.edu.ar\/cnza\/wp-json\/wp\/v2\/types\/page"}],"author":[{"embeddable":true,"href":"https:\/\/congresos.unlp.edu.ar\/cnza\/wp-json\/wp\/v2\/users\/2"}],"replies":[{"embeddable":true,"href":"https:\/\/congresos.unlp.edu.ar\/cnza\/wp-json\/wp\/v2\/comments?post=28"}],"version-history":[{"count":0,"href":"https:\/\/congresos.unlp.edu.ar\/cnza\/wp-json\/wp\/v2\/pages\/28\/revisions"}],"wp:attachment":[{"href":"https:\/\/congresos.unlp.edu.ar\/cnza\/wp-json\/wp\/v2\/media?parent=28"}],"curies":[{"name":"wp","href":"https:\/\/api.w.org\/{rel}","templated":true}]}}