{"id":26,"date":"2021-09-03T09:06:54","date_gmt":"2021-09-03T12:06:54","guid":{"rendered":"https:\/\/congresos.unlp.edu.ar\/cnza\/?page_id=26"},"modified":"2022-02-23T19:49:23","modified_gmt":"2022-02-23T22:49:23","slug":"simposio-3","status":"publish","type":"page","link":"https:\/\/congresos.unlp.edu.ar\/cnza\/simposio-3\/","title":{"rendered":"Simposio 3. M\u00faltiples perspectivas para el estudio del pastoreo"},"content":{"rendered":"<p>SIMPOSIO 3<\/p>\n<p><strong>M\u00daLTIPLES PERSPECTIVAS PARA EL ESTUDIO DEL PASTOREO EN LOS ANDES CENTRO-SUR Y SIERRAS CENTRALES DE ARGENTINA. DISTINTAS L\u00cdNEAS DE EVIDENCIA Y CASOS DE ESTUDIO.<\/strong><\/p>\n<p><strong>Coordinadores: <\/strong><strong>Pablo Mercolli<\/strong>, Facultad de Filosof\u00eda y Letras. UBA, Instituto de Tilcara. <a href=\"mailto:pmercolli@hotmail.com\">pmercolli@hotmail.com<\/a><\/p>\n<p><strong>Enrique Moreno<\/strong>, Posgrado en Arqueolog\u00eda, Universidad Nacional de Catamarca. CONICET Catamarca. <a href=\"mailto:enalmor@gmail.com\">enalmor@gmail.com<\/a><\/p>\n<p><strong>Relatora: <\/strong><strong>Jennifer Grant<\/strong>, Instituto Nacional de Antropolog\u00eda y Pensamiento Latinoamericano (CONICET-UBA).\u00a0 <a href=\"mailto:jennygrantlett@gmail.com\">jennygrantlett@gmail.com<\/a><\/p>\n<p>&nbsp;<\/p>\n<p>Se ha definido al pastoreo como un sistema econ\u00f3mico basado en la crianza de animales dom\u00e9sticos tenidos en propiedad. Por lo tanto, se podr\u00eda afirmar que es asimismo una de las formas de interacci\u00f3n entre poblaciones humanas y cam\u00e9lidos sudamericanos m\u00e1s importantes que se han dado en la historia de los Andes Centro-Sur. Tal es as\u00ed que, desde el inicio del proceso de domesticaci\u00f3n hasta nuestros d\u00edas, se establecieron, modificaron y reprodujeron diversas formas de desarrollar esta actividad. Por otra parte, las v\u00edas metodol\u00f3gicas desarrolladas por la arqueolog\u00eda y otras disciplinas para investigar la tem\u00e1tica en cuesti\u00f3n son diversas (estudios taxon\u00f3micos y osteom\u00e9tricos, an\u00e1lisis de is\u00f3topos estables, evaluaciones del paisaje y las modalidades de ocupaci\u00f3n del mismo, estudios etnoarqueol\u00f3gicos y etnogr\u00e1ficos, pr\u00e1cticas de movilidad a corta, mediana y larga distancia, etc. han aportado a la comprensi\u00f3n de este fen\u00f3meno.<\/p>\n<p>En la presente propuesta, el inter\u00e9s radica en abrir un espacio de intercambio de ideas y experiencias en torno al estudio del origen, desarrollo, transformaci\u00f3n y continuidad del pastoreo de cam\u00e9lidos sudamericanos en el \u00e1mbito del Noroeste Argentino, pero tambi\u00e9n de regiones argentinas y pa\u00edses vecinos que comparten esta historia. La iniciativa considera como principal objetivo, la presentaci\u00f3n de estudios que versen sobre esta tem\u00e1tica desde m\u00faltiples perspectivas te\u00f3ricas y metodol\u00f3gicas y casos de estudios. Algunos de los potenciales temas a considerar son:<\/p>\n<p>-Estudios de conjuntos faun\u00edsticos que analicen el rol jugado por el pastoreo.<\/p>\n<p>-Perspectivas arqueom\u00e9tricas para el estudio del pastoreo (Is\u00f3topos estables, dieta, paleosuelos, etc.).<\/p>\n<p>-Estudios del paisaje pastoril. Formas de manejo espacial del pastoreo en diferentes ambientes y a trav\u00e9s del tiempo.<\/p>\n<p>-Caravaneo, intercambio y relaciones sociales. Aporte del pastoreo en la construcci\u00f3n de relaciones de larga distancia y duraci\u00f3n.<\/p>\n<p>-Perspectivas etnogr\u00e1ficas y etnoarqueol\u00f3gicas sobre el pastoreo.<\/p>\n<p>-Avances en torno a la reflexi\u00f3n te\u00f3rica-metodol\u00f3gica sobre esta forma de relacionamiento.<\/p>\n<p>-Perspectivas que eval\u00faen los cambios y continuidades en esta pr\u00e1ctica.<\/p>\n","protected":false},"excerpt":{"rendered":"<p>SIMPOSIO 3 M\u00daLTIPLES PERSPECTIVAS PARA EL ESTUDIO DEL PASTOREO EN LOS ANDES CENTRO-SUR Y SIERRAS CENTRALES DE ARGENTINA. DISTINTAS L\u00cdNEAS DE EVIDENCIA Y CASOS DE ESTUDIO. Coordinadores: Pablo Mercolli, Facultad de Filosof\u00eda y Letras. UBA, Instituto de Tilcara. pmercolli@hotmail.com Enrique Moreno, Posgrado en Arqueolog\u00eda, Universidad Nacional de Catamarca. CONICET Catamarca. enalmor@gmail.com Relatora: Jennifer Grant, Instituto [&hellip;]<\/p>\n","protected":false},"author":2,"featured_media":0,"parent":0,"menu_order":0,"comment_status":"closed","ping_status":"closed","template":"","meta":{"advgb_blocks_editor_width":"","advgb_blocks_columns_visual_guide":"","footnotes":""},"class_list":["post-26","page","type-page","status-publish","hentry","post"],"aioseo_notices":[],"coauthors":[],"author_meta":{"author_link":"https:\/\/congresos.unlp.edu.ar\/cnza\/author\/congresos\/","display_name":"congresos"},"relative_dates":{"created":"Posted 5 a\u00f1os ago","modified":"Updated 4 a\u00f1os ago"},"absolute_dates":{"created":"Posted on 3 septiembre, 2021","modified":"Updated on 23 febrero, 2022"},"absolute_dates_time":{"created":"Posted on 3 septiembre, 2021 9:06 am","modified":"Updated on 23 febrero, 2022 7:49 pm"},"featured_img_caption":"","featured_img":false,"series_order":"","_links":{"self":[{"href":"https:\/\/congresos.unlp.edu.ar\/cnza\/wp-json\/wp\/v2\/pages\/26","targetHints":{"allow":["GET"]}}],"collection":[{"href":"https:\/\/congresos.unlp.edu.ar\/cnza\/wp-json\/wp\/v2\/pages"}],"about":[{"href":"https:\/\/congresos.unlp.edu.ar\/cnza\/wp-json\/wp\/v2\/types\/page"}],"author":[{"embeddable":true,"href":"https:\/\/congresos.unlp.edu.ar\/cnza\/wp-json\/wp\/v2\/users\/2"}],"replies":[{"embeddable":true,"href":"https:\/\/congresos.unlp.edu.ar\/cnza\/wp-json\/wp\/v2\/comments?post=26"}],"version-history":[{"count":0,"href":"https:\/\/congresos.unlp.edu.ar\/cnza\/wp-json\/wp\/v2\/pages\/26\/revisions"}],"wp:attachment":[{"href":"https:\/\/congresos.unlp.edu.ar\/cnza\/wp-json\/wp\/v2\/media?parent=26"}],"curies":[{"name":"wp","href":"https:\/\/api.w.org\/{rel}","templated":true}]}}