{"id":24,"date":"2021-09-03T09:01:52","date_gmt":"2021-09-03T12:01:52","guid":{"rendered":"https:\/\/congresos.unlp.edu.ar\/cnza\/?page_id=24"},"modified":"2022-02-23T19:53:27","modified_gmt":"2022-02-23T22:53:27","slug":"simposio-4","status":"publish","type":"page","link":"https:\/\/congresos.unlp.edu.ar\/cnza\/simposio-4\/","title":{"rendered":"Simposio 4. Zooarqueolog\u00eda en ambientes acu\u00e1ticos"},"content":{"rendered":"<p>SIMPOSIO 4<\/p>\n<p><strong>EN LAS ORILLAS.\u00a0<\/strong><strong>ZOOARQUEOLOG\u00cdA EN AMBIENTES ACU\u00c1TICOS.<\/strong><\/p>\n<p><strong>Coordinadores: <\/strong><strong>Fernanda Day Pilar\u00eda<\/strong>, Laboratorio de An\u00e1lisis Cer\u00e1mico, Facultad de Ciencias Naturales y Museo, Universidad Nacional de La Plata. <a href=\"mailto:fernandaday@yahoo.com.ar\">fernandaday@yahoo.com.ar<\/a><\/p>\n<p><strong>Mart\u00edn V\u00e1zquez<\/strong>, Centro Austral de Investigaciones Cient\u00edficas, CONICET. <a href=\"mailto:vazquezmartin68@gmail.com\">vazquezmartin68@gmail.com<\/a><\/p>\n<p><strong>Relator<\/strong>: <strong>Mariano Bonomo<\/strong>, Divisi\u00f3n Arqueolog\u00eda, Museo de La Plata, FCNyM-UNLP y CONICET. <a href=\"mailto:mbonomo@fcnym.unlp.edu.ar\">mbonomo@fcnym.unlp.edu.ar<\/a><\/p>\n<p>&nbsp;<\/p>\n<p>Oc\u00e9anos, mares, r\u00edos, arroyos, lagos y lagunas, y otros entornos acu\u00e1ticos, someros o profundos, y de dimensiones desconocidas, fueron escenarios especiales que permitieron el desarrollo de formas de vida singulares en el pasado y que incluso siguen siendo clave hoy en d\u00eda, tal como se refleja en los actuales debates en torno a los humedales. As\u00ed, los ambientes acu\u00e1ticos cobran relevancia dentro de las investigaciones arqueol\u00f3gicas, luego de que \u00e9stas centraran su mirada por mucho tiempo, y casi con preferencia, en los espacios terrestres. En este sentido, la arqueolog\u00eda de ambientes acu\u00e1ticos puede indagar y aportar informaci\u00f3n relevante para analizar las din\u00e1micas de dichos escenarios, con su profundidad temporal y desde diferentes perspectivas, como la zooarqueol\u00f3gica.<\/p>\n<p>La variabilidad potencial de adaptaciones que los grupos humanos desarrollan en los ambientes acu\u00e1ticos es mayor que la diversidad que estas configuraciones ecosist\u00e9micas ofrecen. Adem\u00e1s de su condici\u00f3n mar\u00edtima, fluvial o lacustre y sus matices, la diversidad de los recursos animales multiplican las estrategias humanas implementadas para su gesti\u00f3n. De este modo, desde peque\u00f1os invertebrados hasta los mayores mam\u00edferos que existen en la tierra o desde individuos solitarios hasta inmensos card\u00famenes y colonias reproductivas, conforman un inagotable men\u00fa de recursos y de posibilidades de captura, recolecci\u00f3n, procesamiento, almacenamiento y consumo. Adem\u00e1s, la utilizaci\u00f3n de materias primas de origen litoral y su transformaci\u00f3n en bienes culturales, tambi\u00e9n constituyen un \u00e1mbito de estudio creciente en las investigaciones arqueol\u00f3gicas de nuestro pa\u00eds y la regi\u00f3n. Los procesos de formaci\u00f3n del registro en \u00e1mbitos costeros, abordados a partir de enfoques tafon\u00f3micos es otra de las dimensiones que se abren a partir del estudio de los restos \u00f3seos y malacol\u00f3gicos. El rol que estos ambientes y sus animales ocuparon en la cosmovisi\u00f3n de los grupos humanos que los habitaron son tambi\u00e9n aspectos relevantes que pueden ser indagados arqueol\u00f3gicamente para comprender de manera m\u00e1s completa y profunda las relaciones sociales que establecieron con el entorno y su fauna.<\/p>\n<p>Los ambientes acu\u00e1ticos fueron y contin\u00faan siendo ejes centrales de la organizaci\u00f3n humana, ya sea en aspectos econ\u00f3micos, sociales, religiosos, simb\u00f3licos o pol\u00edticos. Los estudios zooarqueol\u00f3gicos aplicados en estos ambientes permiten discutir diversos procesos y estrategias, como: estrategias de adaptaci\u00f3n, de intensificaci\u00f3n, aprovechamiento ocasional vs. uso prolongado, elaboraci\u00f3n de tecnolog\u00edas especializadas, procesos de complejizaci\u00f3n, desigualdad y jerarquizaci\u00f3n social, entre otros, tanto en econom\u00edas basadas en la caza, recolecci\u00f3n y pesca como en sociedades productoras de alimentos, teniendo en cuenta, no obstante que, mayormente, siguen siendo recursos silvestres los obtenidos y aprovechados en estos entornos.<\/p>\n<p>En este amplio contexto, el presente simposio propone, a partir de los estudios zooarqueol\u00f3gicos, centrar la mirada sobre estos paisajes de aguas y sus recursos animales, sobre las tecnolog\u00edas y las pr\u00e1cticas que los seres humanos implementaron en su relaci\u00f3n con estos. Se plantea como un espacio de discusi\u00f3n e interacci\u00f3n entre equipos de trabajo que desarrollen sus investigaciones en distintos espacios tem\u00e1ticos y geogr\u00e1ficos vinculados con los ambientes acu\u00e1ticos de Argentina y de pa\u00edses lim\u00edtrofes. Se recibir\u00e1n contribuciones que aporten a las discusiones te\u00f3ricas, metodol\u00f3gicas, que presenten estudios de casos, de base zooarqueol\u00f3gica, y que combinen informaci\u00f3n con otras v\u00edas como las documentales, etnogr\u00e1ficas, los abordajes actual\u00edsticos, entre otras. Se considera que este encuentro de debate e intercambio propiciar\u00e1 volver la mirada y ponderar la importancia de los ambientes acu\u00e1ticos para los grupos humanos tanto del pasado como del presente.<\/p>\n","protected":false},"excerpt":{"rendered":"<p>SIMPOSIO 4 EN LAS ORILLAS.\u00a0ZOOARQUEOLOG\u00cdA EN AMBIENTES ACU\u00c1TICOS. Coordinadores: Fernanda Day Pilar\u00eda, Laboratorio de An\u00e1lisis Cer\u00e1mico, Facultad de Ciencias Naturales y Museo, Universidad Nacional de La Plata. fernandaday@yahoo.com.ar Mart\u00edn V\u00e1zquez, Centro Austral de Investigaciones Cient\u00edficas, CONICET. vazquezmartin68@gmail.com Relator: Mariano Bonomo, Divisi\u00f3n Arqueolog\u00eda, Museo de La Plata, FCNyM-UNLP y CONICET. mbonomo@fcnym.unlp.edu.ar &nbsp; Oc\u00e9anos, mares, r\u00edos, arroyos, [&hellip;]<\/p>\n","protected":false},"author":2,"featured_media":0,"parent":0,"menu_order":0,"comment_status":"closed","ping_status":"closed","template":"","meta":{"advgb_blocks_editor_width":"","advgb_blocks_columns_visual_guide":"","footnotes":""},"class_list":["post-24","page","type-page","status-publish","hentry","post"],"aioseo_notices":[],"coauthors":[],"author_meta":{"author_link":"https:\/\/congresos.unlp.edu.ar\/cnza\/author\/congresos\/","display_name":"congresos"},"relative_dates":{"created":"Posted 5 a\u00f1os ago","modified":"Updated 4 a\u00f1os ago"},"absolute_dates":{"created":"Posted on 3 septiembre, 2021","modified":"Updated on 23 febrero, 2022"},"absolute_dates_time":{"created":"Posted on 3 septiembre, 2021 9:01 am","modified":"Updated on 23 febrero, 2022 7:53 pm"},"featured_img_caption":"","featured_img":false,"series_order":"","_links":{"self":[{"href":"https:\/\/congresos.unlp.edu.ar\/cnza\/wp-json\/wp\/v2\/pages\/24","targetHints":{"allow":["GET"]}}],"collection":[{"href":"https:\/\/congresos.unlp.edu.ar\/cnza\/wp-json\/wp\/v2\/pages"}],"about":[{"href":"https:\/\/congresos.unlp.edu.ar\/cnza\/wp-json\/wp\/v2\/types\/page"}],"author":[{"embeddable":true,"href":"https:\/\/congresos.unlp.edu.ar\/cnza\/wp-json\/wp\/v2\/users\/2"}],"replies":[{"embeddable":true,"href":"https:\/\/congresos.unlp.edu.ar\/cnza\/wp-json\/wp\/v2\/comments?post=24"}],"version-history":[{"count":0,"href":"https:\/\/congresos.unlp.edu.ar\/cnza\/wp-json\/wp\/v2\/pages\/24\/revisions"}],"wp:attachment":[{"href":"https:\/\/congresos.unlp.edu.ar\/cnza\/wp-json\/wp\/v2\/media?parent=24"}],"curies":[{"name":"wp","href":"https:\/\/api.w.org\/{rel}","templated":true}]}}