{"id":15,"date":"2021-09-03T09:00:59","date_gmt":"2021-09-03T12:00:59","guid":{"rendered":"https:\/\/congresos.unlp.edu.ar\/cnza\/?page_id=15"},"modified":"2022-02-23T13:02:18","modified_gmt":"2022-02-23T16:02:18","slug":"modalidades-de-participacion","status":"publish","type":"page","link":"https:\/\/congresos.unlp.edu.ar\/cnza\/modalidades-de-participacion\/","title":{"rendered":"Modalidades de participaci\u00f3n"},"content":{"rendered":"<p><strong>Modalidades de participaci\u00f3n<\/strong><\/p>\n<p>Cada autorx podr\u00e1 presentar como m\u00e1ximo dos trabajos, ya sea en formato oral en algunos de los Simposios o en la sesi\u00f3n p\u00f3ster.<br \/>\nLos res\u00famenes deber\u00e1n enviarse a <a href=\"mailto:6cnzooarqueologia@gmail.com\">6cnzooarqueologia@gmail.com<\/a> con copia a los y las coordinadores del simposio, mesa o sesi\u00f3n correspondiente. El asunto del mail debe contener la referencia al simposio, mesa o sesi\u00f3n donde ser\u00e1 presentado el trabajo y el apellido de les autores (Ej. Simposio 1 P\u00e9rez et al; Mesa redonda\/ comunicaciones Gonz\u00e1lez et al, Sesi\u00f3n p\u00f3ster Garc\u00eda y Pontevedra). Deber\u00e1n contener como m\u00e1ximo 300 palabras, entre 3 y 5 palabras clave y estar ajustados a las siguientes normas editoriales:<\/p>\n<p><img loading=\"lazy\" decoding=\"async\" class=\"wp-image-149 aligncenter\" src=\"http:\/\/congresos.unlp.edu.ar\/cnza\/wp-content\/uploads\/sites\/42\/2022\/02\/ejemplo-resumen-300x185.png\" alt=\"\" width=\"399\" height=\"246\" srcset=\"https:\/\/congresos.unlp.edu.ar\/cnza\/wp-content\/uploads\/sites\/42\/2022\/02\/ejemplo-resumen-300x185.png 300w, https:\/\/congresos.unlp.edu.ar\/cnza\/wp-content\/uploads\/sites\/42\/2022\/02\/ejemplo-resumen.png 432w\" sizes=\"auto, (max-width: 399px) 100vw, 399px\" \/><\/p>\n","protected":false},"excerpt":{"rendered":"<p>Modalidades de participaci\u00f3n Cada autorx podr\u00e1 presentar como m\u00e1ximo dos trabajos, ya sea en formato oral en algunos de los Simposios o en la sesi\u00f3n p\u00f3ster. Los res\u00famenes deber\u00e1n enviarse a 6cnzooarqueologia@gmail.com con copia a los y las coordinadores del simposio, mesa o sesi\u00f3n correspondiente. El asunto del mail debe contener la referencia al simposio, [&hellip;]<\/p>\n","protected":false},"author":2,"featured_media":0,"parent":0,"menu_order":0,"comment_status":"closed","ping_status":"closed","template":"","meta":{"advgb_blocks_editor_width":"","advgb_blocks_columns_visual_guide":"","footnotes":""},"class_list":["post-15","page","type-page","status-publish","hentry","post"],"aioseo_notices":[],"coauthors":[],"author_meta":{"author_link":"https:\/\/congresos.unlp.edu.ar\/cnza\/author\/congresos\/","display_name":"congresos"},"relative_dates":{"created":"Posted 5 a\u00f1os ago","modified":"Updated 4 a\u00f1os ago"},"absolute_dates":{"created":"Posted on 3 septiembre, 2021","modified":"Updated on 23 febrero, 2022"},"absolute_dates_time":{"created":"Posted on 3 septiembre, 2021 9:00 am","modified":"Updated on 23 febrero, 2022 1:02 pm"},"featured_img_caption":"","featured_img":false,"series_order":"","_links":{"self":[{"href":"https:\/\/congresos.unlp.edu.ar\/cnza\/wp-json\/wp\/v2\/pages\/15","targetHints":{"allow":["GET"]}}],"collection":[{"href":"https:\/\/congresos.unlp.edu.ar\/cnza\/wp-json\/wp\/v2\/pages"}],"about":[{"href":"https:\/\/congresos.unlp.edu.ar\/cnza\/wp-json\/wp\/v2\/types\/page"}],"author":[{"embeddable":true,"href":"https:\/\/congresos.unlp.edu.ar\/cnza\/wp-json\/wp\/v2\/users\/2"}],"replies":[{"embeddable":true,"href":"https:\/\/congresos.unlp.edu.ar\/cnza\/wp-json\/wp\/v2\/comments?post=15"}],"version-history":[{"count":0,"href":"https:\/\/congresos.unlp.edu.ar\/cnza\/wp-json\/wp\/v2\/pages\/15\/revisions"}],"wp:attachment":[{"href":"https:\/\/congresos.unlp.edu.ar\/cnza\/wp-json\/wp\/v2\/media?parent=15"}],"curies":[{"name":"wp","href":"https:\/\/api.w.org\/{rel}","templated":true}]}}