{"id":13,"date":"2021-09-03T09:00:08","date_gmt":"2021-09-03T12:00:08","guid":{"rendered":"https:\/\/congresos.unlp.edu.ar\/cnza\/?page_id=13"},"modified":"2022-02-23T12:25:52","modified_gmt":"2022-02-23T15:25:52","slug":"sobre-el-evento","status":"publish","type":"page","link":"https:\/\/congresos.unlp.edu.ar\/cnza\/sobre-el-evento\/","title":{"rendered":"Sobre el evento"},"content":{"rendered":"<p>Los congresos nacionales de Zooarqueolog\u00eda vienen consolid\u00e1ndose desde el a\u00f1o 2008 como un espacio de discusi\u00f3n, encuentro y divulgaci\u00f3n de trabajos cient\u00edficos dedicados a los an\u00e1lisis zooarqueol\u00f3gicos de Argentina y otros pa\u00edses de Latinoam\u00e9rica. Han sido sedes del mismo las ciudades de Malarg\u00fce (2008), Olavarr\u00eda (2011), Tilcara (2013), Ushuaia (2016) y San Fernando del Valle de Catamarca (2019). En esta edici\u00f3n ser\u00e1 anfitriona la Facultad de Ciencias Naturales y Museo de la Universidad Nacional de La Plata (FCNyM-UNLP).<\/p>\n<p>Esperamos contar con la participaci\u00f3n de todes aquelles que con sus trabajos abordan distintos aspectos de las relaciones entre poblaciones humanas y animales a trav\u00e9s del tiempo y el espacio, con el deseo de que el encuentro se constituya en un \u00e1mbito de comunicaci\u00f3n, discusi\u00f3n e intercambio entre colegas interesades en la zooarqueolog\u00eda.<\/p>\n<p>Las tem\u00e1ticas espec\u00edficas incluyen aspectos te\u00f3ricos, metodol\u00f3gicos y t\u00e9cnicas aplicadas en los estudios\u00a0 arqueofaun\u00edsticos cuali y cuantitativos, tales como la tafonom\u00eda y procesos de formaci\u00f3n del registro\u00a0 zooarqueol\u00f3gico, la intensificaci\u00f3n en la explotaci\u00f3n de los recursos animales, extinci\u00f3n de especies, domesticaci\u00f3n, complementariedad en el uso de diferentes ambientes y\/o taxones, estudios de morfometr\u00eda, determinaci\u00f3n de perfiles etarios, patolog\u00edas \u00f3seas, dieta (is\u00f3topos), ADN reciente y antiguo y cambios en las relaciones entre humanos y animales, entre muchos otros.<\/p>\n<p>Para mantener la organizaci\u00f3n acostumbrada de estos congresos, el 6\u00ba CNZA se estructurar\u00e1 en simposios tem\u00e1ticos, posters y conferencias.<\/p>\n","protected":false},"excerpt":{"rendered":"<p>Los congresos nacionales de Zooarqueolog\u00eda vienen consolid\u00e1ndose desde el a\u00f1o 2008 como un espacio de discusi\u00f3n, encuentro y divulgaci\u00f3n de trabajos cient\u00edficos dedicados a los an\u00e1lisis zooarqueol\u00f3gicos de Argentina y otros pa\u00edses de Latinoam\u00e9rica. Han sido sedes del mismo las ciudades de Malarg\u00fce (2008), Olavarr\u00eda (2011), Tilcara (2013), Ushuaia (2016) y San Fernando del Valle [&hellip;]<\/p>\n","protected":false},"author":2,"featured_media":0,"parent":0,"menu_order":0,"comment_status":"closed","ping_status":"closed","template":"","meta":{"advgb_blocks_editor_width":"","advgb_blocks_columns_visual_guide":"","footnotes":""},"class_list":["post-13","page","type-page","status-publish","hentry","post"],"aioseo_notices":[],"coauthors":[],"author_meta":{"author_link":"https:\/\/congresos.unlp.edu.ar\/cnza\/author\/congresos\/","display_name":"congresos"},"relative_dates":{"created":"Posted 5 a\u00f1os ago","modified":"Updated 4 a\u00f1os ago"},"absolute_dates":{"created":"Posted on 3 septiembre, 2021","modified":"Updated on 23 febrero, 2022"},"absolute_dates_time":{"created":"Posted on 3 septiembre, 2021 9:00 am","modified":"Updated on 23 febrero, 2022 12:25 pm"},"featured_img_caption":"","featured_img":false,"series_order":"","_links":{"self":[{"href":"https:\/\/congresos.unlp.edu.ar\/cnza\/wp-json\/wp\/v2\/pages\/13","targetHints":{"allow":["GET"]}}],"collection":[{"href":"https:\/\/congresos.unlp.edu.ar\/cnza\/wp-json\/wp\/v2\/pages"}],"about":[{"href":"https:\/\/congresos.unlp.edu.ar\/cnza\/wp-json\/wp\/v2\/types\/page"}],"author":[{"embeddable":true,"href":"https:\/\/congresos.unlp.edu.ar\/cnza\/wp-json\/wp\/v2\/users\/2"}],"replies":[{"embeddable":true,"href":"https:\/\/congresos.unlp.edu.ar\/cnza\/wp-json\/wp\/v2\/comments?post=13"}],"version-history":[{"count":0,"href":"https:\/\/congresos.unlp.edu.ar\/cnza\/wp-json\/wp\/v2\/pages\/13\/revisions"}],"wp:attachment":[{"href":"https:\/\/congresos.unlp.edu.ar\/cnza\/wp-json\/wp\/v2\/media?parent=13"}],"curies":[{"name":"wp","href":"https:\/\/api.w.org\/{rel}","templated":true}]}}