{"id":11,"date":"2021-09-03T08:58:37","date_gmt":"2021-09-03T11:58:37","guid":{"rendered":"https:\/\/congresos.unlp.edu.ar\/cnza\/?page_id=11"},"modified":"2022-02-22T12:42:19","modified_gmt":"2022-02-22T15:42:19","slug":"organizacion","status":"publish","type":"page","link":"https:\/\/congresos.unlp.edu.ar\/cnza\/organizacion\/","title":{"rendered":"Organizaci\u00f3n"},"content":{"rendered":"<p style=\"text-align: center\"><strong>Comit\u00e9 cient\u00edfico<\/strong><\/p>\n<p style=\"text-align: center\">Luis Borrero, Isabel Cartajena, Adolfo Gil, Rafael Go\u00f1i, Mar\u00eda Guti\u00e9rrez,<br \/>\nGustavo Mart\u00ednez, Guillermo Mengoni Go\u00f1alons, Pablo Mercolli, Enrique<br \/>\nMoreno, Daniel Olivera, M\u00f3nica Salemme, Eduardo Tonni, Hugo Yacobaccio<\/p>\n<p style=\"text-align: center\"><strong>Comisi\u00f3n Organizadora<\/strong><\/p>\n<p style=\"text-align: center\">Laura Miotti, Laura Marchionni<br \/>\n<strong>Secretar\u00eda:<\/strong> Fernanda Day Pilar\u00eda, Dar\u00edo Hermo, Emiliano Mange, Bruno<br \/>\nMosquera, Diego Rindel.<\/p>\n<p style=\"text-align: center\"><strong>Colaboradores<\/strong><\/p>\n<p style=\"text-align: center\">Laura Bastourre, Ricardo de Mendoza, Luis del Papa, Virginia Lynch, Luc\u00eda<br \/>\nMagnin, Leandro P\u00e9rez, Enrique Terranova, N\u00e9stor Toledo, Mariana<br \/>\nValderrama, Jorgelina Vargas Gariglio<\/p>\n<p>&nbsp;<\/p>\n<p style=\"text-align: center\"><strong>Instituciones que avalan el 6 CNZA<br \/>\n<\/strong><br \/>\nUniversidad Nacional de La Plata<br \/>\nFacultad de Ciencias Naturales y Museo \u2013 UNLP<br \/>\nDivisi\u00f3n Arqueolog\u00eda, FCNyM-UNLP<br \/>\nDivisi\u00f3n Paleontolog\u00eda Vertebrados, FCNyM-UNLP<br \/>\nCONICET- CCT La Plata<br \/>\nSociedad Argentina de Antropolog\u00eda<br \/>\nAsociaci\u00f3n de Arque\u00f3logos Profesionales de la Rep\u00fablica Argentina<br \/>\nInstituto Nacional de Antropolog\u00eda y Pensamiento Latinoamericano<br \/>\nIMHICIHU-CONICET<br \/>\nINCUAPA-CONICET<br \/>\nInstituto y Doctorado en Diversidad Cultural UNTREF<br \/>\nC\u00e1tedra UNESCO \u201cEst\u00e9tica y Sociolog\u00eda de la Alteridad y Diversidad<br \/>\nCultural Argentina\u201d- UNTREF<\/p>\n","protected":false},"excerpt":{"rendered":"<p>Comit\u00e9 cient\u00edfico Luis Borrero, Isabel Cartajena, Adolfo Gil, Rafael Go\u00f1i, Mar\u00eda Guti\u00e9rrez, Gustavo Mart\u00ednez, Guillermo Mengoni Go\u00f1alons, Pablo Mercolli, Enrique Moreno, Daniel Olivera, M\u00f3nica Salemme, Eduardo Tonni, Hugo Yacobaccio Comisi\u00f3n Organizadora Laura Miotti, Laura Marchionni Secretar\u00eda: Fernanda Day Pilar\u00eda, Dar\u00edo Hermo, Emiliano Mange, Bruno Mosquera, Diego Rindel. Colaboradores Laura Bastourre, Ricardo de Mendoza, Luis del [&hellip;]<\/p>\n","protected":false},"author":2,"featured_media":0,"parent":0,"menu_order":0,"comment_status":"closed","ping_status":"closed","template":"","meta":{"advgb_blocks_editor_width":"","advgb_blocks_columns_visual_guide":"","footnotes":""},"class_list":["post-11","page","type-page","status-publish","hentry","post"],"aioseo_notices":[],"coauthors":[],"author_meta":{"author_link":"https:\/\/congresos.unlp.edu.ar\/cnza\/author\/congresos\/","display_name":"congresos"},"relative_dates":{"created":"Posted 5 a\u00f1os ago","modified":"Updated 4 a\u00f1os ago"},"absolute_dates":{"created":"Posted on 3 septiembre, 2021","modified":"Updated on 22 febrero, 2022"},"absolute_dates_time":{"created":"Posted on 3 septiembre, 2021 8:58 am","modified":"Updated on 22 febrero, 2022 12:42 pm"},"featured_img_caption":"","featured_img":false,"series_order":"","_links":{"self":[{"href":"https:\/\/congresos.unlp.edu.ar\/cnza\/wp-json\/wp\/v2\/pages\/11","targetHints":{"allow":["GET"]}}],"collection":[{"href":"https:\/\/congresos.unlp.edu.ar\/cnza\/wp-json\/wp\/v2\/pages"}],"about":[{"href":"https:\/\/congresos.unlp.edu.ar\/cnza\/wp-json\/wp\/v2\/types\/page"}],"author":[{"embeddable":true,"href":"https:\/\/congresos.unlp.edu.ar\/cnza\/wp-json\/wp\/v2\/users\/2"}],"replies":[{"embeddable":true,"href":"https:\/\/congresos.unlp.edu.ar\/cnza\/wp-json\/wp\/v2\/comments?post=11"}],"version-history":[{"count":0,"href":"https:\/\/congresos.unlp.edu.ar\/cnza\/wp-json\/wp\/v2\/pages\/11\/revisions"}],"wp:attachment":[{"href":"https:\/\/congresos.unlp.edu.ar\/cnza\/wp-json\/wp\/v2\/media?parent=11"}],"curies":[{"name":"wp","href":"https:\/\/api.w.org\/{rel}","templated":true}]}}