{"id":54,"date":"2023-03-07T18:54:24","date_gmt":"2023-03-07T21:54:24","guid":{"rendered":"https:\/\/congresos.unlp.edu.ar\/cnis\/?page_id=54"},"modified":"2023-06-15T08:42:39","modified_gmt":"2023-06-15T11:42:39","slug":"comite-cientifico","status":"publish","type":"page","link":"https:\/\/congresos.unlp.edu.ar\/cnis\/comite-cientifico\/","title":{"rendered":"Comit\u00e9 Cient\u00edfico"},"content":{"rendered":"<p style=\"text-align: justify;font-size: 20px\"><strong>Presidente<\/strong><br \/>\nDr. Andr\u00e9s Porta\n<\/p>\n<p style=\"text-align: justify;font-size: 20px\"><strong>Integrantes<\/strong><br \/>\nDra. Andrea Gomez Zavaglia<br \/>\nDr. Jorge Sambeth<br \/>\nDI. Adalberto Padr\u00f3n<br \/>\nDr. Arq. Gustavo San Juan<br \/>\nDI. Silvia Predassi<br \/>\nDra. Victoria Miceli<br \/>\nDr. Eduardo L\u00f3pez<br \/>\nLic. Ana Lamarche<br \/>\nDI. Roberto Heraldo de Rose<br \/>\n<\/p>\n","protected":false},"excerpt":{"rendered":"<p>Presidente Dr. Andr\u00e9s Porta Integrantes Dra. Andrea Gomez Zavaglia Dr. Jorge Sambeth DI. Adalberto Padr\u00f3n Dr. Arq. Gustavo San Juan DI. Silvia Predassi Dra. Victoria Miceli Dr. Eduardo L\u00f3pez Lic. Ana Lamarche DI. Roberto Heraldo de Rose<\/p>\n","protected":false},"author":172,"featured_media":0,"parent":0,"menu_order":0,"comment_status":"closed","ping_status":"closed","template":"","meta":{"advgb_blocks_editor_width":"","advgb_blocks_columns_visual_guide":"","footnotes":""},"class_list":["post-54","page","type-page","status-publish","hentry","post"],"aioseo_notices":[],"coauthors":[],"author_meta":{"author_link":"https:\/\/congresos.unlp.edu.ar\/cnis\/author\/innovacionsocial\/","display_name":"innovacionsocial"},"relative_dates":{"created":"Posted 3 a\u00f1os ago","modified":"Updated 3 a\u00f1os ago"},"absolute_dates":{"created":"Posted on 7 marzo, 2023","modified":"Updated on 15 junio, 2023"},"absolute_dates_time":{"created":"Posted on 7 marzo, 2023 6:54 pm","modified":"Updated on 15 junio, 2023 8:42 am"},"featured_img_caption":"","featured_img":false,"series_order":"","_links":{"self":[{"href":"https:\/\/congresos.unlp.edu.ar\/cnis\/wp-json\/wp\/v2\/pages\/54","targetHints":{"allow":["GET"]}}],"collection":[{"href":"https:\/\/congresos.unlp.edu.ar\/cnis\/wp-json\/wp\/v2\/pages"}],"about":[{"href":"https:\/\/congresos.unlp.edu.ar\/cnis\/wp-json\/wp\/v2\/types\/page"}],"author":[{"embeddable":true,"href":"https:\/\/congresos.unlp.edu.ar\/cnis\/wp-json\/wp\/v2\/users\/172"}],"replies":[{"embeddable":true,"href":"https:\/\/congresos.unlp.edu.ar\/cnis\/wp-json\/wp\/v2\/comments?post=54"}],"version-history":[{"count":0,"href":"https:\/\/congresos.unlp.edu.ar\/cnis\/wp-json\/wp\/v2\/pages\/54\/revisions"}],"wp:attachment":[{"href":"https:\/\/congresos.unlp.edu.ar\/cnis\/wp-json\/wp\/v2\/media?parent=54"}],"curies":[{"name":"wp","href":"https:\/\/api.w.org\/{rel}","templated":true}]}}