{"id":50,"date":"2023-03-07T18:50:12","date_gmt":"2023-03-07T21:50:12","guid":{"rendered":"https:\/\/congresos.unlp.edu.ar\/cnis\/?page_id=50"},"modified":"2023-06-15T08:43:29","modified_gmt":"2023-06-15T11:43:29","slug":"ejes-tematicos","status":"publish","type":"page","link":"https:\/\/congresos.unlp.edu.ar\/cnis\/ejes-tematicos\/","title":{"rendered":"Ejes tem\u00e1ticos"},"content":{"rendered":"<p style=\"text-align: justify;font-size: 20px\">Los ejes tem\u00e1ticos que abordar\u00e1 el Congreso ser\u00e1n:<\/p>\n<ol style=\"font-size: 20px\">\n<li>Aplicaciones de energ\u00edas alternativas en el h\u00e1bitat y los espacios p\u00fablicos \/ Aprovechamiento energ\u00e9tico<\/li>\n<li>Reciclado y recuperaci\u00f3n de residuos \/ Estudios de cadenas de valor \/ Simbiosis industrial<\/li>\n<li>Ecodise\u00f1o \/ Econom\u00eda de la funcionalidad<\/li>\n<li>Bioinsumos para producci\u00f3n y\/o control de vectores<\/li>\n<li>Tecnolog\u00edas para el acceso a agua segura<\/li>\n<li>Sensibilizaci\u00f3n para la transici\u00f3n a la econom\u00eda circular en los territorios<\/li>\n<\/ol>\n","protected":false},"excerpt":{"rendered":"<p>Los ejes tem\u00e1ticos que abordar\u00e1 el Congreso ser\u00e1n: Aplicaciones de energ\u00edas alternativas en el h\u00e1bitat y los espacios p\u00fablicos \/ Aprovechamiento energ\u00e9tico Reciclado y recuperaci\u00f3n de residuos \/ Estudios de cadenas de valor \/ Simbiosis industrial Ecodise\u00f1o \/ Econom\u00eda de la funcionalidad Bioinsumos para producci\u00f3n y\/o control de vectores Tecnolog\u00edas para el acceso a agua [&hellip;]<\/p>\n","protected":false},"author":172,"featured_media":0,"parent":0,"menu_order":0,"comment_status":"closed","ping_status":"closed","template":"","meta":{"advgb_blocks_editor_width":"","advgb_blocks_columns_visual_guide":"","footnotes":""},"class_list":["post-50","page","type-page","status-publish","hentry","post"],"aioseo_notices":[],"coauthors":[],"author_meta":{"author_link":"https:\/\/congresos.unlp.edu.ar\/cnis\/author\/innovacionsocial\/","display_name":"innovacionsocial"},"relative_dates":{"created":"Posted 3 a\u00f1os ago","modified":"Updated 3 a\u00f1os ago"},"absolute_dates":{"created":"Posted on 7 marzo, 2023","modified":"Updated on 15 junio, 2023"},"absolute_dates_time":{"created":"Posted on 7 marzo, 2023 6:50 pm","modified":"Updated on 15 junio, 2023 8:43 am"},"featured_img_caption":"","featured_img":false,"series_order":"","_links":{"self":[{"href":"https:\/\/congresos.unlp.edu.ar\/cnis\/wp-json\/wp\/v2\/pages\/50","targetHints":{"allow":["GET"]}}],"collection":[{"href":"https:\/\/congresos.unlp.edu.ar\/cnis\/wp-json\/wp\/v2\/pages"}],"about":[{"href":"https:\/\/congresos.unlp.edu.ar\/cnis\/wp-json\/wp\/v2\/types\/page"}],"author":[{"embeddable":true,"href":"https:\/\/congresos.unlp.edu.ar\/cnis\/wp-json\/wp\/v2\/users\/172"}],"replies":[{"embeddable":true,"href":"https:\/\/congresos.unlp.edu.ar\/cnis\/wp-json\/wp\/v2\/comments?post=50"}],"version-history":[{"count":0,"href":"https:\/\/congresos.unlp.edu.ar\/cnis\/wp-json\/wp\/v2\/pages\/50\/revisions"}],"wp:attachment":[{"href":"https:\/\/congresos.unlp.edu.ar\/cnis\/wp-json\/wp\/v2\/media?parent=50"}],"curies":[{"name":"wp","href":"https:\/\/api.w.org\/{rel}","templated":true}]}}