{"id":13,"date":"2023-03-07T13:41:46","date_gmt":"2023-03-07T16:41:46","guid":{"rendered":"https:\/\/congresos.unlp.edu.ar\/cnis\/?page_id=13"},"modified":"2023-03-07T18:46:10","modified_gmt":"2023-03-07T21:46:10","slug":"inicio","status":"publish","type":"page","link":"https:\/\/congresos.unlp.edu.ar\/cnis\/","title":{"rendered":"Inicio"},"content":{"rendered":"<p style=\"text-align: justify;font-size: 20px\">Las y los invitamos al 1\u00ba Congreso Nacional de Innovaci\u00f3n Social que se desarrollar\u00e1 los d\u00edas 30 y 31 de mayo de 2023, en modalidad presencial, en el Centro de Convenciones de la Universidad Nacional de La Plata (calle 48 entre 6 y 7, La Plata, Provincia de Buenos Aires).<\/p>\n<p style=\"text-align: justify;font-size: 20px\">La Innovaci\u00f3n Social es un proceso que busca mejorar la calidad de vida de las personas y la sociedad de manera sostenible a trav\u00e9s de la creaci\u00f3n y aplicaci\u00f3n de nuevas soluciones y tecnolog\u00edas. Esto puede incluir la creaci\u00f3n de empleo y oportunidades econ\u00f3micas para personas que antes no ten\u00edan acceso a ellas, as\u00ed como la mejora de la calidad de vida de las personas a trav\u00e9s de la provisi\u00f3n de servicios p\u00fablicos y la reducci\u00f3n de la desigualdad.<\/p>\n<p style=\"text-align: justify;font-size: 20px\">En esta oportunidad, nos dedicaremos a explorar alternativas propuestas desde la investigaci\u00f3n b\u00e1sica y aplicada, y la transferencia tecnol\u00f3gica, enmarcadas en los conceptos de la Econom\u00eda Circular.<\/p>\n<p style=\"text-align: justify;font-size: 20px\">La Econom\u00eda Circular es un modelo de producci\u00f3n y de consumo que busca conjugar la econom\u00eda con la sostenibilidad, alargando el ciclo de vida de los materiales y productos, reduciendo as\u00ed los residuos generados.<\/p>\n<p style=\"text-align: justify;font-size: 20px\">La escasez de recursos naturales y materias primas, el aumento de la poblaci\u00f3n mundial, la contaminaci\u00f3n y el impacto sobre el clima que tiene el actual modelo productivo, as\u00ed como las relaciones de dependencia y tensiones que se producen entre pa\u00edses con mayor o menor acceso a este tipo de recursos, hacen necesario que se apueste por modelos productivos m\u00e1s sostenibles.<\/p>\n<p style=\"text-align: justify;font-size: 20px\">Los tres principios sobre los que se basa Econom\u00eda Circular son el de preservar y fortalecer el capital natural; optimizar el rendimiento de los recursos e impulsar la efectividad de los sistemas de producci\u00f3n y uso.<\/p>\n","protected":false},"excerpt":{"rendered":"<p>Las y los invitamos al 1\u00ba Congreso Nacional de Innovaci\u00f3n Social que se desarrollar\u00e1 los d\u00edas 30 y 31 de mayo de 2023, en modalidad presencial, en el Centro de Convenciones de la Universidad Nacional de La Plata (calle 48 entre 6 y 7, La Plata, Provincia de Buenos Aires). La Innovaci\u00f3n Social es un [&hellip;]<\/p>\n","protected":false},"author":2,"featured_media":0,"parent":0,"menu_order":0,"comment_status":"closed","ping_status":"closed","template":"","meta":{"advgb_blocks_editor_width":"","advgb_blocks_columns_visual_guide":"","footnotes":""},"class_list":["post-13","page","type-page","status-publish","hentry","post"],"aioseo_notices":[],"coauthors":[],"author_meta":{"author_link":"https:\/\/congresos.unlp.edu.ar\/cnis\/author\/congresos\/","display_name":"congresos"},"relative_dates":{"created":"Posted 3 a\u00f1os ago","modified":"Updated 3 a\u00f1os ago"},"absolute_dates":{"created":"Posted on 7 marzo, 2023","modified":"Updated on 7 marzo, 2023"},"absolute_dates_time":{"created":"Posted on 7 marzo, 2023 1:41 pm","modified":"Updated on 7 marzo, 2023 6:46 pm"},"featured_img_caption":"","featured_img":false,"series_order":"","_links":{"self":[{"href":"https:\/\/congresos.unlp.edu.ar\/cnis\/wp-json\/wp\/v2\/pages\/13","targetHints":{"allow":["GET"]}}],"collection":[{"href":"https:\/\/congresos.unlp.edu.ar\/cnis\/wp-json\/wp\/v2\/pages"}],"about":[{"href":"https:\/\/congresos.unlp.edu.ar\/cnis\/wp-json\/wp\/v2\/types\/page"}],"author":[{"embeddable":true,"href":"https:\/\/congresos.unlp.edu.ar\/cnis\/wp-json\/wp\/v2\/users\/2"}],"replies":[{"embeddable":true,"href":"https:\/\/congresos.unlp.edu.ar\/cnis\/wp-json\/wp\/v2\/comments?post=13"}],"version-history":[{"count":0,"href":"https:\/\/congresos.unlp.edu.ar\/cnis\/wp-json\/wp\/v2\/pages\/13\/revisions"}],"wp:attachment":[{"href":"https:\/\/congresos.unlp.edu.ar\/cnis\/wp-json\/wp\/v2\/media?parent=13"}],"curies":[{"name":"wp","href":"https:\/\/api.w.org\/{rel}","templated":true}]}}