{"id":47,"date":"2019-02-25T12:17:21","date_gmt":"2019-02-25T15:17:21","guid":{"rendered":"https:\/\/congresos.unlp.edu.ar\/eamgyfm\/?page_id=47"},"modified":"2022-07-12T20:14:08","modified_gmt":"2022-07-12T23:14:08","slug":"posters","status":"publish","type":"page","link":"https:\/\/congresos.unlp.edu.ar\/cmalp-eamgyfm\/posters\/","title":{"rendered":"Sesi\u00f3n de posters"},"content":{"rendered":"Durante el encuentro tendr\u00e1 lugar una sesi\u00f3n de posters. Si quer\u00e9s participar, ten\u00e9s que enviar un correo a <a href=\"mailto:eamgyfm@gmail.com\" target=\"_blank\" rel=\"noopener\">eamgyfm@gmail.com<\/a> con el asunto \u201cposter-APELLIDO\u201d reemplazando \u201cAPELLIDO\u201d por tu apellido. En el mismo ten\u00e9s que adjuntar <a href=\"https:\/\/drive.google.com\/file\/d\/1nzP9DFOMQqnzPCAlBYGejhOLwf0nyKS-\/view?usp=sharing\"><strong>esta plantilla<\/strong><\/a> completada con tus datos y el resumen del trabajo (ver ejemplo en la plantilla), cambiando su nombre a &#8220;poster-APELLIDO.tex&#8221;. La aceptaci\u00f3n de los trabajos est\u00e1 sujeta a la aprobaci\u00f3n de los mismos por el Comit\u00e9 Cient\u00edfico, cuya decisi\u00f3n se comunicar\u00e1 con posterioridad a la fecha l\u00edmite.\r\n\r\nEn caso de ser aceptado, se deber\u00e1 presentar una copia del poster impreso en papel, as\u00ed como enviar la copia electr\u00f3nica a <a href=\"mailto:eamgyfm@gmail.com\" target=\"_blank\" rel=\"noopener\">eamgyfm@gmail.com<\/a>. El ancho de cada poster impreso no deber\u00e1 exceder los 90 cm preferentemente.\r\n\r\n<strong>Fecha l\u00edmite para la presentaci\u00f3n de trabajos:<\/strong> <span style=\"text-decoration: line-through\">13 de julio de 2022<\/span> <strong><span style=\"color: red\">Extendida al 22 de julio de 2022 <\/span><\/strong>\r\n\r\n<!-- \/wp:post-content -->","protected":false},"excerpt":{"rendered":"<p>Durante el encuentro tendr\u00e1 lugar una sesi\u00f3n de posters. Si quer\u00e9s participar, ten\u00e9s que enviar un correo a eamgyfm@gmail.com con el asunto \u201cposter-APELLIDO\u201d reemplazando \u201cAPELLIDO\u201d por tu apellido. En el mismo ten\u00e9s que adjuntar esta plantilla completada con tus datos y el resumen del trabajo (ver ejemplo en la plantilla), cambiando su nombre a &#8220;poster-APELLIDO.tex&#8221;. [&hellip;]<\/p>\n","protected":false},"author":6,"featured_media":0,"parent":0,"menu_order":0,"comment_status":"closed","ping_status":"closed","template":"","meta":{"advgb_blocks_editor_width":"","advgb_blocks_columns_visual_guide":"","footnotes":""},"class_list":["post-47","page","type-page","status-publish","hentry","post"],"aioseo_notices":[],"coauthors":[],"author_meta":{"author_link":"https:\/\/congresos.unlp.edu.ar\/cmalp-eamgyfm\/author\/lemasalomone\/","display_name":"lemasalomone"},"relative_dates":{"created":"Posted 7 a\u00f1os ago","modified":"Updated 4 a\u00f1os ago"},"absolute_dates":{"created":"Posted on 25 febrero, 2019","modified":"Updated on 12 julio, 2022"},"absolute_dates_time":{"created":"Posted on 25 febrero, 2019 12:17 pm","modified":"Updated on 12 julio, 2022 8:14 pm"},"featured_img_caption":"","featured_img":false,"series_order":"","_links":{"self":[{"href":"https:\/\/congresos.unlp.edu.ar\/cmalp-eamgyfm\/wp-json\/wp\/v2\/pages\/47","targetHints":{"allow":["GET"]}}],"collection":[{"href":"https:\/\/congresos.unlp.edu.ar\/cmalp-eamgyfm\/wp-json\/wp\/v2\/pages"}],"about":[{"href":"https:\/\/congresos.unlp.edu.ar\/cmalp-eamgyfm\/wp-json\/wp\/v2\/types\/page"}],"author":[{"embeddable":true,"href":"https:\/\/congresos.unlp.edu.ar\/cmalp-eamgyfm\/wp-json\/wp\/v2\/users\/6"}],"replies":[{"embeddable":true,"href":"https:\/\/congresos.unlp.edu.ar\/cmalp-eamgyfm\/wp-json\/wp\/v2\/comments?post=47"}],"version-history":[{"count":0,"href":"https:\/\/congresos.unlp.edu.ar\/cmalp-eamgyfm\/wp-json\/wp\/v2\/pages\/47\/revisions"}],"wp:attachment":[{"href":"https:\/\/congresos.unlp.edu.ar\/cmalp-eamgyfm\/wp-json\/wp\/v2\/media?parent=47"}],"curies":[{"name":"wp","href":"https:\/\/api.w.org\/{rel}","templated":true}]}}