{"id":26,"date":"2019-02-15T10:48:33","date_gmt":"2019-02-15T13:48:33","guid":{"rendered":"https:\/\/congresos.unlp.edu.ar\/eamgyfm\/?page_id=26"},"modified":"2022-08-05T09:59:12","modified_gmt":"2022-08-05T12:59:12","slug":"inscripcion","status":"publish","type":"page","link":"https:\/\/congresos.unlp.edu.ar\/cmalp-eamgyfm\/inscripcion\/","title":{"rendered":"Inscripci\u00f3n"},"content":{"rendered":"\r\n<p>Para inscribirte en el Primer Congreso CMaLP &#8211; III EAMGyFM ten\u00e9s que completar <a href=\"https:\/\/forms.gle\/s5GnRiu1j76csoceA\">este formulario<\/a>.<\/p>\r\n<p>Ten\u00e9 en cuenta que la <strong>fecha l\u00edmite para la inscripci\u00f3n<\/strong> <strong><span style=\"text-decoration: line-through\">el 5 de agosto de 2022.<\/span><\/strong> <strong><span style=\"color: red\">Extendida al 10 de agosto de 2022.<\/span><\/strong><\/p>\r\n\r\n\r\n\r\n<p><\/p>\r\n<h3 class=\"wp-block-heading\">Pago de la inscripci\u00f3n<\/h3>\r\n<p>\r\n\r\n<\/p>\r\n<ul>\r\n<li>Costo general de la inscripci\u00f3n: $2500<\/li>\r\n<li>Costo de la inscripci\u00f3n para estudiantes de posgrado: $1000<\/li>\r\n<li>Estudiantes de grado no abonan inscripci\u00f3n<\/li>\r\n<\/ul>\r\n<p>\r\n\r\n<\/p>\r\n<p>Si necesit\u00e1s ayuda con el pago de la inscripci\u00f3n pod\u00e9s solicitarla enviando un correo electr\u00f3nico a <strong>eamgyfm@gmail.com<\/strong> con asunto &#8220;soporte financiero-APELLIDO&#8221; sustituyendo &#8220;APELLIDO&#8221; por tu apellido y el Comit\u00e9 Organizador evaluar\u00e1 cada solicitud.<\/p>\r\n<p>\r\n\r\n<\/p>\r\n<p>Para abonar la inscripci\u00f3n, deb\u00e9s realizar una transferencia a la siguiente cuenta<\/p>\r\n<p>\r\n\r\n<\/p>\r\n<p class=\"has-text-color has-background has-medium-font-size has-vivid-red-color has-luminous-vivid-amber-background-color\" style=\"text-align: center\"><strong>Titular:<\/strong> Fundaci\u00f3n Ciencias Exactas<br \/><strong>Cuenta Corriente:<\/strong> 0663242142<br \/><strong>CBU<\/strong>: 1500016900006632421428<br \/><strong>CUIT:<\/strong> 30-64390899-5<br \/><em>Banco HSBC Sucursal 066 La Plata<\/em><\/p>\r\n<p>\r\n\r\n<\/p>\r\n<h4 class=\"wp-block-heading\">IMPORTANTE<\/h4>\r\n<p>\r\n\r\n<\/p>\r\n<p>Una vez realizada la transferencia deb\u00e9s enviar un correo electr\u00f3nico a <strong>eamgyfm@gmail.com<\/strong> con el asunto &#8220;transferencia-APELLIDO&#8221;, sustituyendo &#8220;APELLIDO&#8221; por tu apellido. En el mismo deber\u00e1s adjuntar el <strong>comprobante de la transferencia<\/strong> y especificar los <strong>datos para la confecci\u00f3n de tu factura<\/strong>, la cual te ser\u00e1 remitida a la brevedad.<\/p>\r\n<p>&nbsp;<\/p>\r\n\r\n<p>&nbsp;<\/p>\r\n","protected":false},"excerpt":{"rendered":"<p>Para inscribirte en el Primer Congreso CMaLP &#8211; III EAMGyFM ten\u00e9s que completar este formulario. Ten\u00e9 en cuenta que la fecha l\u00edmite para la inscripci\u00f3n el 5 de agosto de 2022. Extendida al 10 de agosto de 2022. Pago de la inscripci\u00f3n Costo general de la inscripci\u00f3n: $2500 Costo de la inscripci\u00f3n para estudiantes de [&hellip;]<\/p>\n","protected":false},"author":6,"featured_media":0,"parent":0,"menu_order":0,"comment_status":"closed","ping_status":"closed","template":"","meta":{"advgb_blocks_editor_width":"","advgb_blocks_columns_visual_guide":"","footnotes":""},"class_list":["post-26","page","type-page","status-publish","hentry","post"],"aioseo_notices":[],"coauthors":[],"author_meta":{"author_link":"https:\/\/congresos.unlp.edu.ar\/cmalp-eamgyfm\/author\/lemasalomone\/","display_name":"lemasalomone"},"relative_dates":{"created":"Posted 7 a\u00f1os ago","modified":"Updated 4 a\u00f1os ago"},"absolute_dates":{"created":"Posted on 15 febrero, 2019","modified":"Updated on 5 agosto, 2022"},"absolute_dates_time":{"created":"Posted on 15 febrero, 2019 10:48 am","modified":"Updated on 5 agosto, 2022 9:59 am"},"featured_img_caption":"","featured_img":false,"series_order":"","_links":{"self":[{"href":"https:\/\/congresos.unlp.edu.ar\/cmalp-eamgyfm\/wp-json\/wp\/v2\/pages\/26","targetHints":{"allow":["GET"]}}],"collection":[{"href":"https:\/\/congresos.unlp.edu.ar\/cmalp-eamgyfm\/wp-json\/wp\/v2\/pages"}],"about":[{"href":"https:\/\/congresos.unlp.edu.ar\/cmalp-eamgyfm\/wp-json\/wp\/v2\/types\/page"}],"author":[{"embeddable":true,"href":"https:\/\/congresos.unlp.edu.ar\/cmalp-eamgyfm\/wp-json\/wp\/v2\/users\/6"}],"replies":[{"embeddable":true,"href":"https:\/\/congresos.unlp.edu.ar\/cmalp-eamgyfm\/wp-json\/wp\/v2\/comments?post=26"}],"version-history":[{"count":0,"href":"https:\/\/congresos.unlp.edu.ar\/cmalp-eamgyfm\/wp-json\/wp\/v2\/pages\/26\/revisions"}],"wp:attachment":[{"href":"https:\/\/congresos.unlp.edu.ar\/cmalp-eamgyfm\/wp-json\/wp\/v2\/media?parent=26"}],"curies":[{"name":"wp","href":"https:\/\/api.w.org\/{rel}","templated":true}]}}