{"id":256,"date":"2019-05-09T09:52:36","date_gmt":"2019-05-09T12:52:36","guid":{"rendered":"https:\/\/congresos.unlp.edu.ar\/eamgyfm\/?page_id=256"},"modified":"2022-08-18T14:44:13","modified_gmt":"2022-08-18T17:44:13","slug":"cronograma","status":"publish","type":"page","link":"https:\/\/congresos.unlp.edu.ar\/cmalp-eamgyfm\/cronograma\/","title":{"rendered":"Cronograma"},"content":{"rendered":"\r\n<h1>Cronograma Primer Congreso CMaLP<\/h1>\r\n<p>El siguiente es el cronograma del Primer Congreso CMaLP, lo pod\u00e9s descargar <a href=\"http:\/\/congresos.unlp.edu.ar\/cmalp-eamgyfm\/wp-content\/uploads\/sites\/50\/2022\/08\/cronograma-PCC.pdf\" target=\"_blank\" rel=\"noreferrer noopener\" aria-label=\" (abre en una nueva pesta\u00f1a)\">ac\u00e1<\/a>.<\/p>\r\n\r\n\r\n\r\n<p>Todas las actividades se realizan en el Aula 6 del 2do piso del Departamento de Matem\u00e1tica de la Fac. de Ciencias Exactas<\/p>\r\n\r\n\r\n\r\n<figure class=\"wp-block-image\"><img loading=\"lazy\" decoding=\"async\" class=\"alignnone  wp-image-389\" src=\"http:\/\/congresos.unlp.edu.ar\/cmalp-eamgyfm\/wp-content\/uploads\/sites\/50\/2022\/08\/cronograma-PCC.png\" alt=\"\" width=\"847\" height=\"606\" \/><\/figure>\r\n<h1>Cronograma III EAMGyFM<\/h1>\r\n<p>El siguiente es el cronograma del III EAMGyFM, lo pod\u00e9s descargar <a href=\"http:\/\/congresos.unlp.edu.ar\/cmalp-eamgyfm\/wp-content\/uploads\/sites\/50\/2022\/08\/cronograma-eamgyfm.pdf\" target=\"_blank\" rel=\"noreferrer noopener\" aria-label=\" (abre en una nueva pesta\u00f1a)\">ac\u00e1<\/a>.<\/p>\r\n<p>Todas las actividades se realizan en el 1er piso del Centro de Posgrado Sergio Karakachoff (Calle 48 n<sup><u>os<\/u><\/sup> 551-599, entre calle 6 y Av. 7).<\/p>\r\n<p><img loading=\"lazy\" decoding=\"async\" class=\"alignnone  wp-image-400\" src=\"http:\/\/congresos.unlp.edu.ar\/cmalp-eamgyfm\/wp-content\/uploads\/sites\/50\/2022\/08\/cronograma-eamgyfm2.png\" alt=\"\" width=\"886\" height=\"598\" \/><\/p>\r\n","protected":false},"excerpt":{"rendered":"<p>Cronograma Primer Congreso CMaLP El siguiente es el cronograma del Primer Congreso CMaLP, lo pod\u00e9s descargar ac\u00e1. Todas las actividades se realizan en el Aula 6 del 2do piso del Departamento de Matem\u00e1tica de la Fac. de Ciencias Exactas<\/p>\n","protected":false},"author":6,"featured_media":0,"parent":0,"menu_order":0,"comment_status":"closed","ping_status":"closed","template":"","meta":{"advgb_blocks_editor_width":"","advgb_blocks_columns_visual_guide":"","footnotes":""},"class_list":["post-256","page","type-page","status-publish","hentry","post"],"aioseo_notices":[],"coauthors":[],"author_meta":{"author_link":"https:\/\/congresos.unlp.edu.ar\/cmalp-eamgyfm\/author\/lemasalomone\/","display_name":"lemasalomone"},"relative_dates":{"created":"Posted 7 a\u00f1os ago","modified":"Updated 4 a\u00f1os ago"},"absolute_dates":{"created":"Posted on 9 mayo, 2019","modified":"Updated on 18 agosto, 2022"},"absolute_dates_time":{"created":"Posted on 9 mayo, 2019 9:52 am","modified":"Updated on 18 agosto, 2022 2:44 pm"},"featured_img_caption":"","featured_img":false,"series_order":"","_links":{"self":[{"href":"https:\/\/congresos.unlp.edu.ar\/cmalp-eamgyfm\/wp-json\/wp\/v2\/pages\/256","targetHints":{"allow":["GET"]}}],"collection":[{"href":"https:\/\/congresos.unlp.edu.ar\/cmalp-eamgyfm\/wp-json\/wp\/v2\/pages"}],"about":[{"href":"https:\/\/congresos.unlp.edu.ar\/cmalp-eamgyfm\/wp-json\/wp\/v2\/types\/page"}],"author":[{"embeddable":true,"href":"https:\/\/congresos.unlp.edu.ar\/cmalp-eamgyfm\/wp-json\/wp\/v2\/users\/6"}],"replies":[{"embeddable":true,"href":"https:\/\/congresos.unlp.edu.ar\/cmalp-eamgyfm\/wp-json\/wp\/v2\/comments?post=256"}],"version-history":[{"count":0,"href":"https:\/\/congresos.unlp.edu.ar\/cmalp-eamgyfm\/wp-json\/wp\/v2\/pages\/256\/revisions"}],"wp:attachment":[{"href":"https:\/\/congresos.unlp.edu.ar\/cmalp-eamgyfm\/wp-json\/wp\/v2\/media?parent=256"}],"curies":[{"name":"wp","href":"https:\/\/api.w.org\/{rel}","templated":true}]}}