{"id":16,"date":"2019-02-05T11:10:58","date_gmt":"2019-02-05T14:10:58","guid":{"rendered":"https:\/\/congresos.unlp.edu.ar\/eamgyfm\/?page_id=11"},"modified":"2022-08-10T19:44:59","modified_gmt":"2022-08-10T22:44:59","slug":"home","status":"publish","type":"page","link":"https:\/\/congresos.unlp.edu.ar\/cmalp-eamgyfm\/home\/","title":{"rendered":"Acerca del evento"},"content":{"rendered":"\r\n<h3>Primer Congreso CMaLP<\/h3>\r\n<p>El Centro de Matem\u00e1tica de La Plata (CMaLP) es un centro dependiente de la Universidad Nacional de La Plata (UNLP) creado en 2017. Se trata del primer centro UNLP con eje principal en matem\u00e1tica, siendo sus objetivos generales realizar tareas de investigaci\u00f3n cient\u00edfica en matem\u00e1tica pura y aplicada y estad\u00edstica y promover tareas de transferencia tecnol\u00f3gica e innovaci\u00f3n de alta especializaci\u00f3n en el \u00e1mbito del Departamento de Matem\u00e1tica de la Facultad de Ciencias Exactas\u00a0 de la UNLP. En el a\u00f1o 2019, la Comisi\u00f3n de Investigaciones Cient\u00edficas de la Provincia de Buenos Aires (CICPBA) lo incorpora adem\u00e1s como centro asociado.<\/p>\r\n<p>Entre las diferentes actividades que el CMaLP prev\u00e9 llevar adelante, se encuentra la organizaci\u00f3n de un congreso propio, un espacio pensado para propiciar la comunicaci\u00f3n, la colaboraci\u00f3n y el intercambio entre investigadores y estudiantes de matem\u00e1tica. El Primer Congreso CMaLP es la primera realizaci\u00f3n de este evento, cuya frecuencia ser\u00e1 bianual y cuya tem\u00e1tica principal ser\u00e1 rotativa entre distintas ramas de la matem\u00e1tica. En esta oportunidad, el Primer Congreso CMaLP se realiza en conjunto con el III EAMGyFM, en consonancia con la tem\u00e1tica principal escogida para el mismo: Geometr\u00eda y F\u00edsica-Matem\u00e1tica.<\/p>\r\n<h3>\u00a0<\/h3>\r\n<h3>III EAMGyFM<\/h3>\r\n<p>La Mec\u00e1nica Geom\u00e9trica y la F\u00edsica-Matem\u00e1tica se encuentran en creciente desarrollo dado su profundo impacto en otras \u00e1reas de investigaci\u00f3n y en el desarrollo de tecnolog\u00edas, en conexi\u00f3n con otras diversas ramas de la f\u00edsica y la ingenier\u00eda, como tambi\u00e9n por su inter\u00e9s te\u00f3rico en matem\u00e1tica.<\/p>\r\n\r\n\r\n\r\n<p>La realizaci\u00f3n del <em>Encuentro Argentino de Mec\u00e1nica Geom\u00e9trica y F\u00edsica-Matem\u00e1tica<\/em> tiene como objetivo promover el desarrollo de la investigaci\u00f3n en temas de geometr\u00eda diferencial con aplicaciones en la mec\u00e1nica y la f\u00edsica-matem\u00e1tica en nuestro pa\u00eds. El evento se propone estimular y fortalecer las distintas colaboraciones cient\u00edficas ya existentes, e impulsar nuevas, entre los distintos grupos de investigaci\u00f3n interdisciplinarios en los temas de la reuni\u00f3n con lugar de trabajo en las distintas regiones de la Rep\u00fablica Argentina, difundiendo los temas de estudio actuales y originando discusiones sobre posibles l\u00edneas de investigaci\u00f3n com\u00fan y colaboraciones entre los distintos equipos de trabajo.<\/p>\r\n\r\n\r\n\r\n<p>Los temas del encuentro incluyen sistemas mec\u00e1nicos Lagrangianos y Hamiltonianos, simetr\u00edas en mec\u00e1nica, teor\u00edas de reducci\u00f3n, integraci\u00f3n geom\u00e9trica, teor\u00edas cl\u00e1sicas de campos, sistemas nohol\u00f3nomos, c\u00e1lculo variacional, mec\u00e1nica discreta, algebroides y grupoides de Lie y aplicaciones, estructuras de Dirac, entre otros.<\/p>\r\n\r\n\r\n\r\n\r\n\r\n<p>Para ver informaci\u00f3n sobre las realizaciones anteriores de este evento entr\u00e1 <a href=\"https:\/\/congresos.unlp.edu.ar\/eamgyfm\/\">ac\u00e1 (2019)<\/a> y <a href=\"http:\/\/www.matematica.uns.edu.ar\/eamgyfm\/Default.php\">ac\u00e1 (2017)<\/a>.<\/p>\r\n\r\n\r\n\r\n<h4 class=\"wp-block-heading\">\u00a0<\/h4>\r\n<h4>Comit\u00e9 organizador del III EAMGyFM y del Primer Congreso CMaLP<\/h4>\r\n\r\n\r\n\r\n<p>Mat\u00edas Caruso &#8211; Mar\u00eda Emma Eyrea Iraz\u00fa &#8211; Mar\u00eda Eugenia Garc\u00eda &#8211; Mariana Juchani &#8211; Leandro Salomone &#8211; Daniela Sanchez &#8211; Cora Tori<\/p>\r\n<h4>Comit\u00e9 cient\u00edfico del Primer Congreso CMaLP<\/h4>\r\n<p>\r\n\r\n<\/p>\r\n<p>Jos\u00e9 Luis Castiglioni &#8211; Gast\u00f3n Garc\u00eda &#8211; Marisa Guti\u00e9rrez &#8211; Nadia Kudraszow &#8211;<\/p>\r\n<p>Mar\u00eda Laura Schuverdt &#8211; Demetrio Stojanoff &#8211; Marcela Zuccalli<\/p>\r\n\r\n\r\n\r\n<h4 class=\"wp-block-heading\">Comit\u00e9 cient\u00edfico del III EAMGyFM<\/h4>\r\n\r\n\r\n\r\n<p>Paula Balseiro &#8211; Alejandro Cabrera &#8211; Javier Fern\u00e1ndez &#8211; Eduardo Garc\u00eda Tora\u00f1o Andr\u00e9s &#8211; Marcela Zuccalli<\/p>\r\n\r\n\r\n\r\n\r\n\r\n<p>&nbsp;<\/p>\r\n<h4>Participan<\/h4>\r\n<p>&nbsp;<\/p>\r\n<p>Mariano Est\u00e9vez &#8211; Facultad de Ciencias Exactas, UNLP<\/p>\r\n<p>Cora In\u00e9s Tori &#8211; Facultad de Ingenier\u00eda &#8211; UNLP \/ CMaLP<\/p>\r\n<p>Viviana Alejandra Diaz &#8211; Departamento de Matem\u00e1tica, Universidad Nacional del Sur<\/p>\r\n<p>Martin Paliza Sanchez &#8211; UNLP<\/p>\r\n<p>Dana Piaggio &#8211; UNS<\/p>\r\n<p>Mar\u00eda Fazzio &#8211; UNLP Facultad de Ciencias Exactas<\/p>\r\n<p>Elias Rios &#8211; INIFTA-UNLP<\/p>\r\n<p>Gisela Vanesa Clemente &#8211; UIDET, Matem\u00e1tica Aplicada, Facultad de Ingenier\u00eda, UNLP<\/p>\r\n<p>Juan Ignacio Gargano &#8211; Facultad de Ciencias Exactas y Naturales de la Universidad de Buenos Aires<\/p>\r\n<p>Francisco Valdez &#8211; Universidad de Buenos Aires<\/p>\r\n<p>Melisa Robla &#8211; Facultad de Ciencias Astronomicas y Geof\u00edsicas<\/p>\r\n<p>Layner Savi &#8211; UNLP<\/p>\r\n<p>Morena Andrieu &#8211; UNLP<\/p>\r\n<p>Carmen R\u00edos &#8211; Universidad Nacional de La Plata<\/p>\r\n<p>Nicol\u00e1s Rezzano &#8211; FCAGLP, UNLP<\/p>\r\n<p>Lucas Manzo &#8211; Instituto de F\u00edsica La Plata (IFLP)<\/p>\r\n<p>Natalia Vergani &#8211; UNLP<\/p>\r\n<p>Viviano Fern\u00e1ndez Gonz\u00e1lez &#8211; Universidad Nacional de La Plata<\/p>\r\n<p>Mat\u00edas Ignacio Caruso &#8211; CMaLP (UNLP) &#8211; CONICET<\/p>\r\n<p>Augusto Melgarejo &#8211; Departamento de Ciencias B\u00e1sicas. Facultad de Ingenier\u00eda UNLP<\/p>\r\n<p>Marila Etchechoury &#8211; UNLP<\/p>\r\n<p>Claudia B. Ruscitti &#8211; CMaLP- UNLP<\/p>\r\n<p>Yanet Alvarez &#8211; Instituto de F\u00edsica La Plata<\/p>\r\n<p>Agustina Couste &#8211; Universidad Nacional del Sur<\/p>\r\n<p>Mariela Portesi &#8211; IFLP (CONICET-UNLP)<\/p>\r\n<p>Laura Langoni &#8211; Facultad de Ingenier\u00eda, UNLP<\/p>\r\n<p>Maria Emma Eyrea Irazu &#8211; CMaLP, CONICET, departamento de Matem\u00e1tica, Fac. de Ciencias Exactas, UNLP<\/p>\r\n<p>Paula Esther Marchiano &#8211; UNLP<\/p>\r\n<p>Leandro Ruiz &#8211; Universidad Nacional del Sur<\/p>\r\n<p>Mar\u00eda Daniela S\u00e1nchez &#8211; CMaLP<\/p>\r\n<p>Nadia Fazzio &#8211; CMaLP<\/p>\r\n<p>Fernanda Daniela Micucci &#8211; Facultad de Ciencias Exactas &#8211; UNLP<\/p>\r\n<p>Mar\u00eda Eugenia Garc\u00eda &#8211; Fac. de Cs Exactas y CMaLP &#8211; UNLP<\/p>\r\n<p>Juan Manuel Pujol &#8211; UNLP<\/p>\r\n<p>Valent\u00edn Andrada &#8211; UNLP depto de matem\u00e1tica<\/p>\r\n<p>Ezequiel Figueroa &#8211; Universidad nacional de la plata<\/p>\r\n<p>Victoria Vampa &#8211; UIDET Matem\u00e1tica Aplicada. Departamento de Ciencias B\u00e1sicas. Facultad de Ingenier\u00eda. UNLP<\/p>\r\n<p>Nerina Iglesias &#8211; UNLP -FAHCE<\/p>\r\n<p>Eduardo Chiumiento &#8211; Unlp<\/p>\r\n<p>Gast\u00f3n Mathias Paez &#8211; Universidad Nacional de La Plata<\/p>\r\n<p>Ernestina Bonfiglio &#8211; UNLP<\/p>\r\n<p>Francisco Jos\u00e9 Arrieta Zuccalli &#8211; UNLP<\/p>\r\n<p>Melina Arrojo &#8211; Exactas- UNLP<\/p>\r\n<p>Mar\u00eda Laura Schuverdt &#8211; CMaLP-UNLP<\/p>\r\n<p>Marisa Gutierrez &#8211; DM la Plata<\/p>\r\n<p>Nadia Laura Kudraszow &#8211; UNLP-CONICET<\/p>\r\n<p>Nicol\u00e1s Borda &#8211; Universidad Nacional de La Plata<\/p>\r\n<p>Javier Fern\u00e1ndez &#8211; Instituto Balseiro<\/p>\r\n<p>Marcela Zuccalli &#8211; UNLP<\/p>\r\n<p>Esteban Staniscia &#8211; Facultad de ciencias exactas, UNLP<\/p>\r\n","protected":false},"excerpt":{"rendered":"<p>Primer Congreso CMaLP El Centro de Matem\u00e1tica de La Plata (CMaLP) es un centro dependiente de la Universidad Nacional de La Plata (UNLP) creado en 2017. Se trata del primer centro UNLP con eje principal en matem\u00e1tica, siendo sus objetivos generales realizar tareas de investigaci\u00f3n cient\u00edfica en matem\u00e1tica pura y aplicada y estad\u00edstica y promover [&hellip;]<\/p>\n","protected":false},"author":6,"featured_media":0,"parent":0,"menu_order":0,"comment_status":"closed","ping_status":"closed","template":"","meta":{"advgb_blocks_editor_width":"","advgb_blocks_columns_visual_guide":"","footnotes":""},"class_list":["post-16","page","type-page","status-publish","hentry","post"],"aioseo_notices":[],"coauthors":[],"author_meta":{"author_link":"https:\/\/congresos.unlp.edu.ar\/cmalp-eamgyfm\/author\/lemasalomone\/","display_name":"lemasalomone"},"relative_dates":{"created":"Posted 7 a\u00f1os ago","modified":"Updated 4 a\u00f1os ago"},"absolute_dates":{"created":"Posted on 5 febrero, 2019","modified":"Updated on 10 agosto, 2022"},"absolute_dates_time":{"created":"Posted on 5 febrero, 2019 11:10 am","modified":"Updated on 10 agosto, 2022 7:44 pm"},"featured_img_caption":"","featured_img":false,"series_order":"","_links":{"self":[{"href":"https:\/\/congresos.unlp.edu.ar\/cmalp-eamgyfm\/wp-json\/wp\/v2\/pages\/16","targetHints":{"allow":["GET"]}}],"collection":[{"href":"https:\/\/congresos.unlp.edu.ar\/cmalp-eamgyfm\/wp-json\/wp\/v2\/pages"}],"about":[{"href":"https:\/\/congresos.unlp.edu.ar\/cmalp-eamgyfm\/wp-json\/wp\/v2\/types\/page"}],"author":[{"embeddable":true,"href":"https:\/\/congresos.unlp.edu.ar\/cmalp-eamgyfm\/wp-json\/wp\/v2\/users\/6"}],"replies":[{"embeddable":true,"href":"https:\/\/congresos.unlp.edu.ar\/cmalp-eamgyfm\/wp-json\/wp\/v2\/comments?post=16"}],"version-history":[{"count":0,"href":"https:\/\/congresos.unlp.edu.ar\/cmalp-eamgyfm\/wp-json\/wp\/v2\/pages\/16\/revisions"}],"wp:attachment":[{"href":"https:\/\/congresos.unlp.edu.ar\/cmalp-eamgyfm\/wp-json\/wp\/v2\/media?parent=16"}],"curies":[{"name":"wp","href":"https:\/\/api.w.org\/{rel}","templated":true}]}}