{"id":142,"date":"2019-03-11T14:44:45","date_gmt":"2019-03-11T17:44:45","guid":{"rendered":"https:\/\/congresos.unlp.edu.ar\/eamgyfm\/?page_id=142"},"modified":"2022-08-23T23:19:59","modified_gmt":"2022-08-24T02:19:59","slug":"novedades","status":"publish","type":"page","link":"https:\/\/congresos.unlp.edu.ar\/cmalp-eamgyfm\/novedades\/","title":{"rendered":"Novedades y miscel\u00e1nea"},"content":{"rendered":"\r\n<h3 class=\"wp-block-heading\">Concurso de fotograf\u00eda<\/h3>\r\n<p>El concurso de fotograf\u00eda <em>Geometr\u00eda y La Plata<\/em> es un evento organizado por el CMaLP de manera paralela a la celebraci\u00f3n de su primer congreso. El tema escogido es la geometr\u00eda, en concordancia con el eje tem\u00e1tico de esta primera realizaci\u00f3n. Pod\u00e9s consultar las bases y condiciones para participar del mismo <a href=\"https:\/\/concursofotografia3.wixsite.com\/website\/bases-y-condiciones\">ac\u00e1<\/a>. Los premios se entregar\u00e1n durante el desarrollo del evento.<\/p>\r\n<h3>Alojamiento<\/h3>\r\n<p>Quienes necesiten alojamiento durante el evento pueden preguntar en el <strong><a href=\"http:\/\/www.hoteldelsol-laplata.com.ar\/\">Hotel del Sol<\/a><\/strong>, que ofrece una tarifa diferenciada para asistentes al encuentro.<\/p>\r\n<h3>Funci\u00f3n teatral<\/h3>\r\n<p>Como parte de las actividades del congreso, el mi\u00e9rcoles 24\/8 a las 21hs compartiremos una funci\u00f3n de la obra de teatro <b>Los hermanos Iberra<\/b> (el tr\u00e1iler puede verse <a href=\"http:\/\/congresos.unlp.edu.ar\/cmalp-eamgyfm\/wp-content\/uploads\/sites\/50\/2022\/08\/WhatsApp-Video-2022-08-10-at-3.55.47-PM.mp4\">ac\u00e1<\/a>). La funci\u00f3n se desarrollar\u00e1 en el Teatro de la Universidad Nacional de La Plata, sito en <a href=\"https:\/\/goo.gl\/maps\/YPgG1aTGcU5HudWWA\">Calle 10 n\u00ba 1076<\/a> (entre calles 54 y 55).<\/p>\r\n<h3>Cena de camarader\u00eda<\/h3>\r\n<p>El jueves 25\/8 a las 21 hs se realizar\u00e1 la cena de camarader\u00eda en el Restaurant Cortez, ubicado en <a href=\"https:\/\/goo.gl\/maps\/fE8ESeU9ZEexgyne6\">44 y 17<\/a>.<\/p>\r\n<h3>Mesa redonda: \u201cEl uso cotidiano de la matem\u00e1tica\u201d<\/h3>\r\n<p class=\"western\" align=\"justify\">Si bien sabemos que un graduado o una graduada de la carrera Licenciatura en Matem\u00e1tica puede realizar tareas de investigaci\u00f3n en la propia Facultad o en otras instituciones de la Argentina o del exterior; fuera del \u00e1mbito acad\u00e9mico tambi\u00e9n hay lugar para que los matem\u00e1ticos y las matem\u00e1ticas trabajen y se desarrollen en entidades p\u00fablicas y\/o privadas. Los invitados nos compartir\u00e1n sus experiencias en la b\u00fasqueda de trabajo en \u00e1mbitos no acad\u00e9micos y sus trayectorias desde que egresaron de la facultad hasta llegar a la posici\u00f3n que tienen en la actualidad.<\/p>\r\n<p class=\"western\" align=\"justify\"><span lang=\"en-GB\">Lic. Claudia Alvarado &#8211; Data Scientist Ssr &#8211; Despegar<\/span><\/p>\r\n<p class=\"western\"><span lang=\"en-GB\">Lic. <\/span><span lang=\"en-GB\">Tatiana Badaracco &#8211; Senior Associate Data Science &#8211; J.P Morgan<\/span><\/p>\r\n<p class=\"western\">Lic. Agust\u00edn Cochella &#8211; Cient\u00edfico de Datos &#8211; Datalytics SRL<\/p>\r\n<p class=\"western\">Dr. Sebasti\u00e1n Z\u00e1rate &#8211; Cient\u00edfico de datos &#8211; Secretar\u00eda de Innovaci\u00f3n y Transformaci\u00f3n Digital &#8211; Gobierno de la Ciudad de Buenos Aires<\/p>\r\n<p>&nbsp;<\/p>\r\n<h3>Saludo del presidente de la CIC &#8211; PBA<\/h3>\r\n<p>El presidente de la Comisi\u00f3n de Investigaciones Cient\u00edficas de la Prov. de Buenos Aires Dr. Alejandro Villar env\u00eda sus saludos y buenos deseos para este Primer Congreso del Centro de Matem\u00e1tica de La Plata. Pod\u00e9s ver el saludo <a href=\"https:\/\/drive.google.com\/file\/d\/1ES2t0UWWlQ64JWoA4uZ3rQDHV4HyWSw0\/view?usp=sharing\">ac\u00e1<\/a><\/p>\r\n\r\n\r\n","protected":false},"excerpt":{"rendered":"<p>Concurso de fotograf\u00eda El concurso de fotograf\u00eda Geometr\u00eda y La Plata es un evento organizado por el CMaLP de manera paralela a la celebraci\u00f3n de su primer congreso. El tema escogido es la geometr\u00eda, en concordancia con el eje tem\u00e1tico de esta primera realizaci\u00f3n. Pod\u00e9s consultar las bases y condiciones para participar del mismo ac\u00e1. [&hellip;]<\/p>\n","protected":false},"author":6,"featured_media":0,"parent":0,"menu_order":0,"comment_status":"closed","ping_status":"closed","template":"","meta":{"advgb_blocks_editor_width":"","advgb_blocks_columns_visual_guide":"","footnotes":""},"class_list":["post-142","page","type-page","status-publish","hentry","post"],"aioseo_notices":[],"coauthors":[],"author_meta":{"author_link":"https:\/\/congresos.unlp.edu.ar\/cmalp-eamgyfm\/author\/lemasalomone\/","display_name":"lemasalomone"},"relative_dates":{"created":"Posted 7 a\u00f1os ago","modified":"Updated 4 a\u00f1os ago"},"absolute_dates":{"created":"Posted on 11 marzo, 2019","modified":"Updated on 23 agosto, 2022"},"absolute_dates_time":{"created":"Posted on 11 marzo, 2019 2:44 pm","modified":"Updated on 23 agosto, 2022 11:19 pm"},"featured_img_caption":"","featured_img":false,"series_order":"","_links":{"self":[{"href":"https:\/\/congresos.unlp.edu.ar\/cmalp-eamgyfm\/wp-json\/wp\/v2\/pages\/142","targetHints":{"allow":["GET"]}}],"collection":[{"href":"https:\/\/congresos.unlp.edu.ar\/cmalp-eamgyfm\/wp-json\/wp\/v2\/pages"}],"about":[{"href":"https:\/\/congresos.unlp.edu.ar\/cmalp-eamgyfm\/wp-json\/wp\/v2\/types\/page"}],"author":[{"embeddable":true,"href":"https:\/\/congresos.unlp.edu.ar\/cmalp-eamgyfm\/wp-json\/wp\/v2\/users\/6"}],"replies":[{"embeddable":true,"href":"https:\/\/congresos.unlp.edu.ar\/cmalp-eamgyfm\/wp-json\/wp\/v2\/comments?post=142"}],"version-history":[{"count":0,"href":"https:\/\/congresos.unlp.edu.ar\/cmalp-eamgyfm\/wp-json\/wp\/v2\/pages\/142\/revisions"}],"wp:attachment":[{"href":"https:\/\/congresos.unlp.edu.ar\/cmalp-eamgyfm\/wp-json\/wp\/v2\/media?parent=142"}],"curies":[{"name":"wp","href":"https:\/\/api.w.org\/{rel}","templated":true}]}}