{"id":5,"date":"2023-03-31T11:59:32","date_gmt":"2023-03-31T14:59:32","guid":{"rendered":"https:\/\/congresos.unlp.edu.ar\/cipsi\/?page_id=5"},"modified":"2023-09-04T09:23:18","modified_gmt":"2023-09-04T12:23:18","slug":"presentacion","status":"publish","type":"page","link":"https:\/\/congresos.unlp.edu.ar\/cipsi\/presentacion\/","title":{"rendered":"Presentaci\u00f3n"},"content":{"rendered":"<div id=\"pl-5\"  class=\"panel-layout\" ><div id=\"pg-5-0\"  class=\"panel-grid panel-has-style\" ><div class=\"siteorigin-panels-stretch panel-row-style panel-row-style-for-5-0\" data-stretch-type=\"full-stretched\" ><div id=\"pgc-5-0-0\"  class=\"panel-grid-cell\" ><div id=\"panel-5-0-0-0\" class=\"so-panel widget widget_sow-editor panel-first-child panel-last-child\" data-index=\"0\" ><div\n\t\t\t\n\t\t\tclass=\"so-widget-sow-editor so-widget-sow-editor-base\"\n\t\t\t\n\t\t>\n<div class=\"siteorigin-widget-tinymce textwidget\">\n\t<h2 style=\"text-align: center\"><strong>PRESENTACI\u00d3N<\/strong><\/h2>\n<\/div>\n<\/div><\/div><\/div><\/div><\/div><div id=\"pg-5-1\"  class=\"panel-grid panel-has-style\" ><div class=\"panel-row-style panel-row-style-for-5-1\" ><div id=\"pgc-5-1-0\"  class=\"panel-grid-cell\" ><div id=\"panel-5-1-0-0\" class=\"so-panel widget widget_sow-editor panel-first-child panel-last-child\" data-index=\"1\" ><div\n\t\t\t\n\t\t\tclass=\"so-widget-sow-editor so-widget-sow-editor-base\"\n\t\t\t\n\t\t>\n<div class=\"siteorigin-widget-tinymce textwidget\">\n\t<p><span style=\"font-weight: 300\">La Facultad de Psicolog\u00eda tiene el agrado de invitarles al <\/span><span style=\"color: #666699\"><b>1\u00b0 Congreso Internacional de Psicolog\u00eda. \u201cA 40 a\u00f1os de la recuperaci\u00f3n democr\u00e1tica en Argentina\u201d<\/b><\/span><span style=\"font-weight: 300\">, que se celebrar\u00e1 en la Facultad de Psicolog\u00eda de la Universidad de La Plata, los d\u00edas 15, 16 y 17 de noviembre de 2023.<\/span><\/p>\n<p><span style=\"font-weight: 300\">El objetivo central del Congreso ser\u00e1 reflexionar sobre los procesos hist\u00f3ricos, pol\u00edticos, jur\u00eddicos y culturales transitados en pos de la lucha por la recuperaci\u00f3n y la consolidaci\u00f3n de la democracia en nuestro pa\u00eds, y la incidencia de esos procesos en el campo de la psicolog\u00eda. Asimismo, se propone como un espacio para la construcci\u00f3n colectiva de la memoria, proceso fundamental para la salud mental, que nos permitir\u00e1 compartir y promover debates en torno a los campos de intervenci\u00f3n reconociendo las tensiones que nos presentan las nuevas formas del lazo social, para repensar el rol y la funci\u00f3n de la psicolog\u00eda en esta \u00e9poca.<\/span><\/p>\n<p><span style=\"font-weight: 300\">Organizado y gestionado desde la universidad p\u00fablica, construimos este encuentro en di\u00e1logo con la comunidad, promoviendo una articulaci\u00f3n entre teor\u00eda y pr\u00e1ctica que fortalezca ese v\u00ednculo y permita visibilizar las pr\u00e1cticas del territorio. As\u00ed como tambi\u00e9n, propiciando el di\u00e1logo y la difusi\u00f3n de los saberes y pr\u00e1cticas de investigaci\u00f3n, extensi\u00f3n, formaci\u00f3n y gesti\u00f3n institucional en el campo de la Psicolog\u00eda, frente a los desaf\u00edos propios de los cambios socioculturales, econ\u00f3micos y pol\u00edticos.\u00a0<\/span><\/p>\n<p><span style=\"font-weight: 300\">En este sentido, el 1\u00b0 Congreso Internacional de Psicolog\u00eda pretende ser un espacio que aporte a una formaci\u00f3n profesional situada en lo epocal y cr\u00edtica, capaz de sumarse a acciones interdisciplinarias e intersectoriales.<\/span><\/p>\n<p>&nbsp;<\/p>\n<p>&nbsp;<\/p>\n<\/div>\n<\/div><\/div><\/div><\/div><\/div><\/div>","protected":false},"excerpt":{"rendered":"<p>PRESENTACI\u00d3N La Facultad de Psicolog\u00eda tiene el agrado de invitarles al 1\u00b0 Congreso Internacional de Psicolog\u00eda. \u201cA 40 a\u00f1os de la recuperaci\u00f3n democr\u00e1tica en Argentina\u201d, que se celebrar\u00e1 en la Facultad de Psicolog\u00eda de la Universidad de La Plata, los d\u00edas 15, 16 y 17 de noviembre de 2023. El objetivo central del Congreso ser\u00e1 [&hellip;]<\/p>\n","protected":false},"author":2,"featured_media":0,"parent":0,"menu_order":0,"comment_status":"closed","ping_status":"closed","template":"","meta":{"advgb_blocks_editor_width":"","advgb_blocks_columns_visual_guide":"","footnotes":""},"class_list":["post-5","page","type-page","status-publish","hentry","post"],"aioseo_notices":[],"coauthors":[],"author_meta":{"author_link":"https:\/\/congresos.unlp.edu.ar\/cipsi\/author\/congresos\/","display_name":"congresos"},"relative_dates":{"created":"Posted 3 a\u00f1os ago","modified":"Updated 3 a\u00f1os ago"},"absolute_dates":{"created":"Posted on 31 marzo, 2023","modified":"Updated on 4 septiembre, 2023"},"absolute_dates_time":{"created":"Posted on 31 marzo, 2023 11:59 am","modified":"Updated on 4 septiembre, 2023 9:23 am"},"featured_img_caption":"","featured_img":false,"series_order":"","_links":{"self":[{"href":"https:\/\/congresos.unlp.edu.ar\/cipsi\/wp-json\/wp\/v2\/pages\/5","targetHints":{"allow":["GET"]}}],"collection":[{"href":"https:\/\/congresos.unlp.edu.ar\/cipsi\/wp-json\/wp\/v2\/pages"}],"about":[{"href":"https:\/\/congresos.unlp.edu.ar\/cipsi\/wp-json\/wp\/v2\/types\/page"}],"author":[{"embeddable":true,"href":"https:\/\/congresos.unlp.edu.ar\/cipsi\/wp-json\/wp\/v2\/users\/2"}],"replies":[{"embeddable":true,"href":"https:\/\/congresos.unlp.edu.ar\/cipsi\/wp-json\/wp\/v2\/comments?post=5"}],"version-history":[{"count":0,"href":"https:\/\/congresos.unlp.edu.ar\/cipsi\/wp-json\/wp\/v2\/pages\/5\/revisions"}],"wp:attachment":[{"href":"https:\/\/congresos.unlp.edu.ar\/cipsi\/wp-json\/wp\/v2\/media?parent=5"}],"curies":[{"name":"wp","href":"https:\/\/api.w.org\/{rel}","templated":true}]}}