{"id":255,"date":"2023-09-07T11:55:17","date_gmt":"2023-09-07T14:55:17","guid":{"rendered":"https:\/\/congresos.unlp.edu.ar\/cipsi\/?page_id=255"},"modified":"2023-11-09T09:56:00","modified_gmt":"2023-11-09T12:56:00","slug":"expositores","status":"publish","type":"page","link":"https:\/\/congresos.unlp.edu.ar\/cipsi\/expositores\/","title":{"rendered":"Conferencias"},"content":{"rendered":"<div id=\"pl-255\"  class=\"panel-layout\" ><div id=\"pg-255-0\"  class=\"panel-grid panel-has-style\" ><div class=\"siteorigin-panels-stretch panel-row-style panel-row-style-for-255-0\" data-stretch-type=\"full-stretched\" ><div id=\"pgc-255-0-0\"  class=\"panel-grid-cell\" ><div id=\"panel-255-0-0-0\" class=\"so-panel widget widget_sow-editor panel-first-child panel-last-child\" data-index=\"0\" ><div\n\t\t\t\n\t\t\tclass=\"so-widget-sow-editor so-widget-sow-editor-base\"\n\t\t\t\n\t\t>\n<div class=\"siteorigin-widget-tinymce textwidget\">\n\t<h2 style=\"text-align: center\"><strong>Conferencias<\/strong><\/h2>\n<\/div>\n<\/div><\/div><\/div><\/div><\/div><div id=\"pg-255-1\"  class=\"panel-grid panel-has-style\" ><div class=\"panel-row-style panel-row-style-for-255-1\" ><div id=\"pgc-255-1-0\"  class=\"panel-grid-cell\" ><div id=\"panel-255-1-0-0\" class=\"so-panel widget widget_sow-editor panel-first-child panel-last-child\" data-index=\"1\" ><div\n\t\t\t\n\t\t\tclass=\"so-widget-sow-editor so-widget-sow-editor-base\"\n\t\t\t\n\t\t>\n<div class=\"siteorigin-widget-tinymce textwidget\">\n\t<p style=\"text-align: center\">Ya confirmaron su participaci\u00f3n en el Congreso:<\/p>\n<\/div>\n<\/div><\/div><\/div><\/div><\/div><div id=\"pg-255-2\"  class=\"panel-grid panel-has-style\" ><div class=\"panel-row-style panel-row-style-for-255-2\" ><div id=\"pgc-255-2-0\"  class=\"panel-grid-cell\" ><div class=\"so-rounded panel-cell-style panel-cell-style-for-255-2-0\" ><div id=\"panel-255-2-0-0\" class=\"so-panel widget widget_sow-editor panel-first-child panel-last-child\" data-index=\"2\" ><div class=\"panel-widget-style panel-widget-style-for-255-2-0-0\" ><div\n\t\t\t\n\t\t\tclass=\"so-widget-sow-editor so-widget-sow-editor-base\"\n\t\t\t\n\t\t>\n<div class=\"siteorigin-widget-tinymce textwidget\">\n\t<p><img loading=\"lazy\" decoding=\"async\" class=\"size-full wp-image-258 aligncenter\" src=\"http:\/\/congresos.unlp.edu.ar\/cipsi\/wp-content\/uploads\/sites\/67\/2023\/09\/1.png\" alt=\"\" width=\"600\" height=\"600\" srcset=\"https:\/\/congresos.unlp.edu.ar\/cipsi\/wp-content\/uploads\/sites\/67\/2023\/09\/1.png 600w, https:\/\/congresos.unlp.edu.ar\/cipsi\/wp-content\/uploads\/sites\/67\/2023\/09\/1-300x300.png 300w, https:\/\/congresos.unlp.edu.ar\/cipsi\/wp-content\/uploads\/sites\/67\/2023\/09\/1-150x150.png 150w\" sizes=\"auto, (max-width: 600px) 100vw, 600px\" \/><\/p>\n<h3 style=\"text-align: center\"><b>Emiliano Galende<\/b><\/h3>\n<p style=\"text-align: center\">Psicoanalista, docente e investigador en salud mental comunitaria. Autor de Psicoan\u00e1lisis y Salud Mental.<\/p>\n<\/div>\n<\/div><\/div><\/div><\/div><\/div><div id=\"pgc-255-2-1\"  class=\"panel-grid-cell\" ><div class=\"so-rounded panel-cell-style panel-cell-style-for-255-2-1\" ><div id=\"panel-255-2-1-0\" class=\"so-panel widget widget_sow-editor panel-first-child panel-last-child\" data-index=\"3\" ><div class=\"panel-widget-style panel-widget-style-for-255-2-1-0\" ><div\n\t\t\t\n\t\t\tclass=\"so-widget-sow-editor so-widget-sow-editor-base\"\n\t\t\t\n\t\t>\n<div class=\"siteorigin-widget-tinymce textwidget\">\n\t<p><img loading=\"lazy\" decoding=\"async\" class=\"wp-image-262 size-full aligncenter\" src=\"http:\/\/congresos.unlp.edu.ar\/cipsi\/wp-content\/uploads\/sites\/67\/2023\/09\/2.png\" alt=\"\" width=\"600\" height=\"600\" srcset=\"https:\/\/congresos.unlp.edu.ar\/cipsi\/wp-content\/uploads\/sites\/67\/2023\/09\/2.png 600w, https:\/\/congresos.unlp.edu.ar\/cipsi\/wp-content\/uploads\/sites\/67\/2023\/09\/2-300x300.png 300w, https:\/\/congresos.unlp.edu.ar\/cipsi\/wp-content\/uploads\/sites\/67\/2023\/09\/2-150x150.png 150w\" sizes=\"auto, (max-width: 600px) 100vw, 600px\" \/><\/p>\n<h3 style=\"text-align: center\"><b>Irene Fridman<\/b><\/h3>\n<p style=\"text-align: center\">Psic\u00f3loga, psicoanalista y especialista en psicoan\u00e1lisis y teor\u00edas de g\u00e9nero. Consultora ONU, PNUD para la Oficina de Violencia Dom\u00e9stica (OVD) de la Corte Suprema de Justicia de la Naci\u00f3n.<\/p>\n<\/div>\n<\/div><\/div><\/div><\/div><\/div><div id=\"pgc-255-2-2\"  class=\"panel-grid-cell\" ><div class=\"so-rounded panel-cell-style panel-cell-style-for-255-2-2\" ><div id=\"panel-255-2-2-0\" class=\"so-panel widget widget_sow-editor panel-first-child panel-last-child\" data-index=\"4\" ><div class=\"panel-widget-style panel-widget-style-for-255-2-2-0\" ><div\n\t\t\t\n\t\t\tclass=\"so-widget-sow-editor so-widget-sow-editor-base\"\n\t\t\t\n\t\t>\n<div class=\"siteorigin-widget-tinymce textwidget\">\n\t<p><img loading=\"lazy\" decoding=\"async\" class=\"wp-image-263 size-full aligncenter\" src=\"http:\/\/congresos.unlp.edu.ar\/cipsi\/wp-content\/uploads\/sites\/67\/2023\/09\/3.png\" alt=\"\" width=\"600\" height=\"600\" srcset=\"https:\/\/congresos.unlp.edu.ar\/cipsi\/wp-content\/uploads\/sites\/67\/2023\/09\/3.png 600w, https:\/\/congresos.unlp.edu.ar\/cipsi\/wp-content\/uploads\/sites\/67\/2023\/09\/3-300x300.png 300w, https:\/\/congresos.unlp.edu.ar\/cipsi\/wp-content\/uploads\/sites\/67\/2023\/09\/3-150x150.png 150w\" sizes=\"auto, (max-width: 600px) 100vw, 600px\" \/><\/p>\n<h3 style=\"text-align: center\"><b>Nora Merl\u00edn<\/b><\/h3>\n<p style=\"text-align: center\">Magister en Ciencias Pol\u00edticas y psicoanalista, docente UNLA e investigadora CLACSO. Autora de Populismo y psicoan\u00e1lisis.<\/p>\n<\/div>\n<\/div><\/div><\/div><\/div><\/div><\/div><\/div><\/div>","protected":false},"excerpt":{"rendered":"<p>Conferencias Ya confirmaron su participaci\u00f3n en el Congreso:<\/p>\n","protected":false},"author":49,"featured_media":0,"parent":0,"menu_order":0,"comment_status":"closed","ping_status":"closed","template":"","meta":{"advgb_blocks_editor_width":"","advgb_blocks_columns_visual_guide":"","footnotes":""},"class_list":["post-255","page","type-page","status-publish","hentry","post"],"aioseo_notices":[],"coauthors":[],"author_meta":{"author_link":"https:\/\/congresos.unlp.edu.ar\/cipsi\/author\/agustina\/","display_name":"agustina"},"relative_dates":{"created":"Posted 3 a\u00f1os ago","modified":"Updated 2 a\u00f1os ago"},"absolute_dates":{"created":"Posted on 7 septiembre, 2023","modified":"Updated on 9 noviembre, 2023"},"absolute_dates_time":{"created":"Posted on 7 septiembre, 2023 11:55 am","modified":"Updated on 9 noviembre, 2023 9:56 am"},"featured_img_caption":"","featured_img":false,"series_order":"","_links":{"self":[{"href":"https:\/\/congresos.unlp.edu.ar\/cipsi\/wp-json\/wp\/v2\/pages\/255","targetHints":{"allow":["GET"]}}],"collection":[{"href":"https:\/\/congresos.unlp.edu.ar\/cipsi\/wp-json\/wp\/v2\/pages"}],"about":[{"href":"https:\/\/congresos.unlp.edu.ar\/cipsi\/wp-json\/wp\/v2\/types\/page"}],"author":[{"embeddable":true,"href":"https:\/\/congresos.unlp.edu.ar\/cipsi\/wp-json\/wp\/v2\/users\/49"}],"replies":[{"embeddable":true,"href":"https:\/\/congresos.unlp.edu.ar\/cipsi\/wp-json\/wp\/v2\/comments?post=255"}],"version-history":[{"count":0,"href":"https:\/\/congresos.unlp.edu.ar\/cipsi\/wp-json\/wp\/v2\/pages\/255\/revisions"}],"wp:attachment":[{"href":"https:\/\/congresos.unlp.edu.ar\/cipsi\/wp-json\/wp\/v2\/media?parent=255"}],"curies":[{"name":"wp","href":"https:\/\/api.w.org\/{rel}","templated":true}]}}