{"id":139,"date":"2023-06-14T13:05:36","date_gmt":"2023-06-14T16:05:36","guid":{"rendered":"https:\/\/congresos.unlp.edu.ar\/cipsi\/?page_id=139"},"modified":"2024-03-08T10:10:51","modified_gmt":"2024-03-08T13:10:51","slug":"fechas-importantes","status":"publish","type":"page","link":"https:\/\/congresos.unlp.edu.ar\/cipsi\/fechas-importantes\/","title":{"rendered":"Fechas importantes"},"content":{"rendered":"<div id=\"pl-139\"  class=\"panel-layout\" ><div id=\"pg-139-0\"  class=\"panel-grid panel-has-style\" ><div class=\"siteorigin-panels-stretch panel-row-style panel-row-style-for-139-0\" data-stretch-type=\"full-width-stretch\" ><div id=\"pgc-139-0-0\"  class=\"panel-grid-cell\" ><div id=\"panel-139-0-0-0\" class=\"so-panel widget widget_sow-editor panel-first-child panel-last-child\" data-index=\"0\" ><div\n\t\t\t\n\t\t\tclass=\"so-widget-sow-editor so-widget-sow-editor-base\"\n\t\t\t\n\t\t>\n<div class=\"siteorigin-widget-tinymce textwidget\">\n\t<h2 style=\"text-align: center\"><strong>FECHAS IMPORTANTES<\/strong><\/h2>\n<\/div>\n<\/div><\/div><\/div><\/div><\/div><div id=\"pg-139-1\"  class=\"panel-grid panel-has-style\" ><div class=\"panel-row-style panel-row-style-for-139-1\" ><div id=\"pgc-139-1-0\"  class=\"panel-grid-cell\" ><div id=\"panel-139-1-0-0\" class=\"so-panel widget widget_sow-editor panel-first-child\" data-index=\"1\" ><div\n\t\t\t\n\t\t\tclass=\"so-widget-sow-editor so-widget-sow-editor-base\"\n\t\t\t\n\t\t>\n<div class=\"siteorigin-widget-tinymce textwidget\">\n\t<ul>\n<li>PR\u00d3RROGA PARA EL ENVIO DE TRABAJOS COMPLETOS \u201cPrimer Congreso Internacional de Psicolog\u00eda. A cuarenta a\u00f1os de la recuperaci\u00f3n Democr\u00e1tica en Argentina\u201d<\/li>\n<\/ul>\n<\/div>\n<\/div><\/div><div id=\"panel-139-1-0-1\" class=\"so-panel widget widget_sow-editor panel-last-child\" data-index=\"2\" ><div class=\"panel-widget-style panel-widget-style-for-139-1-0-1\" ><div\n\t\t\t\n\t\t\tclass=\"so-widget-sow-editor so-widget-sow-editor-base\"\n\t\t\t\n\t\t>\n<div class=\"siteorigin-widget-tinymce textwidget\">\n\t<p style=\"text-align: center\"><strong>Nueva fecha l\u00edmite para la carga de trabajos completos: <\/strong>3 de abril de 2024.-<\/p>\n<\/div>\n<\/div><\/div><\/div><\/div><\/div><\/div><\/div>","protected":false},"excerpt":{"rendered":"<p>FECHAS IMPORTANTES PR\u00d3RROGA PARA EL ENVIO DE TRABAJOS COMPLETOS \u201cPrimer Congreso Internacional de Psicolog\u00eda. A cuarenta a\u00f1os de la recuperaci\u00f3n Democr\u00e1tica en Argentina\u201d Nueva fecha l\u00edmite para la carga de trabajos completos: 3 de abril de 2024.-<\/p>\n","protected":false},"author":49,"featured_media":0,"parent":0,"menu_order":0,"comment_status":"closed","ping_status":"closed","template":"","meta":{"advgb_blocks_editor_width":"","advgb_blocks_columns_visual_guide":"","footnotes":""},"class_list":["post-139","page","type-page","status-publish","hentry","post"],"aioseo_notices":[],"coauthors":[],"author_meta":{"author_link":"https:\/\/congresos.unlp.edu.ar\/cipsi\/author\/agustina\/","display_name":"agustina"},"relative_dates":{"created":"Posted 3 a\u00f1os ago","modified":"Updated 2 a\u00f1os ago"},"absolute_dates":{"created":"Posted on 14 junio, 2023","modified":"Updated on 8 marzo, 2024"},"absolute_dates_time":{"created":"Posted on 14 junio, 2023 1:05 pm","modified":"Updated on 8 marzo, 2024 10:10 am"},"featured_img_caption":"","featured_img":false,"series_order":"","_links":{"self":[{"href":"https:\/\/congresos.unlp.edu.ar\/cipsi\/wp-json\/wp\/v2\/pages\/139","targetHints":{"allow":["GET"]}}],"collection":[{"href":"https:\/\/congresos.unlp.edu.ar\/cipsi\/wp-json\/wp\/v2\/pages"}],"about":[{"href":"https:\/\/congresos.unlp.edu.ar\/cipsi\/wp-json\/wp\/v2\/types\/page"}],"author":[{"embeddable":true,"href":"https:\/\/congresos.unlp.edu.ar\/cipsi\/wp-json\/wp\/v2\/users\/49"}],"replies":[{"embeddable":true,"href":"https:\/\/congresos.unlp.edu.ar\/cipsi\/wp-json\/wp\/v2\/comments?post=139"}],"version-history":[{"count":0,"href":"https:\/\/congresos.unlp.edu.ar\/cipsi\/wp-json\/wp\/v2\/pages\/139\/revisions"}],"wp:attachment":[{"href":"https:\/\/congresos.unlp.edu.ar\/cipsi\/wp-json\/wp\/v2\/media?parent=139"}],"curies":[{"name":"wp","href":"https:\/\/api.w.org\/{rel}","templated":true}]}}