{"id":134,"date":"2023-06-14T13:02:27","date_gmt":"2023-06-14T16:02:27","guid":{"rendered":"https:\/\/congresos.unlp.edu.ar\/cipsi\/?page_id=134"},"modified":"2023-09-04T09:30:19","modified_gmt":"2023-09-04T12:30:19","slug":"ejes-y-temas","status":"publish","type":"page","link":"https:\/\/congresos.unlp.edu.ar\/cipsi\/ejes-y-temas\/","title":{"rendered":"Ejes y Temas"},"content":{"rendered":"<div id=\"pl-134\"  class=\"panel-layout\" ><div id=\"pg-134-0\"  class=\"panel-grid panel-has-style\" ><div class=\"siteorigin-panels-stretch panel-row-style panel-row-style-for-134-0\" data-stretch-type=\"full-stretched\" ><div id=\"pgc-134-0-0\"  class=\"panel-grid-cell\" ><div id=\"panel-134-0-0-0\" class=\"so-panel widget widget_sow-editor panel-first-child panel-last-child\" data-index=\"0\" ><div\n\t\t\t\n\t\t\tclass=\"so-widget-sow-editor so-widget-sow-editor-base\"\n\t\t\t\n\t\t>\n<div class=\"siteorigin-widget-tinymce textwidget\">\n\t<h2 style=\"text-align: center\"><strong>EJES Y TEMAS<\/strong><\/h2>\n<\/div>\n<\/div><\/div><\/div><\/div><\/div><div id=\"pg-134-1\"  class=\"panel-grid panel-has-style\" ><div class=\"panel-row-style panel-row-style-for-134-1\" ><div id=\"pgc-134-1-0\"  class=\"panel-grid-cell\" ><div id=\"panel-134-1-0-0\" class=\"so-panel widget widget_sow-editor panel-first-child\" data-index=\"1\" ><div\n\t\t\t\n\t\t\tclass=\"so-widget-sow-editor so-widget-sow-editor-base\"\n\t\t\t\n\t\t>\n<div class=\"siteorigin-widget-tinymce textwidget\">\n\t<h3><b>Ejes<\/b><\/h3>\n<ul>\n<li><span style=\"font-weight: 300\">Formaci\u00f3n y actualizaci\u00f3n <\/span> <span style=\"font-weight: 300\">en el campo de la Psicolog\u00eda frente a las problem\u00e1ticas actuales<\/span><\/li>\n<li><span style=\"font-weight: 300\">Estrategias de gesti\u00f3n e implementaci\u00f3n de Pol\u00edticas P\u00fablicas en Salud Mental y DDHH<\/span><\/li>\n<li><span style=\"font-weight: 300\">Actualizaci\u00f3n de la investigaci\u00f3n en el campo de la Salud Mental y DDHH<\/span><\/li>\n<li><span style=\"font-weight: 300\">Problem\u00e1ticas actuales y modalidades de intervenci\u00f3n en y desde la Psicolog\u00eda<\/span><\/li>\n<\/ul>\n<h3><b>Temas<\/b><\/h3>\n<ul>\n<li><span style=\"font-weight: 300\">Epistemolog\u00eda y Metodolog\u00eda de la investigaci\u00f3n en Psicolog\u00eda<\/span><\/li>\n<li><span style=\"font-weight: 300\">Atravesamientos \u00e9tico-pol\u00edticos en la Historia de la Psicolog\u00eda<\/span><\/li>\n<li><span style=\"font-weight: 300\">Problem\u00e1ticas actuales en Psicolog\u00eda Cl\u00ednica,\u00a0 Psicoan\u00e1lisis y Psicopatolog\u00eda<\/span><\/li>\n<li><span style=\"font-weight: 300\">Psicolog\u00eda del Desarrollo, enfoques y producciones en el devenir subjetivo<\/span><\/li>\n<li><span style=\"font-weight: 300\">La Psicolog\u00eda en el \u00e1mbito de las organizaciones del trabajo\u00a0<\/span><\/li>\n<li><span style=\"font-weight: 300\">La psicolog\u00eda en el \u00e1mbito socioeducativo<\/span><\/li>\n<li><span style=\"font-weight: 300\">Abordajes de g\u00e9neros, diversidad y disidencias sexoafectivas<\/span><\/li>\n<li><span style=\"font-weight: 300\">La psicolog\u00eda desde la perspectiva jur\u00eddico forense<\/span><\/li>\n<li><span style=\"font-weight: 300\">Discurso, mediaciones y tecnolog\u00edas en el campo de la psicolog\u00eda<\/span><\/li>\n<li><span style=\"font-weight: 300\">Salud social, comunitaria y pol\u00edticas p\u00fablicas<\/span><\/li>\n<li><span style=\"font-weight: 300\">La exploraci\u00f3n y el diagn\u00f3stico en psicolog\u00eda, desaf\u00edos actuales<\/span><\/li>\n<li><span style=\"font-weight: 300\">La ense\u00f1anza de la psicolog\u00eda<\/span><\/li>\n<li><span style=\"font-weight: 300\">Pareja, vinculos sexoafectivos, familia y nuevas parentalidades<\/span><\/li>\n<li><span style=\"font-weight: 300\">Psicolog\u00eda del Envejecimiento<\/span><\/li>\n<\/ul>\n<\/div>\n<\/div><\/div><div id=\"panel-134-1-0-1\" class=\"so-panel widget widget_sow-editor panel-last-child\" data-index=\"2\" ><div class=\"panel-widget-style panel-widget-style-for-134-1-0-1\" ><div\n\t\t\t\n\t\t\tclass=\"so-widget-sow-editor so-widget-sow-editor-base\"\n\t\t\t\n\t\t>\n<div class=\"siteorigin-widget-tinymce textwidget\">\n\t<p style=\"text-align: center\"><b>Cada propuesta presentada al Congreso deber\u00e1 incluirse dentro de alguno de los ejes seleccionados y orientarse en el marco de una tem\u00e1tica entre las sugeridas.<\/b><\/p>\n<\/div>\n<\/div><\/div><\/div><\/div><\/div><\/div><\/div>","protected":false},"excerpt":{"rendered":"<p>EJES Y TEMAS Ejes Formaci\u00f3n y actualizaci\u00f3n en el campo de la Psicolog\u00eda frente a las problem\u00e1ticas actuales Estrategias de gesti\u00f3n e implementaci\u00f3n de Pol\u00edticas P\u00fablicas en Salud Mental y DDHH Actualizaci\u00f3n de la investigaci\u00f3n en el campo de la Salud Mental y DDHH Problem\u00e1ticas actuales y modalidades de intervenci\u00f3n en y desde la Psicolog\u00eda [&hellip;]<\/p>\n","protected":false},"author":49,"featured_media":0,"parent":0,"menu_order":0,"comment_status":"closed","ping_status":"closed","template":"","meta":{"advgb_blocks_editor_width":"","advgb_blocks_columns_visual_guide":"","footnotes":""},"class_list":["post-134","page","type-page","status-publish","hentry","post"],"aioseo_notices":[],"coauthors":[],"author_meta":{"author_link":"https:\/\/congresos.unlp.edu.ar\/cipsi\/author\/agustina\/","display_name":"agustina"},"relative_dates":{"created":"Posted 3 a\u00f1os ago","modified":"Updated 3 a\u00f1os ago"},"absolute_dates":{"created":"Posted on 14 junio, 2023","modified":"Updated on 4 septiembre, 2023"},"absolute_dates_time":{"created":"Posted on 14 junio, 2023 1:02 pm","modified":"Updated on 4 septiembre, 2023 9:30 am"},"featured_img_caption":"","featured_img":false,"series_order":"","_links":{"self":[{"href":"https:\/\/congresos.unlp.edu.ar\/cipsi\/wp-json\/wp\/v2\/pages\/134","targetHints":{"allow":["GET"]}}],"collection":[{"href":"https:\/\/congresos.unlp.edu.ar\/cipsi\/wp-json\/wp\/v2\/pages"}],"about":[{"href":"https:\/\/congresos.unlp.edu.ar\/cipsi\/wp-json\/wp\/v2\/types\/page"}],"author":[{"embeddable":true,"href":"https:\/\/congresos.unlp.edu.ar\/cipsi\/wp-json\/wp\/v2\/users\/49"}],"replies":[{"embeddable":true,"href":"https:\/\/congresos.unlp.edu.ar\/cipsi\/wp-json\/wp\/v2\/comments?post=134"}],"version-history":[{"count":0,"href":"https:\/\/congresos.unlp.edu.ar\/cipsi\/wp-json\/wp\/v2\/pages\/134\/revisions"}],"wp:attachment":[{"href":"https:\/\/congresos.unlp.edu.ar\/cipsi\/wp-json\/wp\/v2\/media?parent=134"}],"curies":[{"name":"wp","href":"https:\/\/api.w.org\/{rel}","templated":true}]}}