{"id":11,"date":"2023-03-31T12:00:06","date_gmt":"2023-03-31T15:00:06","guid":{"rendered":"https:\/\/congresos.unlp.edu.ar\/cipsi\/?page_id=11"},"modified":"2023-11-14T14:35:06","modified_gmt":"2023-11-14T17:35:06","slug":"programa","status":"publish","type":"page","link":"https:\/\/congresos.unlp.edu.ar\/cipsi\/programa\/","title":{"rendered":"Programa"},"content":{"rendered":"<div id=\"pl-11\"  class=\"panel-layout\" ><div id=\"pg-11-0\"  class=\"panel-grid panel-has-style\" ><div class=\"siteorigin-panels-stretch panel-row-style panel-row-style-for-11-0\" data-stretch-type=\"full-stretched\" ><div id=\"pgc-11-0-0\"  class=\"panel-grid-cell\" ><div id=\"panel-11-0-0-0\" class=\"so-panel widget widget_sow-editor panel-first-child panel-last-child\" data-index=\"0\" ><div\n\t\t\t\n\t\t\tclass=\"so-widget-sow-editor so-widget-sow-editor-base\"\n\t\t\t\n\t\t>\n<div class=\"siteorigin-widget-tinymce textwidget\">\n\t<h2 style=\"text-align: center\"><strong>PROGRAMA GENERAL<\/strong><\/h2>\n<\/div>\n<\/div><\/div><\/div><\/div><\/div><div id=\"pg-11-1\"  class=\"panel-grid panel-has-style\" ><div class=\"so-rounded panel-row-style panel-row-style-for-11-1\" ><div id=\"pgc-11-1-0\"  class=\"panel-grid-cell\" ><div id=\"panel-11-1-0-0\" class=\"so-panel widget widget_sow-editor panel-first-child panel-last-child\" data-index=\"1\" ><div\n\t\t\t\n\t\t\tclass=\"so-widget-sow-editor so-widget-sow-editor-base\"\n\t\t\t\n\t\t>\n<div class=\"siteorigin-widget-tinymce textwidget\">\n\t<h3 lang=\"es-ES\" style=\"text-align: center\"><span style=\"color: #ffffff\">MI\u00c9RCOLES 15 DE NOVIEMBRE<\/span><\/h3>\n<\/div>\n<\/div><\/div><\/div><\/div><\/div><div id=\"pg-11-2\"  class=\"panel-grid panel-has-style\" ><div class=\"panel-row-style panel-row-style-for-11-2\" ><div id=\"pgc-11-2-0\"  class=\"panel-grid-cell\" ><div id=\"panel-11-2-0-0\" class=\"so-panel widget widget_sow-editor panel-first-child panel-last-child\" data-index=\"2\" ><div\n\t\t\t\n\t\t\tclass=\"so-widget-sow-editor so-widget-sow-editor-base\"\n\t\t\t\n\t\t>\n<div class=\"siteorigin-widget-tinymce textwidget\">\n\t<h3>10 HS- ACREDITACI\u00d3N.<\/h3>\n<p>Hall de entrada.<\/p>\n<h3>14 HS- ACTO DE APERTURA.<\/h3>\n<p><strong>Mg. Mart\u00edn L\u00f3pez Armengol.<\/strong> <em>Presidente UNLP.<\/em><br \/>\n<strong>Esp. Mar\u00eda Cristina Piro.<\/strong> <em>Decana de la Facultad de Psicolog\u00eda UNLP.<\/em><strong><br \/>\nHoracio Pietragalla. <\/strong>Secretario de Derechos Humanos de la Naci\u00f3n Argentina<strong><br \/>\nMiguel Santucho.<\/strong> <em>Comisi\u00f3n Directiva de Abuelas de Plaza de Mayo.<\/em><\/p>\n<p>Sal\u00f3n Auditorio.<\/p>\n<h3>15 hs. ACTO DE INAUGURACI\u00d3N SECTORES DE BIBLIOTECA Y RECONOCIMIENTO A DOCENTES: PROF. PSIC. GRACIELA PETRIZ, PROF. PSIC. EDITH ALBA P\u00c9REZ Y PROF. DOC. HELENA LUNAZZI DE JUBANY.<\/h3>\n<p>Aula Biblioteca.<\/p>\n<h3>15:30 hs - PROYECCI\u00d3N DEL DOCUMENTAL \u201cLACAN EN CARACAS\u201d.<\/h3>\n<p><strong>Comenta:<\/strong> <strong>Dr. Luis Sanfelippo.<\/strong> <em>Director del Programa de Actualizaci\u00f3n en Psicoan\u00e1lisis y Salud Mental (UNLP).<\/em><\/p>\n<p>Sal\u00f3n Auditorio.<\/p>\n<h3>16 hs - CONVERSATORIOS.<\/h3>\n<p><strong>RONDA DE DEBATE \u201cEXPERIENCIAS DE SALUD MENTAL COMUNITARIA EN LATINOAM\u00c9RICA\u201d PRE IV CONFERENCIA REGIONAL DE SALUD MENTAL COMUNITARIA.<\/strong><\/p>\n<p style=\"padding-left: 40px\"><strong>Coordina:<\/strong> <strong>Dra. Claudia Orleans.<\/strong> <em>Directora de Actuaciones en Redes de Salud Mental y Derechos Humanos.<\/em><\/p>\n<p style=\"padding-left: 40px\"><a href=\"https:\/\/www.youtube.com\/@fpsicologiaunlp\">Transmitido por el Canal de YouTube de la Facultad de Psicolog\u00eda UNLP.<\/a><\/p>\n<p><strong>INVESTIGAR EN PSICOLOG\u00cdA: \"La Red de Internacionalizaci\u00f3n de la Psicolog\u00eda (RIPA) un desaf\u00edo innovador. A 40 a\u00f1os de camino en democracia\".<\/strong><\/p>\n<p style=\"padding-left: 40px\"><strong>Coordinan: Dr. Guillermo Finoquetto.<\/strong> <em>Facultad de Psicolog\u00eda UNR-Miembro de RIPA.<\/em><\/p>\n<p style=\"padding-left: 40px\"><strong>Prof. Alejandra Valentino.<\/strong> <em>Secretaria de Investigaci\u00f3n. Facultad de Psicolog\u00eda UNLP-Miembro de RIPA.<\/em><\/p>\n<p style=\"padding-left: 40px\">Aula 105.<\/p>\n<h3>16:30 hs - PRESENTACI\u00d3N LIBRO \u201c\u00c9TICA, PODER Y TECNOLOG\u00cdAS. REDES SOCIALES E INTELIGENCIA ARTIFICIAL DESDE EL SUR GLOBAL\u201d de la Dra. Ver\u00f3nica Sforzin.<\/h3>\n<p>Aula Biblioteca.<\/p>\n<h3>18 hs - CONFERENCIA INAUGURAL DEL DR. EMILIANO GALENDE: \u201cLA PSICOLOG\u00cdA Y LA PALABRA\u201d<\/h3>\n<p><strong>Dr. Emiliano Galende.<\/strong> <em>Psicoanalista, docente, m\u00e9dico e investigador en salud mental comunitaria. Autor de Psicoan\u00e1lisis y Salud Mental, entre numerosos t\u00edtulos destacados.<\/em><\/p>\n<p>Sal\u00f3n Auditorio.<\/p>\n<\/div>\n<\/div><\/div><\/div><\/div><\/div><div id=\"pg-11-3\"  class=\"panel-grid panel-has-style\" ><div class=\"so-rounded panel-row-style panel-row-style-for-11-3\" ><div id=\"pgc-11-3-0\"  class=\"panel-grid-cell\" ><div id=\"panel-11-3-0-0\" class=\"so-panel widget widget_sow-editor panel-first-child panel-last-child\" data-index=\"3\" ><div\n\t\t\t\n\t\t\tclass=\"so-widget-sow-editor so-widget-sow-editor-base\"\n\t\t\t\n\t\t>\n<div class=\"siteorigin-widget-tinymce textwidget\">\n\t<h3 lang=\"es-ES\" style=\"text-align: center\"><span style=\"color: #ffffff\">JUEVES 16 DE NOVIEMBRE<\/span><\/h3>\n<\/div>\n<\/div><\/div><\/div><\/div><\/div><div id=\"pg-11-4\"  class=\"panel-grid panel-has-style\" ><div class=\"panel-row-style panel-row-style-for-11-4\" ><div id=\"pgc-11-4-0\"  class=\"panel-grid-cell\" ><div id=\"panel-11-4-0-0\" class=\"so-panel widget widget_sow-editor panel-first-child panel-last-child\" data-index=\"4\" ><div\n\t\t\t\n\t\t\tclass=\"so-widget-sow-editor so-widget-sow-editor-base\"\n\t\t\t\n\t\t>\n<div class=\"siteorigin-widget-tinymce textwidget\">\n\t<hr \/>\n<p><span style=\"color: #808080\"><strong>EJE 1. FORMACI\u00d3N Y ACTUALIZACI\u00d3N EN EL CAMPO DE LA PSICOLOG\u00cdA FRENTE A LAS PROBLEM\u00c1TICAS ACTUALES.<\/strong><\/span><\/p>\n<hr \/>\n<h3>9 a 10.30 HS - CONFERENCIA LIC. IRENE FRIDMAN: \"TRABAJANDO EN VIOLENCIA DE G\u00c9NERO. OBST\u00c1CULOS Y DESAF\u00cdOS\u201d.<\/h3>\n<p><strong>Lic. Irene Fridman.<\/strong> <em>Psic\u00f3loga, psicoanalista y especialista en psicoan\u00e1lisis y teor\u00edas de g\u00e9nero. Consultora ONU, PNUD para la Oficina de Violencia Dom\u00e9stica de la Corte Suprema de Justicia de la Naci\u00f3n.<\/em><\/p>\n<p>Sal\u00f3n Auditorio.<\/p>\n<h3>10.30 a 12 HS - MESAS DE PONENCIAS LIBRES<\/h3>\n<h3>10.30 a 11.30 HS - PRESENTACI\u00d3N LIBRO \u201cAPORTES PARA LA FORMACI\u00d3N UNIVERSITARIA EN ACOMPA\u00d1AMIENTO TERAP\u00c9UTICO. PERSPECTIVAS Y DEBATES ACTUALES\u201d de Lic. Elisa Urtubey, Lic. Helga Roberts y Lic. Mart\u00edn Sosa.<\/h3>\n<h3>10.30 a 12 HS - <a href=\"https:\/\/docs.google.com\/spreadsheets\/d\/e\/2PACX-1vSoW1JaUhnZ0cSaSgXNYH3sdxA-SzZ6z4tDdSX0iRdc_2KsALISXYvB5RjLIrFz0-TyBNeAaAaUjKsC\/pubhtml\">MESAS AUTOCONVOCADAS. TALLERES. PANELES. (ver cronograma)<\/a><\/h3>\n<h3>11 a 12 hs \u2013 ENTREVISTA \u201cPASADO, PRESENTE Y FUTURO DE LA REVISTA DE PSICOLOG\u00cdA UNLP: A 5 A\u00d1OS DEL LANZAMIENTO DE LA TERCERA \u00c9POCA\u201d. Entrevista al Editor en jefe de la Revista de Psicolog\u00eda UNLP, Dr. Nicol\u00e1s Alessandroni.<\/h3>\n<p><strong>A cargo de la Prof. Anal\u00eda Basualdo.<\/strong><\/p>\n<p><a href=\"https:\/\/www.youtube.com\/@fpsicologiaunlp\">Transmitido por el Canal de YouTube de la Facultad de Psicolog\u00eda UNLP.<\/a><\/p>\n<h3>12 a 13.30 HS \u2013 CONVERSATORIOS<\/h3>\n<p><strong>\u201cARTICULACI\u00d3N ENTRE EXTENSI\u00d3N E INVESTIGACI\u00d3N. EXTENSIONISTAS. BECARIXS DE INVESTIGACI\u00d3N y TIFS\u201d.<\/strong><\/p>\n<p style=\"padding-left: 40px\"><strong>Coordinan: Mg. Adriana Villalva.<\/strong> <em>Secretaria de Extensi\u00f3n, Facultad de Psicolog\u00eda UNLP<\/em><br \/>\n<strong>Prof. Alejandra Valentino.<\/strong> <em>Secretaria de Investigaci\u00f3n. Facultad de Psicolog\u00eda UNLP.<\/em><\/p>\n<p style=\"padding-left: 40px\">Aula 104.<\/p>\n<h3>12 a 13 HS \u2013 PRESENTACI\u00d3N DE LIBRO \u201cENSE\u00d1AR HISTORIA EN LA ERA DIGITAL\u201d de Dr. Mario Carretero.<\/h3>\n<p>Aula Biblioteca.<\/p>\n<h3>13.30 a 14 HS - RECESO ALMUERZO<\/h3>\n<hr \/>\n<p><span style=\"color: #808080\"><strong>EJE 3: ACTUALIZACI\u00d3N DE LA INVESTIGACI\u00d3N EN EL CAMPO DE LA SALUD MENTAL Y DDHH.<\/strong><\/span><\/p>\n<hr \/>\n<h3>14 a 15.30 HS - PANEL \u201cLA FORMACI\u00d3N CIUDADANA Y LA PARTICIPACI\u00d3N DE NI\u00d1OS, NI\u00d1AS Y J\u00d3VENES A 40 A\u00d1OS DE DEMOCRACIA\u201d.<\/h3>\n<p>Participan:<br \/>\n<strong>Dr. Jos\u00e9 Antonio Castorina.<\/strong><br \/>\n<strong>Dr. Mario Carretero.<\/strong><br \/>\n<strong>Dra. Alicia Barreiro.<\/strong><br \/>\n<strong>Lic. Mariela Helman.<\/strong><\/p>\n<p><strong>Modera: Dr. Axel Horn.<\/strong><\/p>\n<p>Aula 212.<\/p>\n<h3>14 a 15 HS - PRESENTACI\u00d3N DE LIBRO \u201cDIARIO DE UN DEFENSOR DE PIBES CHORROS\u201d de Dr. Julian Axat.<\/h3>\n<p>Con la presencia del autor, abogado y escritor Julian Axat.<\/p>\n<p><strong>Participan:<\/strong><br \/>\n<strong>Lic. Mariela S\u00e1nchez.<\/strong> <em>Directora Programa Dispositivo Palabras que abren Puertas<\/em><br \/>\n<strong>Lic. Rosana Salvatori.<\/strong> <em>Psicoanalista Miembro de la EOL. AMP.<\/em><br \/>\n<strong>Prof. Ricardo Bizarra.<\/strong> <em>Escritor-Maestro en C\u00e1rcel. GESEC.<\/em><\/p>\n<p><strong>Coordina: Prof. Anabela Bracco.<\/strong> <em>Coordinadora Programa Dispositivo Palabras que abren Puertas.<\/em><\/p>\n<p>Aula Biblioteca.<\/p>\n<h3>14 a 15:30 hs - FORMACI\u00d3N, INVESTIGACI\u00d3N Y COOPERACI\u00d3N-EXTENSI\u00d3N EN SALUD MENTAL COMUNITARIA: LA CONSTRUCCI\u00d3N DE LA RED FEDERAL DE UNIVERSIDADES COMO INSTRUMENTO PARA LA PLENA IMPLEMENTACI\u00d3N DE LA LEY 26657<\/h3>\n<p>EXPONE: Red Federal de Universidades en Salud Mental Comunitaria<\/p>\n<p><a href=\"https:\/\/www.youtube.com\/@fpsicologiaunlp\">Transmitido por el Canal de YouTube de la Facultad de Psicolog\u00eda UNLP.<\/a><\/p>\n<h3>15.30 A 17 HS - <a href=\"https:\/\/docs.google.com\/spreadsheets\/d\/e\/2PACX-1vSoW1JaUhnZ0cSaSgXNYH3sdxA-SzZ6z4tDdSX0iRdc_2KsALISXYvB5RjLIrFz0-TyBNeAaAaUjKsC\/pubhtml\">MESAS DE PONENCIAS LIBRES Y MESAS AUTOCONVOCADAS <\/a><a href=\"https:\/\/docs.google.com\/spreadsheets\/d\/e\/2PACX-1vSoW1JaUhnZ0cSaSgXNYH3sdxA-SzZ6z4tDdSX0iRdc_2KsALISXYvB5RjLIrFz0-TyBNeAaAaUjKsC\/pubhtml\">(ver cronograma)<\/a><\/h3>\n<h3>15:30 a 16:30 HS - PRESENTACI\u00d3N DE LIBRO \u201cEDUCACI\u00d3N C\u00c1RCELES Y DERECHOS HUMANOS. 20 A\u00d1OS DE MILITANCIA DEL GESEC\u201d de Lic. Victoria Aued, Lic. Luciana Morini, Dra. Camila P\u00e9rez, Mg. Francisco Scarf\u00f3 y Mg. Natalia Zapata.<\/h3>\n<p>Aula Biblioteca.<\/p>\n<h3>16 HS. PROYECCI\u00d3N DE DOCUMENTAL: \u201cCRUZAR EL MURO\u201d de Fabio Vallarelli y Mercedes Escusol.<\/h3>\n<p><strong>Comentan: Lic. Macarena Sabin Paz<\/strong> (Coordinadora) y <strong>Abog. Fabi\u00e1n Murua<\/strong>. Integrantes del Equipo de Salud Mental del CELS.<\/p>\n<p>Sal\u00f3n Auditorio.<\/p>\n<h3>16 a 17.30 HS - PANELES<\/h3>\n<p><strong>\u201cDERECHOS HUMANOS Y SALUD MENTAL. ACOMPA\u00d1AMIENTO A V\u00cdCTIMAS\u201d.<\/strong><\/p>\n<p style=\"padding-left: 40px\"><strong>Participan:<\/strong><\/p>\n<p style=\"padding-left: 40px\"><strong>Psic. Alicia Lo Gi\u00fadice.<\/strong> <em>Directora del Centro de Atenci\u00f3n por el Derecho a la Identidad de Abuelas de Plaza de Mayo.<\/em><br \/>\n<strong>Psic. Adelqui Del Do.<\/strong> <em>Director Centro Ulloa.<\/em><br \/>\n<strong>Lic. Marina Vega.<\/strong> <em>Directora Provincial de Programas para el Desarrollo Socio Comunitario en Derechos Humanos. Pcia. de Buenos Aires.<\/em><br \/>\n<strong>Leonardo Fossati Ortega.<\/strong> <em>Comisi\u00f3n Directiva Abuelas de Plaza de Mayo.<\/em><br \/>\n<strong>Psic. Margarita Cruz.<\/strong> <em>Asociaci\u00f3n de Ex Detenidos Desaparecidos (AEDD)<\/em><\/p>\n<p style=\"padding-left: 40px\"><strong>Coordina: Mg. Mart\u00edn Zolkower.<\/strong><\/p>\n<p style=\"padding-left: 40px\">Aula 104.<\/p>\n<p><strong>\u201cPR\u00c1CTICAS PROFESIONALIZANTES EN PSICOLOG\u00cdA: UN DESAF\u00cdO DE GESTI\u00d3N Y FORMACI\u00d3N\u201d.<\/strong><\/p>\n<p style=\"padding-left: 40px\"><strong>Oradores: <\/strong><\/p>\n<p style=\"padding-left: 40px\"><strong>Mg. Silvia L\u00f3pez.<\/strong> <em>Decana de la Facultad de Psicolog\u00eda UNT.<\/em><br \/>\n<strong>Lic. Daniel P\u00e9rez Sucunza.<\/strong> <em>Vicedecano de la Facultad de Psicolog\u00eda UNComa.<\/em><br \/>\n<strong>Mg. Enrico Erriz\u00e1bal.<\/strong> <em>Decano de la Facultad de Psicolog\u00eda UNdeR Uruguay.<\/em><br \/>\n<strong>Mg. Facundo Urtizberea.<\/strong> <em>Prosecretario Acad\u00e9mico Facultad de Psicolog\u00eda UNLP.<\/em><\/p>\n<p style=\"padding-left: 40px\"><strong>Modera: Mg. Soledad G\u00f3mez.<\/strong><\/p>\n<p style=\"padding-left: 40px\">Aula 212.<\/p>\n<p><strong>4TO ENCUENTRO DE PSICOAN\u00c1LISIS Y ARTE. PSICOAN\u00c1LISIS Y PINTURA: \"LO QUE PULSA EN LA PINTURA\u201d<\/strong><\/p>\n<p style=\"padding-left: 40px\"><strong>Invitada: Dra. Pilar Bolpe.<\/strong><\/p>\n<p style=\"padding-left: 40px\"><strong>Coordinan: Dra. Amalia Passerini y Lic. Nancy Lopes<\/strong>. C\u00e1tedra Teor\u00eda Psicoanal\u00edtica.<\/p>\n<p style=\"padding-left: 40px\">Aula 105.<\/p>\n<h3>18 a 19.30 HS CONVERSATORIOS<\/h3>\n<p><strong>\u201cFEMINISMOS Y PSICOLOG\u00cdA. PERSPECTIVA DE G\u00c9NERO Y DIVERSIDAD DESDE UN ENFOQUE DE DDHH\u201d.<\/strong><\/p>\n<p style=\"padding-left: 40px\"><strong>Dra. D\u00e9bora Tajer.<\/strong><br \/>\n<strong>Alba Rueda. <\/strong><em>Embajadora Representante Especial sobre Orientaci\u00f3n Sexual e Identidad de G\u00e9nero de Argentina.<\/em><br \/>\n<strong>Dra. Carolina Varsky.<\/strong><br \/>\n<strong>Lic. Diana Broggi.<\/strong><\/p>\n<p style=\"padding-left: 40px\">Aula 105.<\/p>\n<p><strong>PANEL v\u00eda streaming \u201cHISTORIA Y POL\u00cdTICA DEL CAMPO FREUDIANO EN AM\u00c9RICA LATINA\u201d.<\/strong><\/p>\n<p style=\"padding-left: 40px\"><strong>Dra. Susana Strozzi.<\/strong> <em>Miembro AMP.<\/em><br \/>\n<strong>Psic. Alejandro Reinoso.<\/strong> <em>Miembro AMP.<\/em><br \/>\n<strong>Psic. Oscar Zack.<\/strong> <em>Miembro AMP.<\/em><\/p>\n<p style=\"padding-left: 40px\"><strong>Coordina: Lic. Ariel Hern\u00e1ndez.<\/strong> <em>Miembro EOL Secci\u00f3n La Plata.<\/em><\/p>\n<p style=\"padding-left: 40px\"><a href=\"https:\/\/www.youtube.com\/@fpsicologiaunlp\">Transmitido por el Canal de YouTube de la Facultad de Psicolog\u00eda UNLP<\/a>.<\/p>\n<h3>19.30 HS - ACTIVIDAD CULTURAL DE CIERRE. OBRA DE DANZA \u201cG\u00c9NERO\u201d<\/h3>\n<p><strong>Direcci\u00f3n de Juan Mallach<\/strong><\/p>\n<p>Sal\u00f3n Auditorio.<\/p>\n<\/div>\n<\/div><\/div><\/div><\/div><\/div><div id=\"pg-11-5\"  class=\"panel-grid panel-has-style\" ><div class=\"so-rounded panel-row-style panel-row-style-for-11-5\" ><div id=\"pgc-11-5-0\"  class=\"panel-grid-cell\" ><div id=\"panel-11-5-0-0\" class=\"so-panel widget widget_sow-editor panel-first-child panel-last-child\" data-index=\"5\" ><div\n\t\t\t\n\t\t\tclass=\"so-widget-sow-editor so-widget-sow-editor-base\"\n\t\t\t\n\t\t>\n<div class=\"siteorigin-widget-tinymce textwidget\">\n\t<h3 lang=\"es-ES\" style=\"text-align: center\"><span style=\"color: #ffffff\">VIERNES 17 DE NOVIEMBRE<\/span><\/h3>\n<\/div>\n<\/div><\/div><\/div><\/div><\/div><div id=\"pg-11-6\"  class=\"panel-grid panel-has-style\" ><div class=\"panel-row-style panel-row-style-for-11-6\" ><div id=\"pgc-11-6-0\"  class=\"panel-grid-cell\" ><div id=\"panel-11-6-0-0\" class=\"so-panel widget widget_sow-editor panel-first-child panel-last-child\" data-index=\"6\" ><div\n\t\t\t\n\t\t\tclass=\"so-widget-sow-editor so-widget-sow-editor-base\"\n\t\t\t\n\t\t>\n<div class=\"siteorigin-widget-tinymce textwidget\">\n\t<hr \/>\n<p><strong><span style=\"color: #808080\">EJE 2: ESTRATEGIAS DE GESTI\u00d3N E IMPLEMENTACI\u00d3N DE POL\u00cdTICAS P\u00daBLICAS EN SALUD MENTAL Y DDHH<\/span><\/strong><\/p>\n<hr \/>\n<h3>9 a 10.30 HS. PANEL \u201cPOL\u00cdTICAS P\u00daBLICAS EN SALUD MENTAL\u201d<\/h3>\n<p><strong>Participan:<\/strong><\/p>\n<p><strong>Lic. Julieta Calmels.<\/strong> <em>Subsecretaria de Salud Mental de la Pcia. de Buenos Aires.<\/em><br \/>\n<strong>Lic. Juan Pablo Issel.<\/strong> <em>Decano de la Facultad de Psicolog\u00eda de UNMDP.<\/em><br \/>\n<strong>Lic. Alejandro Ruiz.<\/strong> <em>Prof. Titular Ordinario, Consejero Superior Docente y representante de la UADER en AUAPsi.<\/em><\/p>\n<p><strong>Coordina: Dra. Agustina D\u00b4Agostino.<\/strong><\/p>\n<p>Sal\u00f3n Auditorio.<\/p>\n<h3>10.30 a 12 HS- MESAS DE PONENCIAS LIBRES <a href=\"https:\/\/docs.google.com\/spreadsheets\/d\/e\/2PACX-1vSoW1JaUhnZ0cSaSgXNYH3sdxA-SzZ6z4tDdSX0iRdc_2KsALISXYvB5RjLIrFz0-TyBNeAaAaUjKsC\/pubhtml\">(ver cronograma)<\/a><\/h3>\n<h3>10.30 a 11.30 HS- PRESENTACI\u00d3N LIBRO \u201cPSICOLOG\u00cdA, EL SUJETO Y SU CONTEXTO. EXPLICACIONES, DEBATES Y REFLEXIONES\u201d de Lic. Victoria Fabbi, Lic. Maia Lescano, Lic. Vanesa Piatti, Prof. Leticia Bossellini y Lic. Alcira Orsini.<\/h3>\n<p>Aula Biblioteca.<\/p>\n<h3>10.30 a 12 HS- MESAS AUTOCONVOCADAS. TALLERES. <a href=\"https:\/\/docs.google.com\/spreadsheets\/d\/e\/2PACX-1vSoW1JaUhnZ0cSaSgXNYH3sdxA-SzZ6z4tDdSX0iRdc_2KsALISXYvB5RjLIrFz0-TyBNeAaAaUjKsC\/pubhtml\">(ver cronograma)<\/a><\/h3>\n<h3>12 A 13.30 HS \u2013 CONVERSATORIOS<\/h3>\n<p><strong>\u201cTRANSFORMACI\u00d3N DEL MODELO DE ATENCI\u00d3N EN SALUD MENTAL. ADECUACI\u00d3N DE LOS HOSPITALES PROVINCIALES\u201d.<\/strong><\/p>\n<p style=\"padding-left: 40px\"><strong>Participan:<\/strong><\/p>\n<p style=\"padding-left: 40px\"><strong>Dra. Agustina D'Agostino.<\/strong> <em>Prosecretaria de Vinculaci\u00f3n. Facultad de Psicolog\u00eda UNLP.<\/em><br \/>\n<strong>Mg. Adriana Villalva.<\/strong> <em>Secretaria de Extensi\u00f3n. Facultad de Psicolog\u00eda UNLP.<\/em><\/p>\n<p style=\"padding-left: 40px\">Aula 105.<\/p>\n<p><strong>\u201cPSICOLOG\u00cdA Y PSICOAN\u00c1LISIS EN EL CAMPO JUR\u00cdDICO FORENSE: \u00bfQU\u00c9 SUJETOS EN EL FUERO PENAL?\u201d<\/strong><\/p>\n<p style=\"padding-left: 40px\"><strong>Participan:<\/strong><\/p>\n<p style=\"padding-left: 40px\"><strong>Psic. Mariana Wikinski.<\/strong> <em>Miembro del Equipo de Salud Mental del Centro de Estudios Legales y Sociales (CELS).<\/em><br \/>\n<strong>Lic. Gabriela Roitstein.<\/strong> <em>Psic\u00f3loga del Poder Judicial de la provincia de Buenos Aires.<\/em><br \/>\n<strong>Mg. Germ\u00e1n Bauch\u00e9.<\/strong> <em>Defensor General del Departamento Judicial de Lomas de Zamora.<\/em><\/p>\n<p style=\"padding-left: 40px\"><strong>Coordina: Prof. Paula Tarodo.<\/strong><\/p>\n<p style=\"padding-left: 40px\">Aula 104.<\/p>\n<h3>12 a 13.30 HS. TALLER DE ABORDAJE DE LAS VIOLENCIAS Y ROL DE LXS PSICOLOGXS<\/h3>\n<p><strong>Psic. Julieta Filipi.<\/strong> <em>Vicedecana Fac. Psicolog\u00eda, UNMdP<\/em><br \/>\n<strong>Abog. Leandro Gallardo.<\/strong><em> Cuerpo t\u00e9cnico en la Subsecretar\u00eda de Salud Mental, Consumos Problem\u00e1ticos y Violencias en el \u00e1mbito de la Salud, equipo t\u00e9cnico del programa de extensi\u00f3n universitaria Salud Mental y DDHH.<\/em><br \/>\n<strong>Psic. Norma Giorno.<\/strong> <em>Ministerio de Mujeres, Pol\u00edticas de G\u00e9nero y Diversidad Sexual PBA<\/em><br \/>\nAULA 101<\/p>\n<h3>12 a 13 HS - CHARLA INFORMATIVA. LA OFERTA ACAD\u00c9MICA DE POSGRADO EN LA FACULTAD DE PSICOLOG\u00cdA UNLP<\/h3>\n<p><strong>Coordina: Dra. Ver\u00f3nica Zabaleta.<\/strong> <em>Secretar\u00eda de Posgrado de Facultad de Psicolog\u00eda UNLP.<\/em><\/p>\n<p>Aula 211.<\/p>\n<h3>12 A 13.30 HS - PRESENTACI\u00d3N DE LIBRO \u201cABRAZAR EN RED\u201d de la Red Provincial de Consejos Locales de las ni\u00f1eces y adolescencias.<\/h3>\n<p>Aula Biblioteca.<\/p>\n<h3>13.30 a 14 HS \u2013 RECESO ALMUERZO<\/h3>\n<hr \/>\n<p><span style=\"color: #808080\"><strong>EJE 4: PROBLEM\u00c1TICAS ACTUALES Y MODALIDADES DE INTERVENCI\u00d3N EN Y DESDE LA PSICOLOG\u00cdA<\/strong><\/span><\/p>\n<hr \/>\n<h3>14 a 15.30 HS - CONFERENCIA \"POL\u00cdTICA Y PSICOAN\u00c1LISIS. SUBJETIVIDAD NEOLIBERAL Y EL ASCENSO DE LAS NUEVAS DERECHAS\". Mg. NORA MERL\u00cdN<\/h3>\n<p><strong>Mg. Nora Merl\u00edn:<\/strong><em> Magister en Ciencias Pol\u00edticas y psicoanalista, docente UNLA e investigadora CLACSO. Autora de Populismo y psicoan\u00e1lisis. Particip\u00f3 en innumerables publicaciones especializadas.<\/em><\/p>\n<p>Sal\u00f3n Auditorio.<\/p>\n<h3>15.30 A 17 HS - MESAS DE PONENCIAS LIBRES Y MESAS AUTOCONVOCADAS. TALLERES. <a href=\"https:\/\/docs.google.com\/spreadsheets\/d\/e\/2PACX-1vSoW1JaUhnZ0cSaSgXNYH3sdxA-SzZ6z4tDdSX0iRdc_2KsALISXYvB5RjLIrFz0-TyBNeAaAaUjKsC\/pubhtml\">(ver cronograma)<\/a><\/h3>\n<h3>16 HS. PROYECCI\u00d3N DE DOCUMENTAL: \u201cCUARENTENA\u201d DE CARLOS ECHEVERR\u00cdA.<\/h3>\n<p><strong>Comenta: Dra. Mar\u00eda Aimaretti.<\/strong><em> Investigadora y Docente Conicet-UBA.<\/em><\/p>\n<p>Sal\u00f3n Auditorio.<\/p>\n<h3>16 A 17.30 HS - PANELES<\/h3>\n<p><strong>\u201cPSICOAN\u00c1LISIS Y SALUD MENTAL\u201d.<\/strong><\/p>\n<p style=\"padding-left: 40px\"><strong>Participan:<\/strong><\/p>\n<p style=\"padding-left: 40px\"><strong>Dr. Luis Sanfelippo.<\/strong><br \/>\n<strong>Dr. Alejandro Dagfal.<\/strong><br \/>\n<strong>Psic. Fabiana Rousseaux.<\/strong><\/p>\n<p style=\"padding-left: 40px\"><strong>Coordina: Lic. Jimena Tocho.<\/strong><\/p>\n<p style=\"padding-left: 40px\">Aula 104.<\/p>\n<p><strong>\u201cLA CONSTRUCCI\u00d3N DEL SUJETO \u00c9TICO: SEXUALIDAD E HISTORIA EN LA OBRA DE SILVIA BLEICHMAR\u201d.<\/strong><\/p>\n<p style=\"padding-left: 40px\"><strong>Participan:<\/strong><\/p>\n<p style=\"padding-left: 40px\"><strong>Lic. Marina Calvo.<\/strong><br \/>\n<strong>Mg. Facundo Blestcher.<\/strong><br \/>\n<strong>Esp. Florencia Almagro.<\/strong><\/p>\n<p style=\"padding-left: 40px\"><strong>Coordina: Agustin Brusquini<\/strong><\/p>\n<p style=\"padding-left: 40px\">Aula 105.<\/p>\n<p><strong>\u201cMALVINAS, PROBLEM\u00c1TICA Y MODALIDADES DE INTERVENCI\u00d3N EN LA FORMACI\u00d3N, ACTUALIZACI\u00d3N, GESTI\u00d3N, IMPLEMENTACI\u00d3N, INVESTIGACI\u00d3N EN PSICOLOG\u00cdA, SALUD MENTAL, DDHH\u201d.<\/strong><\/p>\n<p style=\"padding-left: 40px\"><strong>Ernesto Alonso. <\/strong><em>Ex combatiente - Secretario de DDHH del CECIM-La Plata.<\/em><br \/>\n<strong>Dr. Alejo Ramos Padilla.<\/strong><br \/>\n<strong>Lic. Gabriela Naso.<\/strong><\/p>\n<p style=\"padding-left: 40px\"><strong>Coordina:<\/strong> Dr. Carlos Giordano.<\/p>\n<p style=\"padding-left: 40px\">Aula 212.<\/p>\n<h3>18 A 19.30 HS \u2013 PANELES<\/h3>\n<p><strong>\u201cPSICOAN\u00c1LISIS Y UNIVERSIDAD\u201d.<\/strong><\/p>\n<p style=\"padding-left: 40px\"><strong>Participan:<\/strong><\/p>\n<p style=\"padding-left: 40px\"><strong>Mg. Andrea Berger.<\/strong><br \/>\n<strong>Dr. Fabian Schejtman.<\/strong><br \/>\n<strong>Dra. Mariana G\u00f3mez.<\/strong><br \/>\n<strong>Dra. In\u00e9s Sotelo.<\/strong><\/p>\n<p style=\"padding-left: 40px\"><strong>Coordina: Lic. Eduardo Suarez.<\/strong> <em>Miembro EOL Secci\u00f3n La Plata.<\/em><\/p>\n<p style=\"padding-left: 40px\">Aula 212.<\/p>\n<p><strong>\u201cLA INCIDENCIA DE LA POBREZA Y DESIGUALDADES EN EL DESEMPE\u00d1O COGNITIVO DE LAS INFANCIAS. DI\u00c1LOGOS ENTRE LA PSICOLOG\u00cdA Y LA ANTROPOLOG\u00cdA\u201d.<\/strong><\/p>\n<p style=\"padding-left: 40px\"><strong>Participan:<\/strong><\/p>\n<p style=\"padding-left: 40px\"><strong>Dr. Sebasti\u00e1n Lipina. <\/strong><br \/>\n<strong>Dra. Susana Ortale.<\/strong><\/p>\n<p style=\"padding-left: 40px\"><strong>Coordina: Prof. Paula Tarodo y Psic. Adriana Denegri.<\/strong><\/p>\n<p style=\"padding-left: 40px\">Aula 105.<\/p>\n<h3>19.30 HS- PALABRAS DE CIERRE DEL CONGRESO<\/h3>\n<p><strong>Esp. Mar\u00eda Cristina Piro.<\/strong> <em>Decana de Facultad de Psicolog\u00eda UNLP<\/em><\/p>\n<p>Sal\u00f3n Auditorio.<\/p>\n<h3>20 HS - ACTIVIDAD CULTURAL: CIERRE MUSICAL<\/h3>\n<p><strong>Teresa Parodi.<\/strong><\/p>\n<p>Sal\u00f3n Auditorio.<\/p>\n<\/div>\n<\/div><\/div><\/div><\/div><\/div><\/div>","protected":false},"excerpt":{"rendered":"<p>PROGRAMA GENERAL MI\u00c9RCOLES 15 DE NOVIEMBRE<\/p>\n","protected":false},"author":2,"featured_media":0,"parent":0,"menu_order":0,"comment_status":"closed","ping_status":"closed","template":"","meta":{"advgb_blocks_editor_width":"","advgb_blocks_columns_visual_guide":"","footnotes":""},"class_list":["post-11","page","type-page","status-publish","hentry","post"],"aioseo_notices":[],"coauthors":[],"author_meta":{"author_link":"https:\/\/congresos.unlp.edu.ar\/cipsi\/author\/congresos\/","display_name":"congresos"},"relative_dates":{"created":"Posted 3 a\u00f1os ago","modified":"Updated 2 a\u00f1os ago"},"absolute_dates":{"created":"Posted on 31 marzo, 2023","modified":"Updated on 14 noviembre, 2023"},"absolute_dates_time":{"created":"Posted on 31 marzo, 2023 12:00 pm","modified":"Updated on 14 noviembre, 2023 2:35 pm"},"featured_img_caption":"","featured_img":false,"series_order":"","_links":{"self":[{"href":"https:\/\/congresos.unlp.edu.ar\/cipsi\/wp-json\/wp\/v2\/pages\/11","targetHints":{"allow":["GET"]}}],"collection":[{"href":"https:\/\/congresos.unlp.edu.ar\/cipsi\/wp-json\/wp\/v2\/pages"}],"about":[{"href":"https:\/\/congresos.unlp.edu.ar\/cipsi\/wp-json\/wp\/v2\/types\/page"}],"author":[{"embeddable":true,"href":"https:\/\/congresos.unlp.edu.ar\/cipsi\/wp-json\/wp\/v2\/users\/2"}],"replies":[{"embeddable":true,"href":"https:\/\/congresos.unlp.edu.ar\/cipsi\/wp-json\/wp\/v2\/comments?post=11"}],"version-history":[{"count":0,"href":"https:\/\/congresos.unlp.edu.ar\/cipsi\/wp-json\/wp\/v2\/pages\/11\/revisions"}],"wp:attachment":[{"href":"https:\/\/congresos.unlp.edu.ar\/cipsi\/wp-json\/wp\/v2\/media?parent=11"}],"curies":[{"name":"wp","href":"https:\/\/api.w.org\/{rel}","templated":true}]}}