{"id":31,"date":"2021-11-25T21:32:48","date_gmt":"2021-11-26T00:32:48","guid":{"rendered":"https:\/\/congresos.unlp.edu.ar\/ciicadm\/?page_id=31"},"modified":"2025-03-12T01:26:15","modified_gmt":"2025-03-12T04:26:15","slug":"contacto","status":"publish","type":"page","link":"https:\/\/congresos.unlp.edu.ar\/ciicadm\/contacto\/","title":{"rendered":"Contacto"},"content":{"rendered":"<p>Direcci\u00f3n de correo electr\u00f3nico: icsadministrativas@econo.unlp.edu.ar<\/p>\n<p>Comit\u00e9 organizador: julian.perez@econo.unlp.edu.ar<\/p>\n<p><a href=\"http:\/\/www.facebook.com\/IIA.FCE.UNLP\/\">Facebook<\/a>: Instituto de Investigaciones Administrativas &#8211; FCE &#8211; UNLP<\/p>\n<p><a href=\"http:\/\/www.instagram.com\/investigacionesadministrativas\/?hl=es\">Instagram<\/a>: @investigacionesadministrativas<\/p>\n<p><a href=\"http:\/\/twitter.com\/iia_fce_unlp\">Twitter<\/a>: @IIA_FCE_UNLP<\/p>\n<p><a href=\"https:\/\/www.econo.unlp.edu.ar\/investigaciones_administrativas\">P\u00e1gina web<\/a>: Instituto de Investigaciones Administrativas &#8211; FCE &#8211; UNLP<\/p>\n<p>Direcci\u00f3n del organismo: Instituto de Investigaciones Administrativas &#8211; Facultad de Ciencias Econ\u00f3micas &#8211; Universidad Nacional de La Plata (UNLP) &#8211; Calle 6 N\u00ba 777 Oficina 436 La Plata<\/p>\n","protected":false},"excerpt":{"rendered":"<p>Direcci\u00f3n de correo electr\u00f3nico: icsadministrativas@econo.unlp.edu.ar Comit\u00e9 organizador: julian.perez@econo.unlp.edu.ar Facebook: Instituto de Investigaciones Administrativas &#8211; FCE &#8211; UNLP Instagram: @investigacionesadministrativas Twitter: @IIA_FCE_UNLP P\u00e1gina web: Instituto de Investigaciones Administrativas &#8211; FCE &#8211; UNLP Direcci\u00f3n del organismo: Instituto de Investigaciones Administrativas &#8211; Facultad de Ciencias Econ\u00f3micas &#8211; Universidad Nacional de La Plata (UNLP) &#8211; Calle 6 N\u00ba 777 [&hellip;]<\/p>\n","protected":false},"author":2,"featured_media":0,"parent":0,"menu_order":0,"comment_status":"closed","ping_status":"closed","template":"","meta":{"advgb_blocks_editor_width":"","advgb_blocks_columns_visual_guide":"","footnotes":""},"class_list":["post-31","page","type-page","status-publish","hentry","post"],"aioseo_notices":[],"coauthors":[],"author_meta":{"author_link":"https:\/\/congresos.unlp.edu.ar\/ciicadm\/author\/congresos\/","display_name":"congresos"},"relative_dates":{"created":"Publicado 4 a\u00f1os hace","modified":"Actualizado 1 a\u00f1o hace"},"absolute_dates":{"created":"Publicado el 25 noviembre, 2021","modified":"Actualizado el 12 marzo, 2025"},"absolute_dates_time":{"created":"Publicado el 25 noviembre, 2021 9:32 pm","modified":"Actualizado el 12 marzo, 2025 1:26 am"},"featured_img_caption":"","featured_img":false,"series_order":"","_links":{"self":[{"href":"https:\/\/congresos.unlp.edu.ar\/ciicadm\/wp-json\/wp\/v2\/pages\/31","targetHints":{"allow":["GET"]}}],"collection":[{"href":"https:\/\/congresos.unlp.edu.ar\/ciicadm\/wp-json\/wp\/v2\/pages"}],"about":[{"href":"https:\/\/congresos.unlp.edu.ar\/ciicadm\/wp-json\/wp\/v2\/types\/page"}],"author":[{"embeddable":true,"href":"https:\/\/congresos.unlp.edu.ar\/ciicadm\/wp-json\/wp\/v2\/users\/2"}],"replies":[{"embeddable":true,"href":"https:\/\/congresos.unlp.edu.ar\/ciicadm\/wp-json\/wp\/v2\/comments?post=31"}],"version-history":[{"count":0,"href":"https:\/\/congresos.unlp.edu.ar\/ciicadm\/wp-json\/wp\/v2\/pages\/31\/revisions"}],"wp:attachment":[{"href":"https:\/\/congresos.unlp.edu.ar\/ciicadm\/wp-json\/wp\/v2\/media?parent=31"}],"curies":[{"name":"wp","href":"https:\/\/api.w.org\/{rel}","templated":true}]}}