{"id":25,"date":"2021-11-25T21:32:21","date_gmt":"2021-11-26T00:32:21","guid":{"rendered":"https:\/\/congresos.unlp.edu.ar\/ciicadm\/?page_id=25"},"modified":"2025-06-27T12:01:37","modified_gmt":"2025-06-27T15:01:37","slug":"pautas-de-presentacion","status":"publish","type":"page","link":"https:\/\/congresos.unlp.edu.ar\/ciicadm\/pautas-de-presentacion\/","title":{"rendered":"Pautas de presentaci\u00f3n"},"content":{"rendered":"<p>El env\u00edo de los trabajos se har\u00e1 mediante un formulario que estar\u00e1 disponible en la secci\u00f3n de \u00abEnv\u00edo\u00bb y teniendo en cuenta las pautas de presentaci\u00f3n indicadas en el archivo denominado \u00abPautas para cargar ponencias en el el\u00a02do\u00a0<strong>Congreso Internacional de Investigaci\u00f3n en Ciencias de la Administraci\u00f3n<\/strong>\u00a0y 1er\u00a0<strong>Congreso Rioplatense de Investigaci\u00f3n en Ciencias de la Administraci\u00f3n <\/strong>\u00ab.<\/p>\n<p>Para facilitar la tarea de presentaci\u00f3n se adjunta un archivo denominado Plantilla-para-cargar-ponencia, el cual ajusta autom\u00e1ticamente el contenido a las pautas de presentaci\u00f3n indicadas. Se solicita a los autores utilizar esta plantilla para la presentaci\u00f3n de los trabajos.<\/p>\n<p><a href=\"https:\/\/congresos.unlp.edu.ar\/ciicadm\/wp-content\/uploads\/sites\/44\/2025\/06\/Pautas-para-cargar-ponencias-2.pdf\">Pautas para cargar ponencias<\/a><\/p>\n<p><a href=\"https:\/\/congresos.unlp.edu.ar\/ciicadm\/wp-content\/uploads\/sites\/44\/2025\/06\/Plantilla-para-cargar-ponencia-2.docx\">Plantilla para cargar ponencia<\/a><\/p>\n<p><a href=\"https:\/\/congresos.unlp.edu.ar\/ciicadm\/wp-content\/uploads\/sites\/44\/2025\/06\/2-Plantilla-para-carga-doctorandos-2.docx\">Plantilla para cargar trabajos de doctorandos<\/a><\/p>\n","protected":false},"excerpt":{"rendered":"<p>El env\u00edo de los trabajos se har\u00e1 mediante un formulario que estar\u00e1 disponible en la secci\u00f3n de \u00abEnv\u00edo\u00bb y teniendo en cuenta las pautas de presentaci\u00f3n indicadas en el archivo denominado \u00abPautas para cargar ponencias en el el\u00a02do\u00a0Congreso Internacional de Investigaci\u00f3n en Ciencias de la Administraci\u00f3n\u00a0y 1er\u00a0Congreso Rioplatense de Investigaci\u00f3n en Ciencias de la Administraci\u00f3n [&hellip;]<\/p>\n","protected":false},"author":2,"featured_media":0,"parent":0,"menu_order":0,"comment_status":"closed","ping_status":"closed","template":"","meta":{"advgb_blocks_editor_width":"","advgb_blocks_columns_visual_guide":"","footnotes":""},"class_list":["post-25","page","type-page","status-publish","hentry","post"],"aioseo_notices":[],"coauthors":[],"author_meta":{"author_link":"https:\/\/congresos.unlp.edu.ar\/ciicadm\/author\/congresos\/","display_name":"congresos"},"relative_dates":{"created":"Publicado 4 a\u00f1os hace","modified":"Actualizado 10 meses hace"},"absolute_dates":{"created":"Publicado el 25 noviembre, 2021","modified":"Actualizado el 27 junio, 2025"},"absolute_dates_time":{"created":"Publicado el 25 noviembre, 2021 9:32 pm","modified":"Actualizado el 27 junio, 2025 12:01 pm"},"featured_img_caption":"","featured_img":false,"series_order":"","_links":{"self":[{"href":"https:\/\/congresos.unlp.edu.ar\/ciicadm\/wp-json\/wp\/v2\/pages\/25","targetHints":{"allow":["GET"]}}],"collection":[{"href":"https:\/\/congresos.unlp.edu.ar\/ciicadm\/wp-json\/wp\/v2\/pages"}],"about":[{"href":"https:\/\/congresos.unlp.edu.ar\/ciicadm\/wp-json\/wp\/v2\/types\/page"}],"author":[{"embeddable":true,"href":"https:\/\/congresos.unlp.edu.ar\/ciicadm\/wp-json\/wp\/v2\/users\/2"}],"replies":[{"embeddable":true,"href":"https:\/\/congresos.unlp.edu.ar\/ciicadm\/wp-json\/wp\/v2\/comments?post=25"}],"version-history":[{"count":0,"href":"https:\/\/congresos.unlp.edu.ar\/ciicadm\/wp-json\/wp\/v2\/pages\/25\/revisions"}],"wp:attachment":[{"href":"https:\/\/congresos.unlp.edu.ar\/ciicadm\/wp-json\/wp\/v2\/media?parent=25"}],"curies":[{"name":"wp","href":"https:\/\/api.w.org\/{rel}","templated":true}]}}