{"id":22,"date":"2021-11-25T21:32:01","date_gmt":"2021-11-26T00:32:01","guid":{"rendered":"https:\/\/congresos.unlp.edu.ar\/ciicadm\/?page_id=22"},"modified":"2025-09-16T10:16:20","modified_gmt":"2025-09-16T13:16:20","slug":"envio","status":"publish","type":"page","link":"https:\/\/congresos.unlp.edu.ar\/ciicadm\/envio\/","title":{"rendered":"Env\u00edo"},"content":{"rendered":"<p>Los ponentes se comprometen a enviar un trabajo de investigaci\u00f3n original e in\u00e9dito que verse sobre alguno de los ejes tem\u00e1ticos que integran el Congreso, respetando las fechas de env\u00edo y las <a href=\"https:\/\/congresos.unlp.edu.ar\/ciicadm\/wp-content\/uploads\/sites\/44\/2025\/06\/Pautas-para-cargar-ponencias-2.pdf\">pautas de presentaci\u00f3n para los autores<\/a>. Estos trabajos ser\u00e1n sometidos a evaluaci\u00f3n del <a href=\"https:\/\/congresos.unlp.edu.ar\/ciicadm\/informacion-general\/\">Comit\u00e9 Evaluador<\/a> del evento. Los trabajos aprobados por el Comit\u00e9 Evaluador ser\u00e1n publicados con el ISSN del Congreso y estar\u00e1n disponibles en el <a href=\"http:\/\/sedici.unlp.edu.ar\/\">SEDICI \u2013 Repositorio Institucional de la UNLP<\/a>. Asimismo, los trabajos aprobados por el Comit\u00e9 Evaluador contar\u00e1n con un espacio virtual para su exposici\u00f3n durante el transcurso del Simposio. El env\u00edo de trabajos se realiza por la p\u00e1gina web.<\/p>\n<p><strong>Fecha l\u00edmite recepci\u00f3n de trabajos: 8 de agosto del 2025<\/strong><\/p>\n<p><strong>Fecha l\u00edmite recepci\u00f3n de ponencias para el Coloquio Doctoral: 30 de septiembre del 2025<\/strong><\/p>\n<p>Ejes tem\u00e1ticos:<\/p>\n<ul>\n<li>Sustentabilidad y Responsabilidad Social Organizacional<\/li>\n<li>Gesti\u00f3n de Organizaciones de Salud<\/li>\n<li>Inteligencia Artificial (IA) y las tecnolog\u00edas Exponenciales. Su Impacto en la Gesti\u00f3n Comercial.<\/li>\n<li>Sociedad Civil Movilizada<\/li>\n<li>La gesti\u00f3n en universidades p\u00fablicas: desaf\u00edos y oportunidades<\/li>\n<li>Competencias digitales en estudiantes universitarios<\/li>\n<\/ul>\n<p><strong>Link al formulario para el env\u00edo de los trabajos:<\/strong><\/p>\n<p><a href=\"https:\/\/forms.gle\/fS5c5kU5comrqKsz5\">https:\/\/forms.gle\/fS5c5kU5comrqKsz5<\/a><\/p>\n","protected":false},"excerpt":{"rendered":"<p>Los ponentes se comprometen a enviar un trabajo de investigaci\u00f3n original e in\u00e9dito que verse sobre alguno de los ejes tem\u00e1ticos que integran el Congreso, respetando las fechas de env\u00edo y las pautas de presentaci\u00f3n para los autores. Estos trabajos ser\u00e1n sometidos a evaluaci\u00f3n del Comit\u00e9 Evaluador del evento. Los trabajos aprobados por el Comit\u00e9 [&hellip;]<\/p>\n","protected":false},"author":2,"featured_media":0,"parent":0,"menu_order":0,"comment_status":"closed","ping_status":"closed","template":"","meta":{"advgb_blocks_editor_width":"","advgb_blocks_columns_visual_guide":"","footnotes":""},"class_list":["post-22","page","type-page","status-publish","hentry","post"],"aioseo_notices":[],"coauthors":[],"author_meta":{"author_link":"https:\/\/congresos.unlp.edu.ar\/ciicadm\/author\/congresos\/","display_name":"congresos"},"relative_dates":{"created":"Publicado 4 a\u00f1os hace","modified":"Actualizado 7 meses hace"},"absolute_dates":{"created":"Publicado el 25 noviembre, 2021","modified":"Actualizado el 16 septiembre, 2025"},"absolute_dates_time":{"created":"Publicado el 25 noviembre, 2021 9:32 pm","modified":"Actualizado el 16 septiembre, 2025 10:16 am"},"featured_img_caption":"","featured_img":false,"series_order":"","_links":{"self":[{"href":"https:\/\/congresos.unlp.edu.ar\/ciicadm\/wp-json\/wp\/v2\/pages\/22","targetHints":{"allow":["GET"]}}],"collection":[{"href":"https:\/\/congresos.unlp.edu.ar\/ciicadm\/wp-json\/wp\/v2\/pages"}],"about":[{"href":"https:\/\/congresos.unlp.edu.ar\/ciicadm\/wp-json\/wp\/v2\/types\/page"}],"author":[{"embeddable":true,"href":"https:\/\/congresos.unlp.edu.ar\/ciicadm\/wp-json\/wp\/v2\/users\/2"}],"replies":[{"embeddable":true,"href":"https:\/\/congresos.unlp.edu.ar\/ciicadm\/wp-json\/wp\/v2\/comments?post=22"}],"version-history":[{"count":0,"href":"https:\/\/congresos.unlp.edu.ar\/ciicadm\/wp-json\/wp\/v2\/pages\/22\/revisions"}],"wp:attachment":[{"href":"https:\/\/congresos.unlp.edu.ar\/ciicadm\/wp-json\/wp\/v2\/media?parent=22"}],"curies":[{"name":"wp","href":"https:\/\/api.w.org\/{rel}","templated":true}]}}