{"id":190,"date":"2022-04-07T15:31:53","date_gmt":"2022-04-07T18:31:53","guid":{"rendered":"https:\/\/congresos.unlp.edu.ar\/ciicadm\/?page_id=190"},"modified":"2025-10-06T08:49:54","modified_gmt":"2025-10-06T11:49:54","slug":"doctorado-cs-de-la-administracion","status":"publish","type":"page","link":"https:\/\/congresos.unlp.edu.ar\/ciicadm\/doctorado-cs-de-la-administracion\/","title":{"rendered":"Coloquio Doctoral"},"content":{"rendered":"<p><span style=\"font-weight: 400\">El Coloquio Doctoral organizado en el marco del Congreso tiene los siguientes objetivos:<\/span><\/p>\n<ul>\n<li style=\"font-weight: 400\"><span style=\"font-weight: 400\">Proveer un espacio de discusi\u00f3n y apoyo al desarrollo de la investigaci\u00f3n de los estudiantes de programas doctorales en Administraci\u00f3n y disciplinas afines.\u00a0<\/span><\/li>\n<li style=\"font-weight: 400\"><span style=\"font-weight: 400\">Estimular el intercambio acad\u00e9mico de estudiantes, profesores tutores e investigadores entre distintas facultades y escuelas de negocios.<\/span><\/li>\n<li style=\"font-weight: 400\"><span style=\"font-weight: 400\">Promover la investigaci\u00f3n en los campos de la Administraci\u00f3n.<\/span><\/li>\n<\/ul>\n<p><span style=\"font-weight: 400\">En el Coloquio podr\u00e1n participar estudiantes de doctorados en Administraci\u00f3n y disciplinas afines que presentar\u00e1n sus propuestas y avances de investigaci\u00f3n en tres niveles de desarrollo:<\/span><\/p>\n<ul>\n<li style=\"font-weight: 400\"><span style=\"font-weight: 400\">Presentaci\u00f3n de ideas y problemas de investigaci\u00f3n<\/span><\/li>\n<li style=\"font-weight: 400\"><span style=\"font-weight: 400\">Planes de investigaci\u00f3n aprobados<\/span><\/li>\n<li style=\"font-weight: 400\"><span style=\"font-weight: 400\">Avances de investigaciones en desarrollo\u00a0<\/span><\/li>\n<\/ul>\n<p>Comit\u00e9 Organizador Coloquio Doctoral<\/p>\n<ul>\n<li>Juan Jos\u00e9 Gilli (UNLP)<\/li>\n<li>Lorena Gonz\u00e1lez (UNLP)<\/li>\n<li>Gabriela Pintos (UDELAR)<\/li>\n<\/ul>\n<p>La fecha l\u00edmite para carga de ponencias para este coloquio es el 30\/09.<\/p>\n<p><span style=\"font-weight: 400\">Las propuestas deben responder en el <a href=\"https:\/\/forms.gle\/uAjRZBW6VhFCPR9eA\">formulario<\/a> siguiendo el formato indicado en la <a href=\"https:\/\/congresos.unlp.edu.ar\/ciicadm\/wp-content\/uploads\/sites\/44\/2025\/06\/2-Plantilla-para-carga-doctorandos-2.docx\">plantilla para carga de trabajos de doctorandos<\/a>.<\/span><\/p>\n<p><a href=\"https:\/\/congresos.unlp.edu.ar\/ciicadm\/wp-content\/uploads\/sites\/44\/2025\/10\/Programa-2025.pdf\">Programa 2025.<\/a><\/p>\n","protected":false},"excerpt":{"rendered":"<p>El Coloquio Doctoral organizado en el marco del Congreso tiene los siguientes objetivos: Proveer un espacio de discusi\u00f3n y apoyo al desarrollo de la investigaci\u00f3n de los estudiantes de programas doctorales en Administraci\u00f3n y disciplinas afines.\u00a0 Estimular el intercambio acad\u00e9mico de estudiantes, profesores tutores e investigadores entre distintas facultades y escuelas de negocios. Promover la [&hellip;]<\/p>\n","protected":false},"author":120,"featured_media":0,"parent":0,"menu_order":0,"comment_status":"closed","ping_status":"closed","template":"","meta":{"advgb_blocks_editor_width":"","advgb_blocks_columns_visual_guide":"","footnotes":""},"class_list":["post-190","page","type-page","status-publish","hentry","post"],"aioseo_notices":[],"coauthors":[],"author_meta":{"author_link":"https:\/\/congresos.unlp.edu.ar\/ciicadm\/author\/agustin-santoro\/","display_name":"agustin.santoro"},"relative_dates":{"created":"Publicado 4 a\u00f1os hace","modified":"Actualizado 6 meses hace"},"absolute_dates":{"created":"Publicado el 7 abril, 2022","modified":"Actualizado el 6 octubre, 2025"},"absolute_dates_time":{"created":"Publicado el 7 abril, 2022 3:31 pm","modified":"Actualizado el 6 octubre, 2025 8:49 am"},"featured_img_caption":"","featured_img":false,"series_order":"","_links":{"self":[{"href":"https:\/\/congresos.unlp.edu.ar\/ciicadm\/wp-json\/wp\/v2\/pages\/190","targetHints":{"allow":["GET"]}}],"collection":[{"href":"https:\/\/congresos.unlp.edu.ar\/ciicadm\/wp-json\/wp\/v2\/pages"}],"about":[{"href":"https:\/\/congresos.unlp.edu.ar\/ciicadm\/wp-json\/wp\/v2\/types\/page"}],"author":[{"embeddable":true,"href":"https:\/\/congresos.unlp.edu.ar\/ciicadm\/wp-json\/wp\/v2\/users\/120"}],"replies":[{"embeddable":true,"href":"https:\/\/congresos.unlp.edu.ar\/ciicadm\/wp-json\/wp\/v2\/comments?post=190"}],"version-history":[{"count":0,"href":"https:\/\/congresos.unlp.edu.ar\/ciicadm\/wp-json\/wp\/v2\/pages\/190\/revisions"}],"wp:attachment":[{"href":"https:\/\/congresos.unlp.edu.ar\/ciicadm\/wp-json\/wp\/v2\/media?parent=190"}],"curies":[{"name":"wp","href":"https:\/\/api.w.org\/{rel}","templated":true}]}}