{"id":13,"date":"2021-11-25T21:30:24","date_gmt":"2021-11-26T00:30:24","guid":{"rendered":"https:\/\/congresos.unlp.edu.ar\/ciicadm\/?page_id=13"},"modified":"2025-10-06T08:49:51","modified_gmt":"2025-10-06T11:49:51","slug":"informacion-general","status":"publish","type":"page","link":"https:\/\/congresos.unlp.edu.ar\/ciicadm\/informacion-general\/","title":{"rendered":"Informaci\u00f3n general"},"content":{"rendered":"<p>El\u00a02do <strong>Congreso Internacional de Investigaci\u00f3n en Ciencias de la Administraci\u00f3n<\/strong> y 1er <strong>Congreso Rioplatense de Investigaci\u00f3n en Ciencias de la Administraci\u00f3n <\/strong>es un evento acad\u00e9mico organizado por el Centro de Investigaciones Administrativas (IIA) de la Facultad de Ciencias Econ\u00f3micas \u2013 UNLP y el Departamento de Ciencias de la Administraci\u00f3n (DCA) de la Facultad de Ciencias Econ\u00f3micas y de Administraci\u00f3n (UDELAR), que tiene por finalidad proporcionar un espacio de aprendizaje colectivo, de interacci\u00f3n de perspectivas y de construcci\u00f3n de conocimiento para una mejor comprensi\u00f3n de las fuerzas que est\u00e1n conduciendo cambios e impactando en las din\u00e1micas organizacionales.<\/p>\n<p><strong>Fecha y modalidad<\/strong>: este a\u00f1o se realizar\u00e1 su segunda edici\u00f3n el d\u00eda 8 de octubre del 2025.<\/p>\n<p><a href=\"https:\/\/congresos.unlp.edu.ar\/ciicadm\/wp-content\/uploads\/sites\/44\/2025\/10\/Programa-2025.pdf\"><strong>Programa<\/strong><\/a><\/p>\n<p><strong>Destinatarios<\/strong>: investigadores y docentes, directores de centros de investigaci\u00f3n en Administraci\u00f3n y disciplinas afines, estudiantes de posgrado, graduados, estudiantes de grado e interesados en la tem\u00e1tica.<\/p>\n<p><strong>Comit\u00e9 organizador General<\/strong><\/p>\n<ul>\n<li>Dr. Juan Jos\u00e9 Gilli &#8211; UNLP<\/li>\n<li>Dra. Estefan\u00eda Solari &#8211; UNLP<\/li>\n<li>Mg. Gabriela Mollo \u2013 UNLP<\/li>\n<li>Mg. Melina Romero \u2013 UDELAR<\/li>\n<li>Mg. In\u00e9s V\u00e1zquez Boasso \u2013 UDELAR<\/li>\n<li>Juli\u00e1n Perez<\/li>\n<\/ul>\n<p><strong>Comit\u00e9 organizador por eje tem\u00e1tico <\/strong><\/p>\n<p>Cada eje tem\u00e1tico cuenta con su propio comit\u00e9 organizador integrado por referentes de las universidades coorganizadoras del evento, as\u00ed como docentes internacionales especialistas en diversas tem\u00e1ticas. Este espacio est\u00e1 integrado por investigadores provenientes de:<\/p>\n<ul>\n<li>UNLP &#8211; Universidad Nacional de La Plata. Argentina<\/li>\n<li>UDELAR \u2013 Universidad de la Rep\u00fablica. Uruguay<\/li>\n<li>UCLM \u2013 Universidad de Castilla, La manca. Espa\u00f1a.<\/li>\n<li>PUCV \u2013 Pontificia Universidad Cat\u00f3lica de Valpara\u00edso. Chile.<\/li>\n<\/ul>\n<p><strong>Eje \u201cSustentabilidad y Responsabilidad Social Organizacional\u201d<\/strong><\/p>\n<ul>\n<li>Estefan\u00eda Solari (UNLP)<\/li>\n<li>Gabriela Mollo Brisco (UNLP)<\/li>\n<li>Ines Vazquez Boasso (UDELAR)<\/li>\n<\/ul>\n<p><strong>Eje \u201cGesti\u00f3n de Organizaciones de Salud\u201d<\/strong><\/p>\n<ul>\n<li>H\u00e9ctor \u00c1ngel Calvo (UNLP)<\/li>\n<li>Cristian Calvo (UNLP)<\/li>\n<li>Ana Mariela Rodr\u00edguez Facal (UDELAR)<\/li>\n<\/ul>\n<p><strong>Eje \u201cSociedad Civil Movilizada\u201d<\/strong><\/p>\n<ul>\n<li>Adriana Fassio (UNLP)<\/li>\n<li>Carla Maroscia (UNLP)<\/li>\n<li>Guillermo Gadola (UDELAR)<\/li>\n<\/ul>\n<p><strong>Eje \u201cLa gesti\u00f3n en universidades p\u00fablicas: desaf\u00edos y oportunidades\u201d<\/strong><\/p>\n<ul>\n<li>Eduardo Andr\u00e9s De Giusti (UNLP)<\/li>\n<li>Mar\u00eda de la Paz Colombo (UNLP)<\/li>\n<li>Daniela Blanco (UNLP)<\/li>\n<li>Danny Freira (UDELAR)<\/li>\n<\/ul>\n<p><strong>Eje \u201cCompetitividad y Finanzas\u201d<\/strong><\/p>\n<ul>\n<li>Eduardo Quiroga (UNLP)<\/li>\n<li>Agust\u00edn Pablo \u00c1lvarez (UCLM)<\/li>\n<li>Mar\u00eda Messina (UDELAR)<\/li>\n<li>Esteban Lemes (UDELAR)<\/li>\n<\/ul>\n<p><strong>Eje\u00a0\u201cInteligencia Artificial (IA) y las tecnolog\u00edas Exponenciales. Su Impacto en la Gesti\u00f3n Comercial\u201d<\/strong><\/p>\n<ul>\n<li>Fernando Simonato (UNLP)<\/li>\n<li>Juan Pablo Baldomar (UNLP)<\/li>\n<li>Andrea Duran (UNLP)<\/li>\n<li>Fernando Lorenzo (UDELAR)<\/li>\n<li>Maver Aguerrebere (UDELAR)<\/li>\n<\/ul>\n<p><strong>Eje \u201cCompetencias digitales en estudiantes universitarios\u201d<\/strong><\/p>\n<ul>\n<li>Cecilia N\u00f3bile (UNLP)<\/li>\n<li>Lorena Gonz\u00e1lez (UNLP)<\/li>\n<li>Rafel Mellado (PUCV)<\/li>\n<li>Luc\u00eda Garc\u00eda (UDELAR)<\/li>\n<\/ul>\n<p><strong>Comit\u00e9 Organizador Coloquio Doctoral<\/strong><\/p>\n<ul>\n<li>Juan Jos\u00e9 Gilli (UNLP)<\/li>\n<li>Lorena Gonz\u00e1lez (UNLP)<\/li>\n<li>Gabriela Pintos (UDELAR)<\/li>\n<\/ul>\n<p><strong>ISSN 3072-7138<\/strong><\/p>\n<p><a href=\"https:\/\/congresos.unlp.edu.ar\/ciicadm\/wp-content\/uploads\/sites\/44\/2025\/06\/Detalle-ejes-tematicos-2025.pdf\">Detalle de ejes tem\u00e1ticos<\/a><\/p>\n","protected":false},"excerpt":{"rendered":"<p>El\u00a02do Congreso Internacional de Investigaci\u00f3n en Ciencias de la Administraci\u00f3n y 1er Congreso Rioplatense de Investigaci\u00f3n en Ciencias de la Administraci\u00f3n es un evento acad\u00e9mico organizado por el Centro de Investigaciones Administrativas (IIA) de la Facultad de Ciencias Econ\u00f3micas \u2013 UNLP y el Departamento de Ciencias de la Administraci\u00f3n (DCA) de la Facultad de Ciencias [&hellip;]<\/p>\n","protected":false},"author":2,"featured_media":0,"parent":0,"menu_order":0,"comment_status":"closed","ping_status":"closed","template":"","meta":{"advgb_blocks_editor_width":"","advgb_blocks_columns_visual_guide":"","footnotes":""},"class_list":["post-13","page","type-page","status-publish","hentry","post"],"aioseo_notices":[],"coauthors":[],"author_meta":{"author_link":"https:\/\/congresos.unlp.edu.ar\/ciicadm\/author\/congresos\/","display_name":"congresos"},"relative_dates":{"created":"Publicado 4 a\u00f1os hace","modified":"Actualizado 7 meses hace"},"absolute_dates":{"created":"Publicado el 25 noviembre, 2021","modified":"Actualizado el 6 octubre, 2025"},"absolute_dates_time":{"created":"Publicado el 25 noviembre, 2021 9:30 pm","modified":"Actualizado el 6 octubre, 2025 8:49 am"},"featured_img_caption":"","featured_img":false,"series_order":"","_links":{"self":[{"href":"https:\/\/congresos.unlp.edu.ar\/ciicadm\/wp-json\/wp\/v2\/pages\/13","targetHints":{"allow":["GET"]}}],"collection":[{"href":"https:\/\/congresos.unlp.edu.ar\/ciicadm\/wp-json\/wp\/v2\/pages"}],"about":[{"href":"https:\/\/congresos.unlp.edu.ar\/ciicadm\/wp-json\/wp\/v2\/types\/page"}],"author":[{"embeddable":true,"href":"https:\/\/congresos.unlp.edu.ar\/ciicadm\/wp-json\/wp\/v2\/users\/2"}],"replies":[{"embeddable":true,"href":"https:\/\/congresos.unlp.edu.ar\/ciicadm\/wp-json\/wp\/v2\/comments?post=13"}],"version-history":[{"count":0,"href":"https:\/\/congresos.unlp.edu.ar\/ciicadm\/wp-json\/wp\/v2\/pages\/13\/revisions"}],"wp:attachment":[{"href":"https:\/\/congresos.unlp.edu.ar\/ciicadm\/wp-json\/wp\/v2\/media?parent=13"}],"curies":[{"name":"wp","href":"https:\/\/api.w.org\/{rel}","templated":true}]}}