{"id":293,"date":"2023-07-01T00:25:09","date_gmt":"2023-07-01T03:25:09","guid":{"rendered":"https:\/\/congresos.unlp.edu.ar\/ciepaal\/?page_id=293"},"modified":"2023-07-04T12:44:38","modified_gmt":"2023-07-04T15:44:38","slug":"simposio-28","status":"publish","type":"page","link":"https:\/\/congresos.unlp.edu.ar\/ciepaal\/simposio-28\/","title":{"rendered":"Simposio 28"},"content":{"rendered":"<p><span style=\"color: #800000\"><b>Expansiones del dise\u00f1o: disensos y futuros.<\/b><\/span><\/p>\n<p><strong>Coordinadora: Mg. Sara Guitelman (IHAAA, FDA, UNLP).<br \/>\n<\/strong><\/p>\n<p>Una trama sin costuras: Con esta breve frase, Mar\u00eda Ledesma abre la definici\u00f3n del dise\u00f1o a sus m\u00faltiples dimensiones<i> trans<\/i>, expandidas inmensamente en las \u00faltimas d\u00e9cadas de crisis global. Si lo singular del dise\u00f1o reside en ser un tipo de conocimiento que <i>atraviesa<\/i> lo social, lo tecnol\u00f3gico-cient\u00edfico y lo est\u00e9tico, desde la perspectiva universitaria esto lo sit\u00faa como campo privilegiado para la construcci\u00f3n de <i>una trama entre investigaci\u00f3n, docencia y extensi\u00f3n<\/i>, que potencie sus posibilidades como recurso para intervenir y transformar objetos y sujetos.<\/p>\n<p>En este marco proponemos indagar formas de producci\u00f3n y de <i>hacer comunidad<\/i> alternativas, emergentes a trav\u00e9s de colectivxs, espacios culturales y art\u00edsticos independientes, autogestivxs, y los modos en que el dise\u00f1o atraviesa esas pr\u00e1cticas que incluyen diversas formas del activismo gr\u00e1fico sobre todo en el campo editorial.<\/p>\n<p>\u00bfParticipan \u00e9stas de tantas otras estrategias de desaceleraci\u00f3n que buscan respuestas a la crisis? \u00bfC\u00f3mo operan estos espacios de disenso en tanto zonas de resistencia o proyectos hacia la construcci\u00f3n de mejores futuros posibles? \u00bfDe qu\u00e9 modos podemos interrogarlxs e intervenirlxs en el aula, la investigaci\u00f3n y la extensi\u00f3n universitaria?<\/p>\n","protected":false},"excerpt":{"rendered":"<p>Expansiones del dise\u00f1o: disensos y futuros. Coordinadora: Mg. Sara Guitelman (IHAAA, FDA, UNLP). Una trama sin costuras: Con esta breve frase, Mar\u00eda Ledesma abre la definici\u00f3n del dise\u00f1o a sus m\u00faltiples dimensiones trans, expandidas inmensamente en las \u00faltimas d\u00e9cadas de crisis global. Si lo singular del dise\u00f1o reside en ser un tipo de conocimiento que [&hellip;]<\/p>\n","protected":false},"author":188,"featured_media":0,"parent":0,"menu_order":0,"comment_status":"closed","ping_status":"closed","template":"","meta":{"advgb_blocks_editor_width":"","advgb_blocks_columns_visual_guide":"","footnotes":""},"class_list":["post-293","page","type-page","status-publish","hentry","post"],"aioseo_notices":[],"coauthors":[],"author_meta":{"author_link":"https:\/\/congresos.unlp.edu.ar\/ciepaal\/author\/juanvelis96\/","display_name":"juanvelis96"},"relative_dates":{"created":"Posted 3 a\u00f1os ago","modified":"Updated 3 a\u00f1os ago"},"absolute_dates":{"created":"Posted on 1 julio, 2023","modified":"Updated on 4 julio, 2023"},"absolute_dates_time":{"created":"Posted on 1 julio, 2023 12:25 am","modified":"Updated on 4 julio, 2023 12:44 pm"},"featured_img_caption":"","featured_img":false,"series_order":"","_links":{"self":[{"href":"https:\/\/congresos.unlp.edu.ar\/ciepaal\/wp-json\/wp\/v2\/pages\/293","targetHints":{"allow":["GET"]}}],"collection":[{"href":"https:\/\/congresos.unlp.edu.ar\/ciepaal\/wp-json\/wp\/v2\/pages"}],"about":[{"href":"https:\/\/congresos.unlp.edu.ar\/ciepaal\/wp-json\/wp\/v2\/types\/page"}],"author":[{"embeddable":true,"href":"https:\/\/congresos.unlp.edu.ar\/ciepaal\/wp-json\/wp\/v2\/users\/188"}],"replies":[{"embeddable":true,"href":"https:\/\/congresos.unlp.edu.ar\/ciepaal\/wp-json\/wp\/v2\/comments?post=293"}],"version-history":[{"count":0,"href":"https:\/\/congresos.unlp.edu.ar\/ciepaal\/wp-json\/wp\/v2\/pages\/293\/revisions"}],"wp:attachment":[{"href":"https:\/\/congresos.unlp.edu.ar\/ciepaal\/wp-json\/wp\/v2\/media?parent=293"}],"curies":[{"name":"wp","href":"https:\/\/api.w.org\/{rel}","templated":true}]}}