{"id":291,"date":"2023-07-01T00:24:19","date_gmt":"2023-07-01T03:24:19","guid":{"rendered":"https:\/\/congresos.unlp.edu.ar\/ciepaal\/?page_id=291"},"modified":"2023-07-01T00:24:19","modified_gmt":"2023-07-01T03:24:19","slug":"simposio-27","status":"publish","type":"page","link":"https:\/\/congresos.unlp.edu.ar\/ciepaal\/simposio-27\/","title":{"rendered":"Simposio 27"},"content":{"rendered":"<p><span style=\"color: #800000\"><b>La pr\u00e1ctica editorial y su relaci\u00f3n con el arte.\u00a0<\/b><\/span><\/p>\n<p><strong>Coordinadorxs: Carlos Servat y Rosana Barrag\u00e1n. (IPEAL, FdA, UNLP).<\/strong><\/p>\n<p>Lo editorial es un proceso que posee relaciones intr\u00ednsecas con la producci\u00f3n art\u00edstica, en especial con las artes impresas.<\/p>\n<p>Nos centramos en lo editorial convocando a producciones relacionadas con lo autogestivo enmarcadas en las diversas tareas del arte: espacios de circulaci\u00f3n, po\u00e9ticas, artes gr\u00e1ficas contempor\u00e1neas, libros de artista, archivos, documentaciones, producciones de contenidos y desarrollos que surjan desde formas tradicionales, hasta el uso de redes y tecnolog\u00edas digitales. A partir de este lineamiento, invitamos a indagar y reflexionar sobre nuevos conceptos y categor\u00edas que nos acerquen a diferentes sistemas de producci\u00f3n y de difusi\u00f3n, sobre diversos sitios de circulaci\u00f3n y plataformas en donde se administren contenidos constructivo\/po\u00e9ticos editables.<\/p>\n","protected":false},"excerpt":{"rendered":"<p>La pr\u00e1ctica editorial y su relaci\u00f3n con el arte.\u00a0 Coordinadorxs: Carlos Servat y Rosana Barrag\u00e1n. (IPEAL, FdA, UNLP). Lo editorial es un proceso que posee relaciones intr\u00ednsecas con la producci\u00f3n art\u00edstica, en especial con las artes impresas. Nos centramos en lo editorial convocando a producciones relacionadas con lo autogestivo enmarcadas en las diversas tareas del [&hellip;]<\/p>\n","protected":false},"author":188,"featured_media":0,"parent":0,"menu_order":0,"comment_status":"closed","ping_status":"closed","template":"","meta":{"advgb_blocks_editor_width":"","advgb_blocks_columns_visual_guide":"","footnotes":""},"class_list":["post-291","page","type-page","status-publish","hentry","post"],"aioseo_notices":[],"coauthors":[],"author_meta":{"author_link":"https:\/\/congresos.unlp.edu.ar\/ciepaal\/author\/juanvelis96\/","display_name":"juanvelis96"},"relative_dates":{"created":"Posted 3 a\u00f1os ago","modified":"Updated 3 a\u00f1os ago"},"absolute_dates":{"created":"Posted on 1 julio, 2023","modified":"Updated on 1 julio, 2023"},"absolute_dates_time":{"created":"Posted on 1 julio, 2023 12:24 am","modified":"Updated on 1 julio, 2023 12:24 am"},"featured_img_caption":"","featured_img":false,"series_order":"","_links":{"self":[{"href":"https:\/\/congresos.unlp.edu.ar\/ciepaal\/wp-json\/wp\/v2\/pages\/291","targetHints":{"allow":["GET"]}}],"collection":[{"href":"https:\/\/congresos.unlp.edu.ar\/ciepaal\/wp-json\/wp\/v2\/pages"}],"about":[{"href":"https:\/\/congresos.unlp.edu.ar\/ciepaal\/wp-json\/wp\/v2\/types\/page"}],"author":[{"embeddable":true,"href":"https:\/\/congresos.unlp.edu.ar\/ciepaal\/wp-json\/wp\/v2\/users\/188"}],"replies":[{"embeddable":true,"href":"https:\/\/congresos.unlp.edu.ar\/ciepaal\/wp-json\/wp\/v2\/comments?post=291"}],"version-history":[{"count":0,"href":"https:\/\/congresos.unlp.edu.ar\/ciepaal\/wp-json\/wp\/v2\/pages\/291\/revisions"}],"wp:attachment":[{"href":"https:\/\/congresos.unlp.edu.ar\/ciepaal\/wp-json\/wp\/v2\/media?parent=291"}],"curies":[{"name":"wp","href":"https:\/\/api.w.org\/{rel}","templated":true}]}}