{"id":289,"date":"2023-07-01T00:23:20","date_gmt":"2023-07-01T03:23:20","guid":{"rendered":"https:\/\/congresos.unlp.edu.ar\/ciepaal\/?page_id=289"},"modified":"2023-07-01T00:23:20","modified_gmt":"2023-07-01T03:23:20","slug":"simposio-26","status":"publish","type":"page","link":"https:\/\/congresos.unlp.edu.ar\/ciepaal\/simposio-26\/","title":{"rendered":"Simposio 26"},"content":{"rendered":"<p><span style=\"color: #800000\"><b>Corporalidad, [Post] instrumento y espacios esc\u00e9nicos emergentes en los modos de creaci\u00f3n, circulaci\u00f3n y pedagog\u00eda de la m\u00fasica actual.\u00a0<\/b><\/span><\/p>\n<p><strong>Coordinador: Dr. Luis Menacho.<\/strong><\/p>\n<p>A la luz de las pr\u00e1cticas musicales experimentales actuales, asistimos a la decantaci\u00f3n de las numerosas b\u00fasquedas que animaron el pasado siglo XX. Nuevos materiales, procedimientos formales e instrumentos ac\u00fasticos, electr\u00f3nicos y virtuales. La redefinici\u00f3n del entramado de circulaci\u00f3n entre la creaci\u00f3n y la recepci\u00f3n musical se proyecta desde las salas de conciertos a los nuevos escenarios en los espacios p\u00fablicos y la red. As\u00ed, el m\u00fasico actual, no s\u00f3lo reflexiona sobre la corporalidad que implica la performance y la pedagog\u00eda instrumental actual, sino que precisa saberes interdisciplinarios; una investigaci\u00f3n y dominio de m\u00faltiples t\u00e9cnicas de producci\u00f3n sonora constantes para una estrecha colaboraci\u00f3n junto al compositor, en un proceso creativo descentrado; es decir, atendiendo a la singularidad de lo \u201clocal\u201d de la pr\u00e1ctica art\u00edstica, inserta en un mundo global.<\/p>\n","protected":false},"excerpt":{"rendered":"<p>Corporalidad, [Post] instrumento y espacios esc\u00e9nicos emergentes en los modos de creaci\u00f3n, circulaci\u00f3n y pedagog\u00eda de la m\u00fasica actual.\u00a0 Coordinador: Dr. Luis Menacho. A la luz de las pr\u00e1cticas musicales experimentales actuales, asistimos a la decantaci\u00f3n de las numerosas b\u00fasquedas que animaron el pasado siglo XX. Nuevos materiales, procedimientos formales e instrumentos ac\u00fasticos, electr\u00f3nicos y [&hellip;]<\/p>\n","protected":false},"author":188,"featured_media":0,"parent":0,"menu_order":0,"comment_status":"closed","ping_status":"closed","template":"","meta":{"advgb_blocks_editor_width":"","advgb_blocks_columns_visual_guide":"","footnotes":""},"class_list":["post-289","page","type-page","status-publish","hentry","post"],"aioseo_notices":[],"coauthors":[],"author_meta":{"author_link":"https:\/\/congresos.unlp.edu.ar\/ciepaal\/author\/juanvelis96\/","display_name":"juanvelis96"},"relative_dates":{"created":"Posted 3 a\u00f1os ago","modified":"Updated 3 a\u00f1os ago"},"absolute_dates":{"created":"Posted on 1 julio, 2023","modified":"Updated on 1 julio, 2023"},"absolute_dates_time":{"created":"Posted on 1 julio, 2023 12:23 am","modified":"Updated on 1 julio, 2023 12:23 am"},"featured_img_caption":"","featured_img":false,"series_order":"","_links":{"self":[{"href":"https:\/\/congresos.unlp.edu.ar\/ciepaal\/wp-json\/wp\/v2\/pages\/289","targetHints":{"allow":["GET"]}}],"collection":[{"href":"https:\/\/congresos.unlp.edu.ar\/ciepaal\/wp-json\/wp\/v2\/pages"}],"about":[{"href":"https:\/\/congresos.unlp.edu.ar\/ciepaal\/wp-json\/wp\/v2\/types\/page"}],"author":[{"embeddable":true,"href":"https:\/\/congresos.unlp.edu.ar\/ciepaal\/wp-json\/wp\/v2\/users\/188"}],"replies":[{"embeddable":true,"href":"https:\/\/congresos.unlp.edu.ar\/ciepaal\/wp-json\/wp\/v2\/comments?post=289"}],"version-history":[{"count":0,"href":"https:\/\/congresos.unlp.edu.ar\/ciepaal\/wp-json\/wp\/v2\/pages\/289\/revisions"}],"wp:attachment":[{"href":"https:\/\/congresos.unlp.edu.ar\/ciepaal\/wp-json\/wp\/v2\/media?parent=289"}],"curies":[{"name":"wp","href":"https:\/\/api.w.org\/{rel}","templated":true}]}}