{"id":287,"date":"2023-07-01T00:22:19","date_gmt":"2023-07-01T03:22:19","guid":{"rendered":"https:\/\/congresos.unlp.edu.ar\/ciepaal\/?page_id=287"},"modified":"2023-07-04T12:42:24","modified_gmt":"2023-07-04T15:42:24","slug":"simposio-25","status":"publish","type":"page","link":"https:\/\/congresos.unlp.edu.ar\/ciepaal\/simposio-25\/","title":{"rendered":"Simposio 25"},"content":{"rendered":"<p><span style=\"color: #800000\"><b>El Arte Interdisciplinario e Intersectorial en las Pr\u00e1cticas Integrales.\u00a0<\/b><\/span><\/p>\n<p><strong>Coordinadora: Mar\u00eda Bonicatto (FTS, UNLP).<br \/>\n<\/strong><\/p>\n<p>Este simposio se\u00a0 propone reflexionar sobre las pr\u00e1cticas art\u00edsticas en clave de integralidad como aporte a la generaci\u00f3n de espacios en los cuales los y las estudiantes problematicen tem\u00e1ticas vinculadas a lo comunitario, lo territorial, la identidad, la interdisciplina y el desarrollo de procesos creativos.<\/p>\n<p>Un espacio para el an\u00e1lisis e intercambio de experiencias en torno a la creaci\u00f3n de dispositivos educativos como \u00e1mbitos para la promoci\u00f3n de pr\u00e1cticas integrales y para los debates acerca de los modos de implementaci\u00f3n de las mismas. Se trata de experiencias en las cuales el arte surge como articulador indispensable en las instancias de dise\u00f1o y puesta en marcha de propuestas que promueven el desarrollo de habilidades para el trabajo interdisciplinario vinculando diferentes \u00e1reas del conocimiento y contribuyendo al abordaje de problemas de manera situada y relacional.<\/p>\n","protected":false},"excerpt":{"rendered":"<p>El Arte Interdisciplinario e Intersectorial en las Pr\u00e1cticas Integrales.\u00a0 Coordinadora: Mar\u00eda Bonicatto (FTS, UNLP). Este simposio se\u00a0 propone reflexionar sobre las pr\u00e1cticas art\u00edsticas en clave de integralidad como aporte a la generaci\u00f3n de espacios en los cuales los y las estudiantes problematicen tem\u00e1ticas vinculadas a lo comunitario, lo territorial, la identidad, la interdisciplina y el [&hellip;]<\/p>\n","protected":false},"author":188,"featured_media":0,"parent":0,"menu_order":0,"comment_status":"closed","ping_status":"closed","template":"","meta":{"advgb_blocks_editor_width":"","advgb_blocks_columns_visual_guide":"","footnotes":""},"class_list":["post-287","page","type-page","status-publish","hentry","post"],"aioseo_notices":[],"coauthors":[],"author_meta":{"author_link":"https:\/\/congresos.unlp.edu.ar\/ciepaal\/author\/juanvelis96\/","display_name":"juanvelis96"},"relative_dates":{"created":"Posted 3 a\u00f1os ago","modified":"Updated 3 a\u00f1os ago"},"absolute_dates":{"created":"Posted on 1 julio, 2023","modified":"Updated on 4 julio, 2023"},"absolute_dates_time":{"created":"Posted on 1 julio, 2023 12:22 am","modified":"Updated on 4 julio, 2023 12:42 pm"},"featured_img_caption":"","featured_img":false,"series_order":"","_links":{"self":[{"href":"https:\/\/congresos.unlp.edu.ar\/ciepaal\/wp-json\/wp\/v2\/pages\/287","targetHints":{"allow":["GET"]}}],"collection":[{"href":"https:\/\/congresos.unlp.edu.ar\/ciepaal\/wp-json\/wp\/v2\/pages"}],"about":[{"href":"https:\/\/congresos.unlp.edu.ar\/ciepaal\/wp-json\/wp\/v2\/types\/page"}],"author":[{"embeddable":true,"href":"https:\/\/congresos.unlp.edu.ar\/ciepaal\/wp-json\/wp\/v2\/users\/188"}],"replies":[{"embeddable":true,"href":"https:\/\/congresos.unlp.edu.ar\/ciepaal\/wp-json\/wp\/v2\/comments?post=287"}],"version-history":[{"count":0,"href":"https:\/\/congresos.unlp.edu.ar\/ciepaal\/wp-json\/wp\/v2\/pages\/287\/revisions"}],"wp:attachment":[{"href":"https:\/\/congresos.unlp.edu.ar\/ciepaal\/wp-json\/wp\/v2\/media?parent=287"}],"curies":[{"name":"wp","href":"https:\/\/api.w.org\/{rel}","templated":true}]}}