{"id":285,"date":"2023-07-01T00:19:14","date_gmt":"2023-07-01T03:19:14","guid":{"rendered":"https:\/\/congresos.unlp.edu.ar\/ciepaal\/?page_id=285"},"modified":"2023-07-01T00:19:14","modified_gmt":"2023-07-01T03:19:14","slug":"simposio-24","status":"publish","type":"page","link":"https:\/\/congresos.unlp.edu.ar\/ciepaal\/simposio-24\/","title":{"rendered":"Simposio 24"},"content":{"rendered":"<p><span style=\"color: #800000\"><b>Cuadros para una exposici\u00f3n.<\/b><\/span><\/p>\n<p><strong>Coordinadores: Rub\u00e9n \u00c1ngel Hitz y Daniel S\u00e1nchez (IHAAA, FdA, UNLP).<\/strong><\/p>\n<p>El g\u00e9nero del paisaje ocupa un lugar preponderante durante todo el siglo XIX en Argentina y en Latinoam\u00e9rica y posee un amplio metadiscurso sustentador incluso anterior al siglo XIX, que al igual que muchos de los artistas del per\u00edodo, es de origen europeo. Desde esta posici\u00f3n, esos paisajes, cuadros de la naturaleza que ofrecen particularidades diversas fueron observados y transcriptos gr\u00e1fica y art\u00edsticamente e incorporados a los libros de viaje (Penhos, 2009, p.48). El conocimiento sobre la naturaleza de cada regi\u00f3n, se plasm\u00f3 en im\u00e1genes que reprodujeron discursos sobre el territorio cuyo uso pol\u00edtico perdur\u00f3 a lo largo del tiempo. Durante la segunda d\u00e9cada del siglo XX se genera un cambio de mirada frente al tema. Examinar desde una perspectiva cr\u00edtica la representaci\u00f3n visual y los discursos en torno de ella, entendiendo las im\u00e1genes como dispositivos no s\u00f3lo de visualidad (Penhos, 2005), sino tambi\u00e9n de conocimiento y poder pol\u00edtico, nos permitir\u00e1 reflexionar acerca del rol que desempe\u00f1aron en la construcci\u00f3n de imaginarios sobre la identidad americana.<\/p>\n<p>&nbsp;<\/p>\n","protected":false},"excerpt":{"rendered":"<p>Cuadros para una exposici\u00f3n. Coordinadores: Rub\u00e9n \u00c1ngel Hitz y Daniel S\u00e1nchez (IHAAA, FdA, UNLP). El g\u00e9nero del paisaje ocupa un lugar preponderante durante todo el siglo XIX en Argentina y en Latinoam\u00e9rica y posee un amplio metadiscurso sustentador incluso anterior al siglo XIX, que al igual que muchos de los artistas del per\u00edodo, es de [&hellip;]<\/p>\n","protected":false},"author":188,"featured_media":0,"parent":0,"menu_order":0,"comment_status":"closed","ping_status":"closed","template":"","meta":{"advgb_blocks_editor_width":"","advgb_blocks_columns_visual_guide":"","footnotes":""},"class_list":["post-285","page","type-page","status-publish","hentry","post"],"aioseo_notices":[],"coauthors":[],"author_meta":{"author_link":"https:\/\/congresos.unlp.edu.ar\/ciepaal\/author\/juanvelis96\/","display_name":"juanvelis96"},"relative_dates":{"created":"Posted 3 a\u00f1os ago","modified":"Updated 3 a\u00f1os ago"},"absolute_dates":{"created":"Posted on 1 julio, 2023","modified":"Updated on 1 julio, 2023"},"absolute_dates_time":{"created":"Posted on 1 julio, 2023 12:19 am","modified":"Updated on 1 julio, 2023 12:19 am"},"featured_img_caption":"","featured_img":false,"series_order":"","_links":{"self":[{"href":"https:\/\/congresos.unlp.edu.ar\/ciepaal\/wp-json\/wp\/v2\/pages\/285","targetHints":{"allow":["GET"]}}],"collection":[{"href":"https:\/\/congresos.unlp.edu.ar\/ciepaal\/wp-json\/wp\/v2\/pages"}],"about":[{"href":"https:\/\/congresos.unlp.edu.ar\/ciepaal\/wp-json\/wp\/v2\/types\/page"}],"author":[{"embeddable":true,"href":"https:\/\/congresos.unlp.edu.ar\/ciepaal\/wp-json\/wp\/v2\/users\/188"}],"replies":[{"embeddable":true,"href":"https:\/\/congresos.unlp.edu.ar\/ciepaal\/wp-json\/wp\/v2\/comments?post=285"}],"version-history":[{"count":0,"href":"https:\/\/congresos.unlp.edu.ar\/ciepaal\/wp-json\/wp\/v2\/pages\/285\/revisions"}],"wp:attachment":[{"href":"https:\/\/congresos.unlp.edu.ar\/ciepaal\/wp-json\/wp\/v2\/media?parent=285"}],"curies":[{"name":"wp","href":"https:\/\/api.w.org\/{rel}","templated":true}]}}