{"id":278,"date":"2023-06-30T13:34:06","date_gmt":"2023-06-30T16:34:06","guid":{"rendered":"https:\/\/congresos.unlp.edu.ar\/ciepaal\/?page_id=278"},"modified":"2023-07-01T00:38:07","modified_gmt":"2023-07-01T03:38:07","slug":"21-instrumento-musical-ampliado-cruces-entre-acustica-tecnologia-y-musica","status":"publish","type":"page","link":"https:\/\/congresos.unlp.edu.ar\/ciepaal\/21-instrumento-musical-ampliado-cruces-entre-acustica-tecnologia-y-musica\/","title":{"rendered":"Simposio 21"},"content":{"rendered":"<p><strong><span style=\"color: #800000\">Instrumento musical ampliado. Cruces entre ac\u00fastica, tecnolog\u00eda y m\u00fasica.<\/span><\/p>\n<p>Coordinadorxs: Farina, Mar\u00eda Andrea. (FdA, UNLP) y Basso, Gustavo Jorge. (IPEAL, FdA, UNLP).<\/strong><\/p>\n<p>En este simposio se presentar\u00e1n temas de ac\u00fastica relacionados con las fuentes sonoras -canto coral, instrumentos musicales y altavoces-, los tipos de procesamiento de se\u00f1ales, la pr\u00e1ctica musical y el espacio como extensi\u00f3n ac\u00fastica de las fuentes en salas para espect\u00e1culos, cine y multimedia. El concepto de \u201cinstrumento musical ampliado\u201d enunciado por Lothar Cremer nos permitir\u00e1 vincular las partes musical, arquitect\u00f3nica y ac\u00fastica presentes en todo desarrollo musical actual.<\/p>\n","protected":false},"excerpt":{"rendered":"<p>Instrumento musical ampliado. Cruces entre ac\u00fastica, tecnolog\u00eda y m\u00fasica. Coordinadorxs: Farina, Mar\u00eda Andrea. (FdA, UNLP) y Basso, Gustavo Jorge. (IPEAL, FdA, UNLP). En este simposio se presentar\u00e1n temas de ac\u00fastica relacionados con las fuentes sonoras -canto coral, instrumentos musicales y altavoces-, los tipos de procesamiento de se\u00f1ales, la pr\u00e1ctica musical y el espacio como extensi\u00f3n [&hellip;]<\/p>\n","protected":false},"author":188,"featured_media":0,"parent":0,"menu_order":0,"comment_status":"closed","ping_status":"closed","template":"","meta":{"advgb_blocks_editor_width":"","advgb_blocks_columns_visual_guide":"","footnotes":""},"class_list":["post-278","page","type-page","status-publish","hentry","post"],"aioseo_notices":[],"coauthors":[],"author_meta":{"author_link":"https:\/\/congresos.unlp.edu.ar\/ciepaal\/author\/juanvelis96\/","display_name":"juanvelis96"},"relative_dates":{"created":"Posted 3 a\u00f1os ago","modified":"Updated 3 a\u00f1os ago"},"absolute_dates":{"created":"Posted on 30 junio, 2023","modified":"Updated on 1 julio, 2023"},"absolute_dates_time":{"created":"Posted on 30 junio, 2023 1:34 pm","modified":"Updated on 1 julio, 2023 12:38 am"},"featured_img_caption":"","featured_img":false,"series_order":"","_links":{"self":[{"href":"https:\/\/congresos.unlp.edu.ar\/ciepaal\/wp-json\/wp\/v2\/pages\/278","targetHints":{"allow":["GET"]}}],"collection":[{"href":"https:\/\/congresos.unlp.edu.ar\/ciepaal\/wp-json\/wp\/v2\/pages"}],"about":[{"href":"https:\/\/congresos.unlp.edu.ar\/ciepaal\/wp-json\/wp\/v2\/types\/page"}],"author":[{"embeddable":true,"href":"https:\/\/congresos.unlp.edu.ar\/ciepaal\/wp-json\/wp\/v2\/users\/188"}],"replies":[{"embeddable":true,"href":"https:\/\/congresos.unlp.edu.ar\/ciepaal\/wp-json\/wp\/v2\/comments?post=278"}],"version-history":[{"count":0,"href":"https:\/\/congresos.unlp.edu.ar\/ciepaal\/wp-json\/wp\/v2\/pages\/278\/revisions"}],"wp:attachment":[{"href":"https:\/\/congresos.unlp.edu.ar\/ciepaal\/wp-json\/wp\/v2\/media?parent=278"}],"curies":[{"name":"wp","href":"https:\/\/api.w.org\/{rel}","templated":true}]}}