{"id":268,"date":"2023-06-30T13:11:58","date_gmt":"2023-06-30T16:11:58","guid":{"rendered":"https:\/\/congresos.unlp.edu.ar\/ciepaal\/?page_id=268"},"modified":"2023-07-01T00:31:18","modified_gmt":"2023-07-01T03:31:18","slug":"16-educacion-artistica-historia-y-territorio","status":"publish","type":"page","link":"https:\/\/congresos.unlp.edu.ar\/ciepaal\/16-educacion-artistica-historia-y-territorio\/","title":{"rendered":"Simposio 16"},"content":{"rendered":"<p><strong><span style=\"color: #800000\">Educaci\u00f3n art\u00edstica, historia y territorio.<\/span><\/p>\n<p>Coordinadorxs: Lorena Gago, Ana Otondo y Florencia Sanguinetti (FdA &#8211; UNLP).<\/strong><\/p>\n<p>Partimos de un interrogante: \u00bfqu\u00e9 significa descolonizar la educaci\u00f3n art\u00edstica? En di\u00e1logo con diversos par\u00e1metros de valoraci\u00f3n de la cultura en Am\u00e9rica Latina, existen representaciones sociales y pr\u00e1cticas transformadoras del arte y su ense\u00f1anza. La cultura sucede en tiempos y espacios concretos, es historia y territorio. Proponemos abordar pr\u00e1cticas y discursos relacionados con la educaci\u00f3n art\u00edstica y atender a la dial\u00e9ctica entre:<\/p>\n<p>-Formaci\u00f3n acad\u00e9mica y realidad socio-cultural.<\/p>\n<p>-Centro y periferia en relaci\u00f3n con pr\u00e1cticas de ense\u00f1anza art\u00edstica.<\/p>\n<p>-Teor\u00eda y pr\u00e1ctica como ejes institucionales en la formaci\u00f3n acad\u00e9mica.<\/p>\n<p>-Profesorado y licenciatura en la formaci\u00f3n universitaria en artes.<\/p>\n<p>Invitamos a compartir este espacio de reflexi\u00f3n desde las Artes Pl\u00e1sticas, la Historia del Arte, la Antropolog\u00eda, la Sociolog\u00eda y las Ciencias de la Educaci\u00f3n, para nutrir el car\u00e1cter multidimensional y complejo de la educaci\u00f3n art\u00edstica.<\/p>\n","protected":false},"excerpt":{"rendered":"<p>Educaci\u00f3n art\u00edstica, historia y territorio. Coordinadorxs: Lorena Gago, Ana Otondo y Florencia Sanguinetti (FdA &#8211; UNLP). Partimos de un interrogante: \u00bfqu\u00e9 significa descolonizar la educaci\u00f3n art\u00edstica? En di\u00e1logo con diversos par\u00e1metros de valoraci\u00f3n de la cultura en Am\u00e9rica Latina, existen representaciones sociales y pr\u00e1cticas transformadoras del arte y su ense\u00f1anza. La cultura sucede en tiempos [&hellip;]<\/p>\n","protected":false},"author":188,"featured_media":0,"parent":0,"menu_order":0,"comment_status":"closed","ping_status":"closed","template":"","meta":{"advgb_blocks_editor_width":"","advgb_blocks_columns_visual_guide":"","footnotes":""},"class_list":["post-268","page","type-page","status-publish","hentry","post"],"aioseo_notices":[],"coauthors":[],"author_meta":{"author_link":"https:\/\/congresos.unlp.edu.ar\/ciepaal\/author\/juanvelis96\/","display_name":"juanvelis96"},"relative_dates":{"created":"Posted 3 a\u00f1os ago","modified":"Updated 3 a\u00f1os ago"},"absolute_dates":{"created":"Posted on 30 junio, 2023","modified":"Updated on 1 julio, 2023"},"absolute_dates_time":{"created":"Posted on 30 junio, 2023 1:11 pm","modified":"Updated on 1 julio, 2023 12:31 am"},"featured_img_caption":"","featured_img":false,"series_order":"","_links":{"self":[{"href":"https:\/\/congresos.unlp.edu.ar\/ciepaal\/wp-json\/wp\/v2\/pages\/268","targetHints":{"allow":["GET"]}}],"collection":[{"href":"https:\/\/congresos.unlp.edu.ar\/ciepaal\/wp-json\/wp\/v2\/pages"}],"about":[{"href":"https:\/\/congresos.unlp.edu.ar\/ciepaal\/wp-json\/wp\/v2\/types\/page"}],"author":[{"embeddable":true,"href":"https:\/\/congresos.unlp.edu.ar\/ciepaal\/wp-json\/wp\/v2\/users\/188"}],"replies":[{"embeddable":true,"href":"https:\/\/congresos.unlp.edu.ar\/ciepaal\/wp-json\/wp\/v2\/comments?post=268"}],"version-history":[{"count":0,"href":"https:\/\/congresos.unlp.edu.ar\/ciepaal\/wp-json\/wp\/v2\/pages\/268\/revisions"}],"wp:attachment":[{"href":"https:\/\/congresos.unlp.edu.ar\/ciepaal\/wp-json\/wp\/v2\/media?parent=268"}],"curies":[{"name":"wp","href":"https:\/\/api.w.org\/{rel}","templated":true}]}}