{"id":264,"date":"2023-06-30T13:10:36","date_gmt":"2023-06-30T16:10:36","guid":{"rendered":"https:\/\/congresos.unlp.edu.ar\/ciepaal\/?page_id=264"},"modified":"2023-07-01T00:29:37","modified_gmt":"2023-07-01T03:29:37","slug":"14-claves-epistemologicas-para-una-educacion-musical-alternativa","status":"publish","type":"page","link":"https:\/\/congresos.unlp.edu.ar\/ciepaal\/14-claves-epistemologicas-para-una-educacion-musical-alternativa\/","title":{"rendered":"Simposio 14"},"content":{"rendered":"<p><strong><span style=\"color: #800000\">Claves epistemol\u00f3gicas para una educaci\u00f3n musical alternativa.<\/span><\/p>\n<p>Coordinadorxs: Dra. Mar\u00eda In\u00e9s Burcet y Dr. Favio Shifres (LEEM-FdA-UNLP).<\/strong><\/p>\n<p>Este simposio se propone debatir sobre las <i>claves <\/i>epistemol\u00f3gicas que permiten identificar aspectos de las tradiciones en educaci\u00f3n musical responsables de sostenerla adherida a principios de colonialidad epistemol\u00f3gica y que la hacen impermeable a las cr\u00edticas que cada vez m\u00e1s se articulan desde la musicolog\u00eda, la psicolog\u00eda de la m\u00fasica, la educaci\u00f3n, etc. Estas <i>claves<\/i> son axiomas sobre los que se sostienen los objetivos y m\u00e9todos articulados en tales tradiciones. Discutiremos sobre: (1) la noci\u00f3n de escritura musical como c\u00f3digo; (2) el abordaje individualista y computacional de la performance musical; (3) la valoraci\u00f3n\/jerarquizaci\u00f3n de una pedagog\u00eda de matriz cartesiana en los trayectos formativos formales; (4) la t\u00e9cnica (vocal-instrumental) como instrumento de modelado de la subjetividad a trav\u00e9s de la regulaci\u00f3n del cuerpo y su expresividad; (5) la combinaci\u00f3n de mecanismos de subordinaci\u00f3n epistemol\u00f3gica en las elaboraciones te\u00f3ricas. Cada trabajo integrante de este simposio aborda uno de ellos.<\/p>\n","protected":false},"excerpt":{"rendered":"<p>Claves epistemol\u00f3gicas para una educaci\u00f3n musical alternativa. Coordinadorxs: Dra. Mar\u00eda In\u00e9s Burcet y Dr. Favio Shifres (LEEM-FdA-UNLP). Este simposio se propone debatir sobre las claves epistemol\u00f3gicas que permiten identificar aspectos de las tradiciones en educaci\u00f3n musical responsables de sostenerla adherida a principios de colonialidad epistemol\u00f3gica y que la hacen impermeable a las cr\u00edticas que cada [&hellip;]<\/p>\n","protected":false},"author":188,"featured_media":0,"parent":0,"menu_order":0,"comment_status":"closed","ping_status":"closed","template":"","meta":{"advgb_blocks_editor_width":"","advgb_blocks_columns_visual_guide":"","footnotes":""},"class_list":["post-264","page","type-page","status-publish","hentry","post"],"aioseo_notices":[],"coauthors":[],"author_meta":{"author_link":"https:\/\/congresos.unlp.edu.ar\/ciepaal\/author\/juanvelis96\/","display_name":"juanvelis96"},"relative_dates":{"created":"Posted 3 a\u00f1os ago","modified":"Updated 3 a\u00f1os ago"},"absolute_dates":{"created":"Posted on 30 junio, 2023","modified":"Updated on 1 julio, 2023"},"absolute_dates_time":{"created":"Posted on 30 junio, 2023 1:10 pm","modified":"Updated on 1 julio, 2023 12:29 am"},"featured_img_caption":"","featured_img":false,"series_order":"","_links":{"self":[{"href":"https:\/\/congresos.unlp.edu.ar\/ciepaal\/wp-json\/wp\/v2\/pages\/264","targetHints":{"allow":["GET"]}}],"collection":[{"href":"https:\/\/congresos.unlp.edu.ar\/ciepaal\/wp-json\/wp\/v2\/pages"}],"about":[{"href":"https:\/\/congresos.unlp.edu.ar\/ciepaal\/wp-json\/wp\/v2\/types\/page"}],"author":[{"embeddable":true,"href":"https:\/\/congresos.unlp.edu.ar\/ciepaal\/wp-json\/wp\/v2\/users\/188"}],"replies":[{"embeddable":true,"href":"https:\/\/congresos.unlp.edu.ar\/ciepaal\/wp-json\/wp\/v2\/comments?post=264"}],"version-history":[{"count":0,"href":"https:\/\/congresos.unlp.edu.ar\/ciepaal\/wp-json\/wp\/v2\/pages\/264\/revisions"}],"wp:attachment":[{"href":"https:\/\/congresos.unlp.edu.ar\/ciepaal\/wp-json\/wp\/v2\/media?parent=264"}],"curies":[{"name":"wp","href":"https:\/\/api.w.org\/{rel}","templated":true}]}}