{"id":236,"date":"2023-06-30T12:42:47","date_gmt":"2023-06-30T15:42:47","guid":{"rendered":"https:\/\/congresos.unlp.edu.ar\/ciepaal\/?page_id=236"},"modified":"2023-07-01T00:40:16","modified_gmt":"2023-07-01T03:40:16","slug":"5-desobediencias-sexuales-y-contratecnologias-queer-cuir-en-el-arte","status":"publish","type":"page","link":"https:\/\/congresos.unlp.edu.ar\/ciepaal\/5-desobediencias-sexuales-y-contratecnologias-queer-cuir-en-el-arte\/","title":{"rendered":"Simposio 5"},"content":{"rendered":"<p><strong><span style=\"color: #800000\">Desobediencias sexuales y contratecnolog\u00edas queer\/cuir en el arte.<\/span><\/p>\n<p>Coordinador: Fernando Davis. (IPEAL, FDA-UNLP).<\/strong><\/p>\n<p>La denominaci\u00f3n de desobediencias sexuales designa un cuerpo m\u00faltiple de estrategias de contraescritura e interpelaci\u00f3n cr\u00edtica de los presupuestos te\u00f3ricos y epistemol\u00f3gicos -heterocentrados, cisexistas y coloniales- de las narrativas historiogr\u00e1ficas hegem\u00f3nicas. Se trata de un conjunto de contratecnolog\u00edas pol\u00edticas y de pr\u00e1cticas po\u00e9ticas <i>queer\/cuir<\/i> que, desplegadas desde el arte contempor\u00e1neo y los activismos art\u00edsticos, contribuye a problematizar los reg\u00edmenes de inteligibilidad sexual de la historia del arte. Las im\u00e1genes son complejas tecnolog\u00edas de poder que participan en la producci\u00f3n y administraci\u00f3n de representaciones, reg\u00edmenes sensibles, hegemon\u00edas visuales, subjetividades, cuerpos y formas de existencia. Pero al mismo tiempo potencian la invenci\u00f3n de estrategias de contraproductivizaci\u00f3n y movilizan formas de imaginaci\u00f3n pol\u00edtica disidente que desaf\u00edan los trazados de sentido que la raz\u00f3n historiogr\u00e1fica dominante hace posibles y pensables.<\/p>\n","protected":false},"excerpt":{"rendered":"<p>Desobediencias sexuales y contratecnolog\u00edas queer\/cuir en el arte. Coordinador: Fernando Davis. (IPEAL, FDA-UNLP). La denominaci\u00f3n de desobediencias sexuales designa un cuerpo m\u00faltiple de estrategias de contraescritura e interpelaci\u00f3n cr\u00edtica de los presupuestos te\u00f3ricos y epistemol\u00f3gicos -heterocentrados, cisexistas y coloniales- de las narrativas historiogr\u00e1ficas hegem\u00f3nicas. Se trata de un conjunto de contratecnolog\u00edas pol\u00edticas y de pr\u00e1cticas [&hellip;]<\/p>\n","protected":false},"author":188,"featured_media":0,"parent":0,"menu_order":0,"comment_status":"closed","ping_status":"closed","template":"","meta":{"advgb_blocks_editor_width":"","advgb_blocks_columns_visual_guide":"","footnotes":""},"class_list":["post-236","page","type-page","status-publish","hentry","post"],"aioseo_notices":[],"coauthors":[],"author_meta":{"author_link":"https:\/\/congresos.unlp.edu.ar\/ciepaal\/author\/juanvelis96\/","display_name":"juanvelis96"},"relative_dates":{"created":"Posted 3 a\u00f1os ago","modified":"Updated 3 a\u00f1os ago"},"absolute_dates":{"created":"Posted on 30 junio, 2023","modified":"Updated on 1 julio, 2023"},"absolute_dates_time":{"created":"Posted on 30 junio, 2023 12:42 pm","modified":"Updated on 1 julio, 2023 12:40 am"},"featured_img_caption":"","featured_img":false,"series_order":"","_links":{"self":[{"href":"https:\/\/congresos.unlp.edu.ar\/ciepaal\/wp-json\/wp\/v2\/pages\/236","targetHints":{"allow":["GET"]}}],"collection":[{"href":"https:\/\/congresos.unlp.edu.ar\/ciepaal\/wp-json\/wp\/v2\/pages"}],"about":[{"href":"https:\/\/congresos.unlp.edu.ar\/ciepaal\/wp-json\/wp\/v2\/types\/page"}],"author":[{"embeddable":true,"href":"https:\/\/congresos.unlp.edu.ar\/ciepaal\/wp-json\/wp\/v2\/users\/188"}],"replies":[{"embeddable":true,"href":"https:\/\/congresos.unlp.edu.ar\/ciepaal\/wp-json\/wp\/v2\/comments?post=236"}],"version-history":[{"count":0,"href":"https:\/\/congresos.unlp.edu.ar\/ciepaal\/wp-json\/wp\/v2\/pages\/236\/revisions"}],"wp:attachment":[{"href":"https:\/\/congresos.unlp.edu.ar\/ciepaal\/wp-json\/wp\/v2\/media?parent=236"}],"curies":[{"name":"wp","href":"https:\/\/api.w.org\/{rel}","templated":true}]}}