{"id":234,"date":"2023-06-30T12:41:56","date_gmt":"2023-06-30T15:41:56","guid":{"rendered":"https:\/\/congresos.unlp.edu.ar\/ciepaal\/?page_id=234"},"modified":"2023-07-01T00:39:44","modified_gmt":"2023-07-01T03:39:44","slug":"4-historia-del-arte-cultura-visual-y-estetica-de-los-medios-tres-campos-de-estudio-para-el-abordaje-de-la-produccion-artistico-cultural-argentina-de-los-siglos-xx-y-xxi","status":"publish","type":"page","link":"https:\/\/congresos.unlp.edu.ar\/ciepaal\/4-historia-del-arte-cultura-visual-y-estetica-de-los-medios-tres-campos-de-estudio-para-el-abordaje-de-la-produccion-artistico-cultural-argentina-de-los-siglos-xx-y-xxi\/","title":{"rendered":"Simposio 4"},"content":{"rendered":"<p><strong><span style=\"color: #800000\">Historia del arte, cultura visual y est\u00e9tica de los medios: tres campos de estudio para el abordaje de la producci\u00f3n art\u00edstico-cultural argentina de los siglos XX y XXI.<\/span><\/p>\n<p>Coordinadoras: Mg. Natalia Matewecki (IHAAA, FdA, UNLP) y Dra. Mar\u00eda de las Mercedes Reitano (IHAAA, FdA, UNLP).<\/strong><\/p>\n<p>Tomamos de William J. T. Mitchell (2019) su perspectiva de entender a la Historia del arte como una disciplina expandida en la que convergen tres campos de estudio diferentes: la iconolog\u00eda, la cultura visual y la est\u00e9tica de los medios.<\/p>\n<p>Los estudios iconol\u00f3gicos son un m\u00e9todo creado para el an\u00e1lisis de obras de la Historia del arte pero que, en la actualidad, no se restringe \u00fanicamente a las im\u00e1genes art\u00edsticas, sino que incluye a las im\u00e1genes no art\u00edsticas, cient\u00edficas y tecnol\u00f3gicas. Mediante la iconolog\u00eda es posible desarrollar un estudio cr\u00edtico y reflexivo acerca de las im\u00e1genes. En cuanto a la cultura visual, es posible se\u00f1alar que se refiere a un \u00e1rea interdisciplinar que estudia la percepci\u00f3n y la representaci\u00f3n visual que permite describir la construcci\u00f3n social del campo de la visibilidad y la construcci\u00f3n visual del contexto social. En tanto que la est\u00e9tica de los medios (McLuhan) posibilita desarrollar un pensamiento que atraviesa las fronteras entre los medios de comunicaci\u00f3n de masas, la pr\u00e1ctica art\u00edstica y las formas de mediaci\u00f3n t\u00e9cnica, socioecon\u00f3mica y pol\u00edtica.<\/p>\n","protected":false},"excerpt":{"rendered":"<p>Historia del arte, cultura visual y est\u00e9tica de los medios: tres campos de estudio para el abordaje de la producci\u00f3n art\u00edstico-cultural argentina de los siglos XX y XXI. Coordinadoras: Mg. Natalia Matewecki (IHAAA, FdA, UNLP) y Dra. Mar\u00eda de las Mercedes Reitano (IHAAA, FdA, UNLP). Tomamos de William J. T. Mitchell (2019) su perspectiva de [&hellip;]<\/p>\n","protected":false},"author":188,"featured_media":0,"parent":0,"menu_order":0,"comment_status":"closed","ping_status":"closed","template":"","meta":{"advgb_blocks_editor_width":"","advgb_blocks_columns_visual_guide":"","footnotes":""},"class_list":["post-234","page","type-page","status-publish","hentry","post"],"aioseo_notices":[],"coauthors":[],"author_meta":{"author_link":"https:\/\/congresos.unlp.edu.ar\/ciepaal\/author\/juanvelis96\/","display_name":"juanvelis96"},"relative_dates":{"created":"Posted 3 a\u00f1os ago","modified":"Updated 3 a\u00f1os ago"},"absolute_dates":{"created":"Posted on 30 junio, 2023","modified":"Updated on 1 julio, 2023"},"absolute_dates_time":{"created":"Posted on 30 junio, 2023 12:41 pm","modified":"Updated on 1 julio, 2023 12:39 am"},"featured_img_caption":"","featured_img":false,"series_order":"","_links":{"self":[{"href":"https:\/\/congresos.unlp.edu.ar\/ciepaal\/wp-json\/wp\/v2\/pages\/234","targetHints":{"allow":["GET"]}}],"collection":[{"href":"https:\/\/congresos.unlp.edu.ar\/ciepaal\/wp-json\/wp\/v2\/pages"}],"about":[{"href":"https:\/\/congresos.unlp.edu.ar\/ciepaal\/wp-json\/wp\/v2\/types\/page"}],"author":[{"embeddable":true,"href":"https:\/\/congresos.unlp.edu.ar\/ciepaal\/wp-json\/wp\/v2\/users\/188"}],"replies":[{"embeddable":true,"href":"https:\/\/congresos.unlp.edu.ar\/ciepaal\/wp-json\/wp\/v2\/comments?post=234"}],"version-history":[{"count":0,"href":"https:\/\/congresos.unlp.edu.ar\/ciepaal\/wp-json\/wp\/v2\/pages\/234\/revisions"}],"wp:attachment":[{"href":"https:\/\/congresos.unlp.edu.ar\/ciepaal\/wp-json\/wp\/v2\/media?parent=234"}],"curies":[{"name":"wp","href":"https:\/\/api.w.org\/{rel}","templated":true}]}}