{"id":17,"date":"2023-05-05T10:00:11","date_gmt":"2023-05-05T13:00:11","guid":{"rendered":"https:\/\/congresos.unlp.edu.ar\/ciepaal\/?page_id=17"},"modified":"2023-07-01T00:56:30","modified_gmt":"2023-07-01T03:56:30","slug":"pautas-para-envios","status":"publish","type":"page","link":"https:\/\/congresos.unlp.edu.ar\/ciepaal\/pautas-para-envios\/","title":{"rendered":"Pautas para env\u00edos"},"content":{"rendered":"<p><span dir=\"ltr\" style=\"color: #800000\" role=\"presentation\"><strong><span dir=\"ltr\" role=\"presentation\">\/\/ <\/span>Normas para ponencias<\/strong><\/span><\/p>\n<p><em>Se aceptar\u00e1n ponencias en formato de res\u00famenes extendidos, de hasta 1.200 carac<\/em><span dir=\"ltr\" role=\"presentation\"><em>teres sin espacio, seg\u00fan normas de estilo para autorxs.<\/em><br \/>\n<\/span><br role=\"presentation\" \/><span dir=\"ltr\" role=\"presentation\">Todos los materiales atravesar\u00e1n por una revisi\u00f3n de pares ciegos. Estos res\u00famenes, <\/span><span dir=\"ltr\" role=\"presentation\">una vez aprobados y presentados en el encuentro, se publicar\u00e1n en actas con ISBN.<br \/>\n<\/span><br role=\"presentation\" \/><span dir=\"ltr\" role=\"presentation\">&gt;<\/span> <span dir=\"ltr\" role=\"presentation\">Simposio al que se suscribe: en Arial 11, may\u00fascula y min\u00fascula, normal, alineaci\u00f3n <\/span><span dir=\"ltr\" role=\"presentation\">central.<\/span><br role=\"presentation\" \/><span dir=\"ltr\" role=\"presentation\">&gt;<\/span> <span dir=\"ltr\" role=\"presentation\">T\u00edtulo: en Arial 12, May\u00fascula, negrita, alineaci\u00f3n central.<\/span><br role=\"presentation\" \/><span dir=\"ltr\" role=\"presentation\">&gt;<\/span> <span dir=\"ltr\" role=\"presentation\">Datos de lxs autorxs: en Arial 12, may\u00fascula y min\u00fascula, normal, alineaci\u00f3n central.<\/span><br role=\"presentation\" \/><span dir=\"ltr\" role=\"presentation\">&gt;<\/span> <span dir=\"ltr\" role=\"presentation\">Datos Universidad, Facultad y Unidad de Investigaci\u00f3n.<\/span><br role=\"presentation\" \/><span dir=\"ltr\" role=\"presentation\">&gt;<\/span> <span dir=\"ltr\" role=\"presentation\">Pa\u00eds.<\/span><br role=\"presentation\" \/><span dir=\"ltr\" role=\"presentation\">&gt;<\/span> <span dir=\"ltr\" role=\"presentation\">Cinco palabras clave.<\/span><br role=\"presentation\" \/><span dir=\"ltr\" role=\"presentation\">&gt;<\/span> <span dir=\"ltr\" role=\"presentation\">Resumen: Arial, cuerpo 11, interlineado: sencillo; justificaci\u00f3n: completa, sin tabula<\/span><span dir=\"ltr\" role=\"presentation\">ciones ni sangr\u00eda.<\/span><br role=\"presentation\" \/><span dir=\"ltr\" role=\"presentation\">&gt;<\/span> <span dir=\"ltr\" role=\"presentation\">Referencias bibliogr\u00e1ficas: Arial, cuerpo 11, interlineado: sencillo; justificaci\u00f3n: com<\/span><span dir=\"ltr\" role=\"presentation\">pleta, sin tabulaciones ni sangr\u00eda.<br \/>\n<\/span><br role=\"presentation\" \/><em><span dir=\"ltr\" role=\"presentation\">Ante cualquier duda con respecto a formas de citado o normas de presentaci\u00f3n, <\/span><span dir=\"ltr\" role=\"presentation\">sugerimos consultar las pautas que ofrece la editorial <a href=\"http:\/\/papelcosido.fba.unlp.edu.ar\/pautas.html\">Papel Cosido<\/a><\/span><\/em><span dir=\"ltr\" role=\"presentation\"><em>.<\/em><br \/>\n<\/span><br role=\"presentation\" \/><span style=\"color: #800000\"><strong><span dir=\"ltr\" role=\"presentation\">\/\/ Cronograma<\/span><\/strong><\/span><br role=\"presentation\" \/><span dir=\"ltr\" role=\"presentation\">Los trabajos ser\u00e1n enviados por correo electr\u00f3nico a la casilla de correo: <\/span><span dir=\"ltr\" role=\"presentation\">ciepaalfda@gmail.com hasta el d\u00eda 28 de agosto sin excepci\u00f3n.<br \/>\n<\/span><br role=\"presentation\" \/><strong><span dir=\"ltr\" role=\"presentation\">Convocatoria para abstracts:<\/span> <\/strong><span dir=\"ltr\" role=\"presentation\">3 de julio al 28 de agosto.<\/span><\/p>\n","protected":false},"excerpt":{"rendered":"<p>\/\/ Normas para ponencias Se aceptar\u00e1n ponencias en formato de res\u00famenes extendidos, de hasta 1.200 caracteres sin espacio, seg\u00fan normas de estilo para autorxs. Todos los materiales atravesar\u00e1n por una revisi\u00f3n de pares ciegos. Estos res\u00famenes, una vez aprobados y presentados en el encuentro, se publicar\u00e1n en actas con ISBN. &gt; Simposio al que se [&hellip;]<\/p>\n","protected":false},"author":2,"featured_media":0,"parent":0,"menu_order":0,"comment_status":"closed","ping_status":"closed","template":"","meta":{"advgb_blocks_editor_width":"","advgb_blocks_columns_visual_guide":"","footnotes":""},"class_list":["post-17","page","type-page","status-publish","hentry","post"],"aioseo_notices":[],"coauthors":[],"author_meta":{"author_link":"https:\/\/congresos.unlp.edu.ar\/ciepaal\/author\/congresos\/","display_name":"congresos"},"relative_dates":{"created":"Posted 3 a\u00f1os ago","modified":"Updated 3 a\u00f1os ago"},"absolute_dates":{"created":"Posted on 5 mayo, 2023","modified":"Updated on 1 julio, 2023"},"absolute_dates_time":{"created":"Posted on 5 mayo, 2023 10:00 am","modified":"Updated on 1 julio, 2023 12:56 am"},"featured_img_caption":"","featured_img":false,"series_order":"","_links":{"self":[{"href":"https:\/\/congresos.unlp.edu.ar\/ciepaal\/wp-json\/wp\/v2\/pages\/17","targetHints":{"allow":["GET"]}}],"collection":[{"href":"https:\/\/congresos.unlp.edu.ar\/ciepaal\/wp-json\/wp\/v2\/pages"}],"about":[{"href":"https:\/\/congresos.unlp.edu.ar\/ciepaal\/wp-json\/wp\/v2\/types\/page"}],"author":[{"embeddable":true,"href":"https:\/\/congresos.unlp.edu.ar\/ciepaal\/wp-json\/wp\/v2\/users\/2"}],"replies":[{"embeddable":true,"href":"https:\/\/congresos.unlp.edu.ar\/ciepaal\/wp-json\/wp\/v2\/comments?post=17"}],"version-history":[{"count":0,"href":"https:\/\/congresos.unlp.edu.ar\/ciepaal\/wp-json\/wp\/v2\/pages\/17\/revisions"}],"wp:attachment":[{"href":"https:\/\/congresos.unlp.edu.ar\/ciepaal\/wp-json\/wp\/v2\/media?parent=17"}],"curies":[{"name":"wp","href":"https:\/\/api.w.org\/{rel}","templated":true}]}}