{"id":5,"date":"2024-05-14T10:57:31","date_gmt":"2024-05-14T13:57:31","guid":{"rendered":"https:\/\/congresos.unlp.edu.ar\/cidear\/?page_id=5"},"modified":"2025-06-09T13:00:24","modified_gmt":"2025-06-09T16:00:24","slug":"inicio","status":"publish","type":"page","link":"https:\/\/congresos.unlp.edu.ar\/cidear\/","title":{"rendered":"Inicio"},"content":{"rendered":"<div id=\"pl-5\" class=\"panel-layout\">\n<div id=\"pg-5-0\" class=\"panel-grid panel-no-style\">\n<div id=\"pgc-5-0-0\" class=\"panel-grid-cell\" data-weight=\"1\">\n<div id=\"panel-5-0-0-0\" class=\"so-panel widget widget_siteorigin-panels-builder panel-first-child panel-last-child\" data-index=\"0\" data-style=\"{&quot;background&quot;:&quot;#ffffff&quot;,&quot;background_image_attachment&quot;:false,&quot;background_display&quot;:&quot;tile&quot;,&quot;background_image_size&quot;:&quot;full&quot;,&quot;background_image_opacity&quot;:&quot;100&quot;,&quot;border_thickness&quot;:&quot;1px&quot;,&quot;font_color&quot;:&quot;#000000&quot;}\">\n<div class=\"panel-widget-style panel-widget-style-for-5-0-0-0\">\n<div id=\"pl-w67b6414a14287\" class=\"panel-layout\">\n<div id=\"pg-w67b6414a14287-0\" class=\"panel-grid panel-no-style\">\n<div id=\"pgc-w67b6414a14287-0-0\" class=\"panel-grid-cell\" data-weight=\"1\">\n<div id=\"panel-w67b6414a14287-0-0-0\" class=\"so-panel widget widget_sow-editor panel-first-child panel-last-child\" data-index=\"0\">\n<div class=\"so-widget-sow-editor so-widget-sow-editor-base\">\n<div class=\"siteorigin-widget-tinymce textwidget\">\n<div class=\"so-widget-sow-editor so-widget-sow-editor-base\">\n<div class=\"siteorigin-widget-tinymce textwidget\">\n<h3><b>\/\/ \u00bfQu\u00e9 es el CIDEAR?\u00a0<\/b><\/h3>\n<p>Es un Congreso Internacional organizado por el Instituto de Investigaci\u00f3n en Producci\u00f3n y Ense\u00f1anza del Arte Argentino y Latinoamericano (IPEAL), dependiente de la Facultad de Artes (FDA), Universidad Nacional de La Plata (UNLP).<\/p>\n<p>La propuesta recupera los antecedentes del II Congreso Internacional de Ense\u00f1anza y Producci\u00f3n de las Artes en Am\u00e9rica Latina (CIEPAAL) y los an\u00e1lisis surgidos de los proyectos de investigaci\u00f3n radicados en el IPEAL que reflexionan sobre una de las l\u00edneas prioritarias establecidas en su constituci\u00f3n:<b> Arte y pedagog\u00eda.\u00a0\u00a0<\/b><\/p>\n<p>El encuentro se realiza con la intenci\u00f3n de promover la articulaci\u00f3n de investigaciones acerca de la ense\u00f1anza del arte en los niveles del sistema educativo y otros formatos de ense\u00f1anza; considerando la diversidad de corrientes pedag\u00f3gicas, sus influencias y trayectorias; los paradigmas y teor\u00edas del arte que se manifiestan en las distintas disciplinas y se articulan con la formaci\u00f3n de modelos pedag\u00f3gicos; los saberes a ser ense\u00f1ados; las pr\u00e1cticas pedag\u00f3gicas y sus formas de evaluaci\u00f3n as\u00ed como tambi\u00e9n, la vinculaci\u00f3n de los marcos te\u00f3ricos y metodol\u00f3gicos del arte con las teor\u00edas pedag\u00f3gicas latinoamericanas.<\/p>\n<p>&nbsp;<\/p>\n<\/div>\n<div class=\"siteorigin-widget-tinymce textwidget\">\n<h4 style=\"text-align: center\"><a href=\"http:\/\/sedici.unlp.edu.ar\/handle\/10915\/180197\"><strong>ACTAS DEL CONGRESO PUBLICADAS:<\/strong><\/a><\/h4>\n<p><a href=\"http:\/\/sedici.unlp.edu.ar\/handle\/10915\/180197\"><img loading=\"lazy\" decoding=\"async\" class=\"http:\/\/sedici.unlp.edu.ar\/handle\/10915\/180197 aligncenter wp-image-203\" title=\"http:\/\/sedici.unlp.edu.ar\/handle\/10915\/180197\" src=\"https:\/\/congresos.unlp.edu.ar\/cidear\/wp-content\/uploads\/sites\/86\/2025\/06\/Captura-desde-2025-06-09-12-57-37-300x175.png\" alt=\"http:\/\/sedici.unlp.edu.ar\/handle\/10915\/180197\" width=\"433\" height=\"253\" srcset=\"https:\/\/congresos.unlp.edu.ar\/cidear\/wp-content\/uploads\/sites\/86\/2025\/06\/Captura-desde-2025-06-09-12-57-37-300x175.png 300w, https:\/\/congresos.unlp.edu.ar\/cidear\/wp-content\/uploads\/sites\/86\/2025\/06\/Captura-desde-2025-06-09-12-57-37-768x448.png 768w, https:\/\/congresos.unlp.edu.ar\/cidear\/wp-content\/uploads\/sites\/86\/2025\/06\/Captura-desde-2025-06-09-12-57-37.png 848w\" sizes=\"auto, (max-width: 433px) 100vw, 433px\" \/><\/a><\/p>\n<p>&nbsp;<\/p>\n<h4><strong>INSTITUTO DE PRODUCCI\u00d3N Y ENSE\u00d1ANZA DEL ARTE ARGENTINO Y LATINOAMERICANO (IPEAL), FDA, UNLP.<\/strong><\/h4>\n<div class=\"entry-content\"><strong>Director:<\/strong> Dr. Daniel Belinche<br \/>\n<strong>Subdirectora:<\/strong> Prof. Mariel Ciafardo<br \/>\n<strong>Directora de Actividades Cient\u00edficas:<\/strong> Prof. Paula Sigismondo<\/div>\n<\/div>\n<\/div>\n<div><\/div>\n<div class=\"so-widget-sow-editor so-widget-sow-editor-base\">\n<div class=\"siteorigin-widget-tinymce textwidget\">\n<div class=\"entry-content\"><strong>Comit\u00e9 Acad\u00e9mico<\/strong><\/div>\n<div class=\"entry-content\">Dr. Daniel Belinche<br \/>\nProf. Mariel Ciafardo<br \/>\nLic. Silvia Garcia<br \/>\nDr. Eduardo Russo<br \/>\nProf. Gustavo Basso<br \/>\nProf. Marcela Mardones<br \/>\nProf. Fabio Benavidez<br \/>\nLic. Guillermina Valent<br \/>\nMag. Silvina Valesini<br \/>\nLic. Fernando Davis<br \/>\nLic. Graciana P\u00e9rez Lus<br \/>\nProf. Paula Sigismondo<br \/>\nEsp. Mait\u00e9 Rodriguez<\/div>\n<\/div>\n<\/div>\n<\/div>\n<\/div>\n<\/div>\n<\/div>\n<\/div>\n<\/div>\n<\/div>\n<\/div>\n<div><\/div>\n<div id=\"panel-5-0-0-0\" class=\"so-panel widget widget_siteorigin-panels-builder panel-first-child panel-last-child\" data-index=\"0\" data-style=\"{&quot;background&quot;:&quot;#ffffff&quot;,&quot;background_image_attachment&quot;:false,&quot;background_display&quot;:&quot;tile&quot;,&quot;background_image_size&quot;:&quot;full&quot;,&quot;background_image_opacity&quot;:&quot;100&quot;,&quot;border_thickness&quot;:&quot;1px&quot;,&quot;font_color&quot;:&quot;#000000&quot;}\">\n<div class=\"panel-widget-style panel-widget-style-for-5-0-0-0\">\n<div id=\"pl-w67b6414a14287\" class=\"panel-layout\">\n<div id=\"pg-w67b6414a14287-0\" class=\"panel-grid panel-no-style\">\n<div id=\"pgc-w67b6414a14287-0-0\" class=\"panel-grid-cell\" data-weight=\"1\">\n<div id=\"panel-w67b6414a14287-0-0-0\" class=\"so-panel widget widget_sow-editor panel-first-child panel-last-child\" data-index=\"0\">\n<div class=\"so-widget-sow-editor so-widget-sow-editor-base\">\n<div class=\"siteorigin-widget-tinymce textwidget\">\n<div class=\"so-widget-sow-editor so-widget-sow-editor-base\">\n<div class=\"siteorigin-widget-tinymce textwidget\">\n<div class=\"entry-content\"><strong>Comit\u00e9 Organizador<\/strong><\/div>\n<div class=\"entry-content\">Lic. Juan Velis<br \/>\nLic. Lucia Troiti\u00f1o<br \/>\nLic. Ver\u00f3nica Lucentini<br \/>\nLic. Clara Carl\u00f3n<br \/>\nLic. Betiana Burgardt<br \/>\nProf. Mnemo<br \/>\nLic. Eva Costello Noriega<br \/>\nLic. Zaira Allaltuni<br \/>\nLic. Lucas Yasar<br \/>\nLic. H\u00e9ctor Docters<\/div>\n<div>Prof. Elena Sedan<\/div>\n<div>Lic. Pilar Marchiano<\/div>\n<div>Lic. Daniela Leoni<\/div>\n<\/div>\n<\/div>\n<\/div>\n<\/div>\n<\/div>\n<\/div>\n<\/div>\n<\/div>\n<\/div>\n<\/div>\n<\/div>\n<\/div>\n<\/div>\n","protected":false},"excerpt":{"rendered":"<p>\/\/ \u00bfQu\u00e9 es el CIDEAR?\u00a0 Es un Congreso Internacional organizado por el Instituto de Investigaci\u00f3n en Producci\u00f3n y Ense\u00f1anza del Arte Argentino y Latinoamericano (IPEAL), dependiente de la Facultad de Artes (FDA), Universidad Nacional de La Plata (UNLP). La propuesta recupera los antecedentes del II Congreso Internacional de Ense\u00f1anza y Producci\u00f3n de las Artes en [&hellip;]<\/p>\n","protected":false},"author":202,"featured_media":0,"parent":0,"menu_order":0,"comment_status":"closed","ping_status":"closed","template":"home-panels.php","meta":{"advgb_blocks_editor_width":"","advgb_blocks_columns_visual_guide":"","footnotes":""},"class_list":["post-5","page","type-page","status-publish","hentry","post"],"aioseo_notices":[],"coauthors":[],"author_meta":{"author_link":"https:\/\/congresos.unlp.edu.ar\/cidear\/author\/ssoler\/","display_name":"ssoler"},"relative_dates":{"created":"Posted 2 a\u00f1os ago","modified":"Updated 11 meses ago"},"absolute_dates":{"created":"Posted on 14 mayo, 2024","modified":"Updated on 9 junio, 2025"},"absolute_dates_time":{"created":"Posted on 14 mayo, 2024 10:57 am","modified":"Updated on 9 junio, 2025 1:00 pm"},"featured_img_caption":"","featured_img":false,"series_order":"","jetpack_sharing_enabled":true,"_links":{"self":[{"href":"https:\/\/congresos.unlp.edu.ar\/cidear\/wp-json\/wp\/v2\/pages\/5","targetHints":{"allow":["GET"]}}],"collection":[{"href":"https:\/\/congresos.unlp.edu.ar\/cidear\/wp-json\/wp\/v2\/pages"}],"about":[{"href":"https:\/\/congresos.unlp.edu.ar\/cidear\/wp-json\/wp\/v2\/types\/page"}],"author":[{"embeddable":true,"href":"https:\/\/congresos.unlp.edu.ar\/cidear\/wp-json\/wp\/v2\/users\/202"}],"replies":[{"embeddable":true,"href":"https:\/\/congresos.unlp.edu.ar\/cidear\/wp-json\/wp\/v2\/comments?post=5"}],"version-history":[{"count":0,"href":"https:\/\/congresos.unlp.edu.ar\/cidear\/wp-json\/wp\/v2\/pages\/5\/revisions"}],"wp:attachment":[{"href":"https:\/\/congresos.unlp.edu.ar\/cidear\/wp-json\/wp\/v2\/media?parent=5"}],"curies":[{"name":"wp","href":"https:\/\/api.w.org\/{rel}","templated":true}]}}