{"id":13,"date":"2024-05-14T11:04:13","date_gmt":"2024-05-14T14:04:13","guid":{"rendered":"https:\/\/congresos.unlp.edu.ar\/cidear\/?page_id=13"},"modified":"2025-02-18T13:44:23","modified_gmt":"2025-02-18T16:44:23","slug":"comites","status":"publish","type":"page","link":"https:\/\/congresos.unlp.edu.ar\/cidear\/comites\/","title":{"rendered":"\/\/ Inscripci\u00f3n"},"content":{"rendered":"<div id=\"pl-13\" class=\"panel-layout\">\n<div id=\"pg-13-0\" class=\"panel-grid panel-no-style\" data-style=\"{&quot;background_image_attachment&quot;:false,&quot;background_display&quot;:&quot;tile&quot;,&quot;background_image_size&quot;:&quot;full&quot;,&quot;background_image_opacity&quot;:&quot;100&quot;,&quot;border_thickness&quot;:&quot;1px&quot;,&quot;full_height&quot;:&quot;&quot;,&quot;cell_alignment&quot;:&quot;flex-start&quot;}\">\n<div id=\"pgc-13-0-0\" class=\"panel-grid-cell\" data-weight=\"1\">\n<div id=\"panel-13-0-0-0\" class=\"so-panel widget widget_sow-editor panel-first-child panel-last-child\" data-index=\"0\" data-style=\"{&quot;background&quot;:&quot;#ffffff&quot;,&quot;background_image_attachment&quot;:false,&quot;background_display&quot;:&quot;tile&quot;,&quot;background_image_size&quot;:&quot;full&quot;,&quot;background_image_opacity&quot;:&quot;100&quot;,&quot;border_thickness&quot;:&quot;1px&quot;,&quot;box_shadow&quot;:true,&quot;box_shadow_color&quot;:&quot;#dd9292&quot;,&quot;box_shadow_inset&quot;:&quot;&quot;,&quot;box_shadow_offset_horizontal&quot;:&quot;&quot;,&quot;box_shadow_offset_vertical&quot;:&quot;5px&quot;,&quot;box_shadow_blur&quot;:&quot;15px&quot;,&quot;box_shadow_hover&quot;:true,&quot;box_shadow_hover_color&quot;:&quot;#dd7575&quot;,&quot;box_shadow_hover_inset&quot;:&quot;&quot;,&quot;box_shadow_hover_offset_horizontal&quot;:&quot;&quot;,&quot;box_shadow_hover_offset_vertical&quot;:&quot;5px&quot;,&quot;box_shadow_hover_blur&quot;:&quot;15px&quot;,&quot;font_color&quot;:&quot;#000000&quot;}\">\n<div class=\"panel-widget-style panel-widget-style-for-13-0-0-0\">\n<div class=\"so-widget-sow-editor so-widget-sow-editor-base\">\n<div class=\"siteorigin-widget-tinymce textwidget\">\n<h4><strong>\/\/ PONENTES<\/strong><\/h4>\n<h5>Se encuentra disponible el bot\u00f3n de pago en el que se deber\u00e1 abonar el costo de inscripci\u00f3n de sus ponencias en el <strong>Congreso Internacional de Educaci\u00f3n Art\u00edstica<\/strong>. Estar\u00e1 habilitado hasta el d\u00eda <strong>28 de marzo de 2025 (sin excepci\u00f3n).<\/strong><\/h5>\n<p>&nbsp;<\/p>\n<h5><b>\/\/\u00a0<\/b><b>ARANCEL:<\/b><\/h5>\n<div>\n<h5 dir=\"ltr\">Expositores nacionales: $ 10.000<\/h5>\n<h5 dir=\"ltr\">Expositores internacionales: US$15<\/h5>\n<h5 dir=\"ltr\">Becarixs UNLP: sin costo<\/h5>\n<p>&nbsp;<\/p>\n<\/div>\n<\/div>\n<p dir=\"ltr\">\n<\/div>\n<\/div>\n<\/div>\n<\/div>\n<\/div>\n<h5><strong>Publicaci\u00f3n Expositores nacionales (pesos)<\/strong><\/h5>\n<h5><a href=\"https:\/\/pagos.unlp.edu.ar\/publicacion-activa\/814d7b86\">https:\/\/pagos.unlp.edu.ar\/publicacion-activa\/814d7b86<\/a><\/h5>\n<h5><\/h5>\n<h5><strong>Expositores internacionales (u$s)<\/strong><\/h5>\n<h5><a href=\"https:\/\/pagos.unlp.edu.ar\/publicacion-activa\/ce53e8d9\">https:\/\/pagos.unlp.edu.ar\/publicacion-activa\/ce53e8d9<\/a><\/h5>\n<p>&nbsp;<\/p>\n<h5><\/h5>\n<h5>Solicitamos tengan a bien realizar una<strong> captura del comprobante de pago<\/strong> y <strong>cargar el mismo en el siguiente link: <a href=\"https:\/\/forms.gle\/TMFFpPjmaCEQAnkL6\">FORMULARIO INSCRIPCI\u00d3N PONENTES\u00a0<\/a><\/strong><\/h5>\n<h5>En el caso de que el pago de la ponencia se realice con fondos pertenecientes a subsidios de Proyectos I+D de la Facultad de Artes, adjuntar la nota de solicitud que deben presentar en nuestra Facultad para solicitar dicha gesti\u00f3n.<\/h5>\n<p>&nbsp;<\/p>\n<h5><\/h5>\n<\/div>\n<h4><strong>\/\/ASISTENTES<\/strong><\/h4>\n<h5>Tenemos el agrado de invitarlos a participar como <strong>ASISTENTES<\/strong> al <strong>Congreso Internacional de Educaci\u00f3n Art\u00edstica (CIDEAR)<\/strong> organizado por el <strong>Instituto de Investigaci\u00f3n en Producci\u00f3n y Ense\u00f1anza del Arte Argentino y Latinoamericano (IPEAL)<\/strong>, dependiente de la <strong>Facultad de Artes, Universidad Nacional de La Plata<\/strong>.<\/h5>\n<h5>El mismo se llevar\u00e1 a cabo del 19 al 21 de marzo de 2025. Esta primera edici\u00f3n se presenta con una convocatoria por <strong>MESAS TEM\u00c1TICAS<\/strong>.<\/h5>\n<h5>Les invitamos a conocer el<a href=\"https:\/\/drive.google.com\/file\/d\/1xlQhWyaA_Yja6RgSkJtXKXpd0pJ-VZG1\/view?usp=sharing\"><strong> Programa<\/strong><\/a> del Congreso.<\/h5>\n<div id=\"pl-13\" class=\"panel-layout\">\n<div id=\"pg-13-0\" class=\"panel-grid panel-no-style\" data-style=\"{&quot;background_image_attachment&quot;:false,&quot;background_display&quot;:&quot;tile&quot;,&quot;background_image_size&quot;:&quot;full&quot;,&quot;background_image_opacity&quot;:&quot;100&quot;,&quot;border_thickness&quot;:&quot;1px&quot;,&quot;full_height&quot;:&quot;&quot;,&quot;cell_alignment&quot;:&quot;flex-start&quot;}\">\n<div id=\"pgc-13-0-0\" class=\"panel-grid-cell\" data-weight=\"1\">\n<div id=\"panel-13-0-0-0\" class=\"so-panel widget widget_sow-editor panel-first-child panel-last-child\" data-index=\"0\" data-style=\"{&quot;background&quot;:&quot;#ffffff&quot;,&quot;background_image_attachment&quot;:false,&quot;background_display&quot;:&quot;tile&quot;,&quot;background_image_size&quot;:&quot;full&quot;,&quot;background_image_opacity&quot;:&quot;100&quot;,&quot;border_thickness&quot;:&quot;1px&quot;,&quot;box_shadow&quot;:true,&quot;box_shadow_color&quot;:&quot;#dd9292&quot;,&quot;box_shadow_inset&quot;:&quot;&quot;,&quot;box_shadow_offset_horizontal&quot;:&quot;&quot;,&quot;box_shadow_offset_vertical&quot;:&quot;5px&quot;,&quot;box_shadow_blur&quot;:&quot;15px&quot;,&quot;box_shadow_hover&quot;:true,&quot;box_shadow_hover_color&quot;:&quot;#dd7575&quot;,&quot;box_shadow_hover_inset&quot;:&quot;&quot;,&quot;box_shadow_hover_offset_horizontal&quot;:&quot;&quot;,&quot;box_shadow_hover_offset_vertical&quot;:&quot;5px&quot;,&quot;box_shadow_hover_blur&quot;:&quot;15px&quot;,&quot;font_color&quot;:&quot;#000000&quot;}\">\n<div class=\"panel-widget-style panel-widget-style-for-13-0-0-0\">\n<div class=\"so-widget-sow-editor so-widget-sow-editor-base\">\n<div class=\"siteorigin-widget-tinymce textwidget\">\n<h5>El registro se realizar\u00e1 mediante formulario, disponible en el siguiente link: <a href=\"https:\/\/forms.gle\/sL8p6mDV9x3oQ64JA\"><strong>FORMULARIO INSCRIPCI\u00d3N DE ASISTENCIA<\/strong><\/a><\/h5>\n<h5><strong>\/\/ ARANCEL:<\/strong><\/h5>\n<h5>Asistentes: sin costo<\/h5>\n<h5 style=\"text-align: left\"><span class=\"JCzEY tNxQIb\"><span class=\"CSkcDe\">\u00a0\u00a0\u00a0\u00a0\u00a0\u00a0\u00a0\u00a0\u00a0\u00a0\u00a0\u00a0\u00a0\u00a0\u00a0\u00a0\u00a0\u00a0\u00a0\u00a0\u00a0\u00a0\u00a0\u00a0\u00a0\u00a0\u00a0\u00a0\u00a0\u00a0\u00a0 \u2b07<\/span><\/span><span class=\"JCzEY tNxQIb\"><span class=\"CSkcDe\">\u2b07<\/span><\/span><span class=\"JCzEY tNxQIb\"><span class=\"CSkcDe\">\u2b07<\/span><\/span><\/h5>\n<p><a href=\"https:\/\/drive.google.com\/file\/d\/1VaIUWH7Un6z7HFHDz9W8CXiCCMpw7vEt\/view?usp=sharing\"><img loading=\"lazy\" decoding=\"async\" class=\"alignleft wp-image-111 size-medium\" src=\"https:\/\/congresos.unlp.edu.ar\/cidear\/wp-content\/uploads\/sites\/86\/2024\/05\/Captura-desde-2024-05-22-13-21-30-300x173.png\" alt=\"\" width=\"300\" height=\"173\" srcset=\"https:\/\/congresos.unlp.edu.ar\/cidear\/wp-content\/uploads\/sites\/86\/2024\/05\/Captura-desde-2024-05-22-13-21-30-300x173.png 300w, https:\/\/congresos.unlp.edu.ar\/cidear\/wp-content\/uploads\/sites\/86\/2024\/05\/Captura-desde-2024-05-22-13-21-30.png 478w\" sizes=\"auto, (max-width: 300px) 100vw, 300px\" \/><\/a><\/p>\n<\/div>\n<\/div>\n<\/div>\n<\/div>\n<\/div>\n<\/div>\n<\/div>\n","protected":false},"excerpt":{"rendered":"<p>\/\/ PONENTES Se encuentra disponible el bot\u00f3n de pago en el que se deber\u00e1 abonar el costo de inscripci\u00f3n de sus ponencias en el Congreso Internacional de Educaci\u00f3n Art\u00edstica. Estar\u00e1 habilitado hasta el d\u00eda 28 de marzo de 2025 (sin excepci\u00f3n). &nbsp; \/\/\u00a0ARANCEL: Expositores nacionales: $ 10.000 Expositores internacionales: US$15 Becarixs UNLP: sin costo &nbsp; [&hellip;]<\/p>\n","protected":false},"author":202,"featured_media":0,"parent":0,"menu_order":0,"comment_status":"closed","ping_status":"closed","template":"","meta":{"advgb_blocks_editor_width":"","advgb_blocks_columns_visual_guide":"","footnotes":""},"class_list":["post-13","page","type-page","status-publish","hentry","post"],"aioseo_notices":[],"coauthors":[],"author_meta":{"author_link":"https:\/\/congresos.unlp.edu.ar\/cidear\/author\/ssoler\/","display_name":"ssoler"},"relative_dates":{"created":"Posted 2 a\u00f1os ago","modified":"Updated 1 a\u00f1o ago"},"absolute_dates":{"created":"Posted on 14 mayo, 2024","modified":"Updated on 18 febrero, 2025"},"absolute_dates_time":{"created":"Posted on 14 mayo, 2024 11:04 am","modified":"Updated on 18 febrero, 2025 1:44 pm"},"featured_img_caption":"","featured_img":false,"series_order":"","jetpack_sharing_enabled":true,"_links":{"self":[{"href":"https:\/\/congresos.unlp.edu.ar\/cidear\/wp-json\/wp\/v2\/pages\/13","targetHints":{"allow":["GET"]}}],"collection":[{"href":"https:\/\/congresos.unlp.edu.ar\/cidear\/wp-json\/wp\/v2\/pages"}],"about":[{"href":"https:\/\/congresos.unlp.edu.ar\/cidear\/wp-json\/wp\/v2\/types\/page"}],"author":[{"embeddable":true,"href":"https:\/\/congresos.unlp.edu.ar\/cidear\/wp-json\/wp\/v2\/users\/202"}],"replies":[{"embeddable":true,"href":"https:\/\/congresos.unlp.edu.ar\/cidear\/wp-json\/wp\/v2\/comments?post=13"}],"version-history":[{"count":0,"href":"https:\/\/congresos.unlp.edu.ar\/cidear\/wp-json\/wp\/v2\/pages\/13\/revisions"}],"wp:attachment":[{"href":"https:\/\/congresos.unlp.edu.ar\/cidear\/wp-json\/wp\/v2\/media?parent=13"}],"curies":[{"name":"wp","href":"https:\/\/api.w.org\/{rel}","templated":true}]}}